{"id":64,"date":"2020-11-20T00:26:52","date_gmt":"2020-11-20T00:26:52","guid":{"rendered":"https:\/\/o5go.com\/playlisty\/?page_id=64"},"modified":"2020-12-06T15:52:46","modified_gmt":"2020-12-06T15:52:46","slug":"s","status":"publish","type":"page","link":"https:\/\/o5go.com\/playlisty\/s\/","title":{"rendered":"S"},"content":{"rendered":"\n<h2 class=\"wp-block-heading\">Playlisty i YouTube Mixy rozpoczynaj\u0105ce si\u0119 od litery: S<\/h2>\n\n\n\n<h2 class=\"wp-block-heading\">Sanah &#8211; playlista<\/h2>\n\n\n\n<p><a href=\"https:\/\/m.youtube.com\/results?search_query=Sanah+Playlist\">https:\/\/m.youtube.com\/results?search_query=Sanah+Playlist<\/a><\/p>\n\n\n\n<h2 class=\"wp-block-heading\">Sarsa &#8211; playlists<\/h2>\n\n\n\n<p><a href=\"https:\/\/m.youtube.com\/results?search_query=Sarsa+Playlist\">https:\/\/m.youtube.com\/results?search_query=Sarsa+Playlist<\/a><\/p>\n\n\n\n<h2 class=\"wp-block-heading\">Seweryn Krajewski \u2013 Playlista<\/h2>\n\n\n\n<p><a href=\"https:\/\/m.youtube.com\/results?search_query=Seweryn+Krajewski+Playlist\">https:\/\/m.youtube.com\/results?search_query=Seweryn+Krajewski+Playlist<\/a><\/p>\n\n\n\n<h2 class=\"wp-block-heading\"><strong>Shellerini<\/strong> &#8211; playlista<\/h2>\n\n\n\n<p><a href=\"https:\/\/m.youtube.com\/results?search_query=Shellerini+playlist\">https:\/\/m.youtube.com\/results?search_query=Shellerini+playlist<\/a><\/p>\n\n\n\n<h2 class=\"wp-block-heading\">Sidney Polak &#8211; playlista<\/h2>\n\n\n\n<p><a href=\"https:\/\/m.youtube.com\/results?search_query=Sidney+Polak+Playlist\">https:\/\/m.youtube.com\/results?search_query=Sidney+Polak+Playlist<\/a><\/p>\n\n\n\n<h2 class=\"wp-block-heading\">Skaldowie \u2013 Playlista<\/h2>\n\n\n\n<p><a href=\"https:\/\/m.youtube.com\/results?search_query=Skaldowie+Playlist\">https:\/\/m.youtube.com\/results?search_query=Skaldowie+Playlist<\/a><\/p>\n\n\n\n<h2 class=\"wp-block-heading\">Slums Attack &#8211; playlista<\/h2>\n\n\n\n<p><a href=\"https:\/\/m.youtube.com\/results?search_query=Slums+Attack+playlist\">https:\/\/m.youtube.com\/results?search_query=Slums+Attack+playlist<\/a><\/p>\n\n\n\n<h2 class=\"wp-block-heading\">S\u0142awa Przybylska \u2013 Playlista<\/h2>\n\n\n\n<p><a href=\"https:\/\/m.youtube.com\/results?search_query=S\u0142awa+Przybylska+Playlist\">https:\/\/m.youtube.com\/results?search_query=S\u0142awa+Przybylska+Playlist<\/a><\/p>\n\n\n\n<h2 class=\"wp-block-heading\">S\u0142awek Wierzcholski \u2013 Playlista<\/h2>\n\n\n\n<p><a href=\"https:\/\/m.youtube.com\/results?search_query=S\u0142awek+Wierzcholski+Playlist\">https:\/\/m.youtube.com\/results?search_query=S\u0142awek+Wierzcholski+Playlist<\/a><\/p>\n\n\n\n<h2 class=\"wp-block-heading\">S\u0142o\u0144 &#8211; playlista<\/h2>\n\n\n\n<p><a href=\"https:\/\/m.youtube.com\/results?search_query=S\u0142o\u0144+playlist\">https:\/\/m.youtube.com\/results?search_query=S\u0142o\u0144+playlist<\/a><\/p>\n\n\n\n<h2 class=\"wp-block-heading\"><strong>S\u0142o\u0144 &amp; Mikser<\/strong> &#8211; playlista<\/h2>\n\n\n\n<p><a href=\"https:\/\/m.youtube.com\/results?search_query=S\u0142o\u0144+%26+Mikser+playlist\">https:\/\/m.youtube.com\/results?search_query=S\u0142o\u0144+%26+Mikser+playlist<\/a><\/p>\n\n\n\n<h2 class=\"wp-block-heading\">Smolik &#8211; playlista<\/h2>\n\n\n\n<p><a href=\"https:\/\/m.youtube.com\/results?search_query=Smolik+playlist\">https:\/\/m.youtube.com\/results?search_query=Smolik+playlist<\/a><\/p>\n\n\n\n<h2 class=\"wp-block-heading\">Sobota &#8211; playlista<\/h2>\n\n\n\n<p><a href=\"https:\/\/m.youtube.com\/results?search_query=Sobota+playlist\">https:\/\/m.youtube.com\/results?search_query=Sobota+playlist<\/a><\/p>\n\n\n\n<h2 class=\"wp-block-heading\"><strong>Sok\u00f3\u0142<\/strong> &#8211; playlista<\/h2>\n\n\n\n<p><a href=\"https:\/\/m.youtube.com\/results?search_query=Sok\u00f3\u0142+playlist\">https:\/\/m.youtube.com\/results?search_query=Sok\u00f3\u0142+playlist<\/a><\/p>\n\n\n\n<h2 class=\"wp-block-heading\">Sound&#8217;n&#8217;Grace &#8211; playlista<\/h2>\n\n\n\n<p><a href=\"https:\/\/m.youtube.com\/results?search_query=Sound%27n%27Grace+playlist\">https:\/\/m.youtube.com\/results?search_query=Sound%27n%27Grace+playlist<\/a><\/p>\n\n\n\n<h2 class=\"wp-block-heading\"><strong>South Blunt System<\/strong> &#8211; playlista<\/h2>\n\n\n\n<p><a href=\"https:\/\/m.youtube.com\/results?search_query=South+Blunt+System+playlist\">https:\/\/m.youtube.com\/results?search_query=South+Blunt+System+playlist<\/a><\/p>\n\n\n\n<h2 class=\"wp-block-heading\">Stan Borys \u2013 Playlista<\/h2>\n\n\n\n<p><a href=\"https:\/\/m.youtube.com\/results?search_query=Stan+Borys+Playlist\">https:\/\/m.youtube.com\/results?search_query=Stan+Borys+Playlist<\/a><\/p>\n\n\n\n<h2 class=\"wp-block-heading\">Stanis\u0142aw Soyka \u2013 Playlista<\/h2>\n\n\n\n<p><a href=\"https:\/\/m.youtube.com\/results?search_query=Stanis\u0142aw+Soyka+Playlist\">https:\/\/m.youtube.com\/results?search_query=Stanis\u0142aw+Soyka+Playlist<\/a><\/p>\n\n\n\n<h2 class=\"wp-block-heading\">Star Guard Muffin &#8211; playlista<\/h2>\n\n\n\n<p><a href=\"https:\/\/m.youtube.com\/results?search_query=Star+Guard+Muffin+playlist\">https:\/\/m.youtube.com\/results?search_query=Star+Guard+Muffin+playlist<\/a><\/p>\n\n\n\n<h2 class=\"wp-block-heading\">Stare Dobre Ma\u0142\u017ce\u0144stwo &#8211; SDM \u2013 Playlista<\/h2>\n\n\n\n<p><a href=\"https:\/\/m.youtube.com\/results?search_query=Stare+Dobre+Ma\u0142\u017ce\u0144stwo+Playlist\">https:\/\/m.youtube.com\/results?search_query=Stare+Dobre+Ma\u0142\u017ce\u0144stwo+Playlist<\/a><\/p>\n\n\n\n<h2 class=\"wp-block-heading\">Stasiek Wielanek \u2013 Playlista<\/h2>\n\n\n\n<p><a href=\"https:\/\/m.youtube.com\/results?search_query=Stasiek+Wielanek+Playlist\">https:\/\/m.youtube.com\/results?search_query=Stasiek+Wielanek+Playlist<\/a><\/p>\n\n\n\n<h2 class=\"wp-block-heading\">Strachy Na Lachy &#8211; playlista<\/h2>\n\n\n\n<p><a href=\"https:\/\/m.youtube.com\/results?search_query=Strachy+Na+Lachy+Playlist\">https:\/\/m.youtube.com\/results?search_query=Strachy+Na+Lachy+Playlist<\/a><\/p>\n\n\n\n<h2 class=\"wp-block-heading\"><strong>Studio Accantus<\/strong> &#8211; playlist<\/h2>\n\n\n\n<p><a href=\"https:\/\/m.youtube.com\/results?search_query=Studio+Accantus+playlist\">https:\/\/m.youtube.com\/results?search_query=Studio+Accantus+playlist<\/a><\/p>\n\n\n\n<h2 class=\"wp-block-heading\">Sylwia Grzeszczak &#8211; playlist<\/h2>\n\n\n\n<p><a href=\"https:\/\/m.youtube.com\/results?search_query=Sylwia+Grzeszczak+playlist\">https:\/\/m.youtube.com\/results?search_query=Sylwia+Grzeszczak+playlist<\/a><\/p>\n\n\n\n<h2 class=\"wp-block-heading\">Sztywny Pal Azji \u2013 Playlista<\/h2>\n\n\n\n<p><a href=\"https:\/\/m.youtube.com\/results?search_query=Sztywny+Pal+Azji+Playlist\">https:\/\/m.youtube.com\/results?search_query=Sztywny+Pal+Azji+Playlist<\/a><\/p>\n\n\n\n<h2 class=\"wp-block-heading\">Szwagierkolaska &#8211; Playlista<\/h2>\n\n\n\n<p><a href=\"https:\/\/m.youtube.com\/results?search_query=Szwagierkolaska+playlist\">https:\/\/m.youtube.com\/results?search_query=Szwagierkolaska+playlist<\/a><\/p>\n\n\n\n<h2 class=\"wp-block-heading\">Szymon Chodyniecki &#8211; playlista<\/h2>\n\n\n\n<p><a href=\"https:\/\/m.youtube.com\/results?search_query=Szymon+Chodyniecki+playlist\">https:\/\/m.youtube.com\/results?search_query=Szymon+Chodyniecki+playlist<\/a><\/p>\n","protected":false},"excerpt":{"rendered":"<p>Playlisty i YouTube Mixy rozpoczynaj\u0105ce si\u0119 od litery: S Sanah &#8211; playlista https:\/\/m.youtube.com\/results?search_query=Sanah+Playlist Sarsa &#8211; playlists https:\/\/m.youtube.com\/results?search_query=Sarsa+Playlist Seweryn Krajewski \u2013 Playlista https:\/\/m.youtube.com\/results?search_query=Seweryn+Krajewski+Playlist Shellerini &#8211; playlista https:\/\/m.youtube.com\/results?search_query=Shellerini+playlist Sidney Polak &#8211; playlista https:\/\/m.youtube.com\/results?search_query=Sidney+Polak+Playlist Skaldowie \u2013 Playlista https:\/\/m.youtube.com\/results?search_query=Skaldowie+Playlist Slums Attack &#8211; playlista https:\/\/m.youtube.com\/results?search_query=Slums+Attack+playlist S\u0142awa Przybylska \u2013 Playlista https:\/\/m.youtube.com\/results?search_query=S\u0142awa+Przybylska+Playlist S\u0142awek Wierzcholski \u2013 Playlista https:\/\/m.youtube.com\/results?search_query=S\u0142awek+Wierzcholski+Playlist S\u0142o\u0144 &#8211; playlista https:\/\/m.youtube.com\/results?search_query=S\u0142o\u0144+playlist S\u0142o\u0144 [&hellip;]<\/p>\n","protected":false},"author":1,"featured_media":0,"parent":0,"menu_order":0,"comment_status":"closed","ping_status":"closed","template":"","meta":{"footnotes":""},"class_list":["post-64","page","type-page","status-publish","hentry"],"yoast_head":"<!-- This site is optimized with the Yoast SEO plugin v20.9 - https:\/\/yoast.com\/wordpress\/plugins\/seo\/ -->\n<title>S - o5go.com\/playlisty<\/title>\n<meta name=\"robots\" content=\"index, follow, max-snippet:-1, max-image-preview:large, max-video-preview:-1\" \/>\n<link rel=\"canonical\" href=\"https:\/\/o5go.com\/playlisty\/s\/\" \/>\n<meta property=\"og:locale\" content=\"pl_PL\" \/>\n<meta property=\"og:type\" content=\"article\" \/>\n<meta property=\"og:title\" content=\"S - o5go.com\/playlisty\" \/>\n<meta property=\"og:description\" content=\"Playlisty i YouTube Mixy rozpoczynaj\u0105ce si\u0119 od litery: S Sanah &#8211; playlista https:\/\/m.youtube.com\/results?search_query=Sanah+Playlist Sarsa &#8211; playlists https:\/\/m.youtube.com\/results?search_query=Sarsa+Playlist Seweryn Krajewski \u2013 Playlista https:\/\/m.youtube.com\/results?search_query=Seweryn+Krajewski+Playlist Shellerini &#8211; playlista https:\/\/m.youtube.com\/results?search_query=Shellerini+playlist Sidney Polak &#8211; playlista https:\/\/m.youtube.com\/results?search_query=Sidney+Polak+Playlist Skaldowie \u2013 Playlista https:\/\/m.youtube.com\/results?search_query=Skaldowie+Playlist Slums Attack &#8211; playlista https:\/\/m.youtube.com\/results?search_query=Slums+Attack+playlist S\u0142awa Przybylska \u2013 Playlista https:\/\/m.youtube.com\/results?search_query=S\u0142awa+Przybylska+Playlist S\u0142awek Wierzcholski \u2013 Playlista https:\/\/m.youtube.com\/results?search_query=S\u0142awek+Wierzcholski+Playlist S\u0142o\u0144 &#8211; playlista https:\/\/m.youtube.com\/results?search_query=S\u0142o\u0144+playlist S\u0142o\u0144 [&hellip;]\" \/>\n<meta property=\"og:url\" content=\"https:\/\/o5go.com\/playlisty\/s\/\" \/>\n<meta property=\"og:site_name\" content=\"o5go.com\/playlisty\" \/>\n<meta property=\"article:modified_time\" content=\"2020-12-06T15:52:46+00:00\" \/>\n<meta name=\"twitter:card\" content=\"summary_large_image\" \/>\n<meta name=\"twitter:label1\" content=\"Szacowany czas czytania\" \/>\n\t<meta name=\"twitter:data1\" content=\"2 minuty\" \/>\n<script type=\"application\/ld+json\" class=\"yoast-schema-graph\">{\"@context\":\"https:\/\/schema.org\",\"@graph\":[{\"@type\":\"WebPage\",\"@id\":\"https:\/\/o5go.com\/playlisty\/s\/\",\"url\":\"https:\/\/o5go.com\/playlisty\/s\/\",\"name\":\"S - o5go.com\/playlisty\",\"isPartOf\":{\"@id\":\"https:\/\/o5go.com\/playlisty\/#website\"},\"datePublished\":\"2020-11-20T00:26:52+00:00\",\"dateModified\":\"2020-12-06T15:52:46+00:00\",\"breadcrumb\":{\"@id\":\"https:\/\/o5go.com\/playlisty\/s\/#breadcrumb\"},\"inLanguage\":\"pl-PL\",\"potentialAction\":[{\"@type\":\"ReadAction\",\"target\":[\"https:\/\/o5go.com\/playlisty\/s\/\"]}]},{\"@type\":\"BreadcrumbList\",\"@id\":\"https:\/\/o5go.com\/playlisty\/s\/#breadcrumb\",\"itemListElement\":[{\"@type\":\"ListItem\",\"position\":1,\"name\":\"Home\",\"item\":\"https:\/\/o5go.com\/playlisty\/\"},{\"@type\":\"ListItem\",\"position\":2,\"name\":\"S\"}]},{\"@type\":\"WebSite\",\"@id\":\"https:\/\/o5go.com\/playlisty\/#website\",\"url\":\"https:\/\/o5go.com\/playlisty\/\",\"name\":\"o5go.com\/playlisty\",\"description\":\"Playlisty na YouTube.com\",\"potentialAction\":[{\"@type\":\"SearchAction\",\"target\":{\"@type\":\"EntryPoint\",\"urlTemplate\":\"https:\/\/o5go.com\/playlisty\/?s={search_term_string}\"},\"query-input\":\"required name=search_term_string\"}],\"inLanguage\":\"pl-PL\"}]}<\/script>\n<!-- \/ Yoast SEO plugin. -->","yoast_head_json":{"title":"S - o5go.com\/playlisty","robots":{"index":"index","follow":"follow","max-snippet":"max-snippet:-1","max-image-preview":"max-image-preview:large","max-video-preview":"max-video-preview:-1"},"canonical":"https:\/\/o5go.com\/playlisty\/s\/","og_locale":"pl_PL","og_type":"article","og_title":"S - o5go.com\/playlisty","og_description":"Playlisty i YouTube Mixy rozpoczynaj\u0105ce si\u0119 od litery: S Sanah &#8211; playlista https:\/\/m.youtube.com\/results?search_query=Sanah+Playlist Sarsa &#8211; playlists https:\/\/m.youtube.com\/results?search_query=Sarsa+Playlist Seweryn Krajewski \u2013 Playlista https:\/\/m.youtube.com\/results?search_query=Seweryn+Krajewski+Playlist Shellerini &#8211; playlista https:\/\/m.youtube.com\/results?search_query=Shellerini+playlist Sidney Polak &#8211; playlista https:\/\/m.youtube.com\/results?search_query=Sidney+Polak+Playlist Skaldowie \u2013 Playlista https:\/\/m.youtube.com\/results?search_query=Skaldowie+Playlist Slums Attack &#8211; playlista https:\/\/m.youtube.com\/results?search_query=Slums+Attack+playlist S\u0142awa Przybylska \u2013 Playlista https:\/\/m.youtube.com\/results?search_query=S\u0142awa+Przybylska+Playlist S\u0142awek Wierzcholski \u2013 Playlista https:\/\/m.youtube.com\/results?search_query=S\u0142awek+Wierzcholski+Playlist S\u0142o\u0144 &#8211; playlista https:\/\/m.youtube.com\/results?search_query=S\u0142o\u0144+playlist S\u0142o\u0144 [&hellip;]","og_url":"https:\/\/o5go.com\/playlisty\/s\/","og_site_name":"o5go.com\/playlisty","article_modified_time":"2020-12-06T15:52:46+00:00","twitter_card":"summary_large_image","twitter_misc":{"Szacowany czas czytania":"2 minuty"},"schema":{"@context":"https:\/\/schema.org","@graph":[{"@type":"WebPage","@id":"https:\/\/o5go.com\/playlisty\/s\/","url":"https:\/\/o5go.com\/playlisty\/s\/","name":"S - o5go.com\/playlisty","isPartOf":{"@id":"https:\/\/o5go.com\/playlisty\/#website"},"datePublished":"2020-11-20T00:26:52+00:00","dateModified":"2020-12-06T15:52:46+00:00","breadcrumb":{"@id":"https:\/\/o5go.com\/playlisty\/s\/#breadcrumb"},"inLanguage":"pl-PL","potentialAction":[{"@type":"ReadAction","target":["https:\/\/o5go.com\/playlisty\/s\/"]}]},{"@type":"BreadcrumbList","@id":"https:\/\/o5go.com\/playlisty\/s\/#breadcrumb","itemListElement":[{"@type":"ListItem","position":1,"name":"Home","item":"https:\/\/o5go.com\/playlisty\/"},{"@type":"ListItem","position":2,"name":"S"}]},{"@type":"WebSite","@id":"https:\/\/o5go.com\/playlisty\/#website","url":"https:\/\/o5go.com\/playlisty\/","name":"o5go.com\/playlisty","description":"Playlisty na YouTube.com","potentialAction":[{"@type":"SearchAction","target":{"@type":"EntryPoint","urlTemplate":"https:\/\/o5go.com\/playlisty\/?s={search_term_string}"},"query-input":"required name=search_term_string"}],"inLanguage":"pl-PL"}]}},"_links":{"self":[{"href":"https:\/\/o5go.com\/playlisty\/wp-json\/wp\/v2\/pages\/64","targetHints":{"allow":["GET"]}}],"collection":[{"href":"https:\/\/o5go.com\/playlisty\/wp-json\/wp\/v2\/pages"}],"about":[{"href":"https:\/\/o5go.com\/playlisty\/wp-json\/wp\/v2\/types\/page"}],"author":[{"embeddable":true,"href":"https:\/\/o5go.com\/playlisty\/wp-json\/wp\/v2\/users\/1"}],"replies":[{"embeddable":true,"href":"https:\/\/o5go.com\/playlisty\/wp-json\/wp\/v2\/comments?post=64"}],"version-history":[{"count":36,"href":"https:\/\/o5go.com\/playlisty\/wp-json\/wp\/v2\/pages\/64\/revisions"}],"predecessor-version":[{"id":652,"href":"https:\/\/o5go.com\/playlisty\/wp-json\/wp\/v2\/pages\/64\/revisions\/652"}],"wp:attachment":[{"href":"https:\/\/o5go.com\/playlisty\/wp-json\/wp\/v2\/media?parent=64"}],"curies":[{"name":"wp","href":"https:\/\/api.w.org\/{rel}","templated":true}]}}