{"id":62,"date":"2020-11-20T00:26:34","date_gmt":"2020-11-20T00:26:34","guid":{"rendered":"https:\/\/o5go.com\/playlisty\/?page_id=62"},"modified":"2020-11-29T10:00:04","modified_gmt":"2020-11-29T10:00:04","slug":"r","status":"publish","type":"page","link":"https:\/\/o5go.com\/playlisty\/r\/","title":{"rendered":"R"},"content":{"rendered":"\n<h2 class=\"wp-block-heading\">Playlisty i YouTube Mixy rozpoczynaj\u0105ce si\u0119 od litery: R<\/h2>\n\n\n\n<h2 class=\"wp-block-heading\">Rafa\u0142 Brzozowski &#8211; playlista<\/h2>\n\n\n\n<p><a href=\"https:\/\/m.youtube.com\/results?search_query=Rafa\u0142+Brzozowski+Playlist\">https:\/\/m.youtube.com\/results?search_query=Rafa\u0142+Brzozowski+Playlist<\/a><\/p>\n\n\n\n<h2 class=\"wp-block-heading\"><strong>Raggafaya<\/strong>&nbsp;\u2013 playlista<\/h2>\n\n\n\n<p><a href=\"https:\/\/m.youtube.com\/results?search_query=Raggafaya+playlist\">https:\/\/m.youtube.com\/results?search_query=Raggafaya+playlist<\/a><\/p>\n\n\n\n<h2 class=\"wp-block-heading\"><strong>Rahim<\/strong> &#8211; playlista<\/h2>\n\n\n\n<p><a href=\"https:\/\/m.youtube.com\/results?search_query=Rahim+playlist\">https:\/\/m.youtube.com\/results?search_query=Rahim+playlist<\/a><\/p>\n\n\n\n<h2 class=\"wp-block-heading\">Ramona Rey &#8211; playlista<\/h2>\n\n\n\n<p><a href=\"https:\/\/m.youtube.com\/results?search_query=Ramona+Rey+playlist\">https:\/\/m.youtube.com\/results?search_query=Ramona+Rey+playlist<\/a><\/p>\n\n\n\n<h2 class=\"wp-block-heading\">Ras Luta &#8211; playlista<\/h2>\n\n\n\n<p><a href=\"https:\/\/m.youtube.com\/results?search_query=Ras+Luta+playlist\">https:\/\/m.youtube.com\/results?search_query=Ras+Luta+playlist<\/a><\/p>\n\n\n\n<h2 class=\"wp-block-heading\">Raz Dwa Trzy &#8211; Playlista<\/h2>\n\n\n\n<p><a href=\"https:\/\/m.youtube.com\/results?search_query=Raz+Dwa+Trzy+Playlist\">https:\/\/m.youtube.com\/results?search_query=Raz+Dwa+Trzy+Playlist<\/a><\/p>\n\n\n\n<h2 class=\"wp-block-heading\">Red Lips &#8211; playlista<\/h2>\n\n\n\n<p><a href=\"https:\/\/m.youtube.com\/results?search_query=Red+Lips+Playlist\">https:\/\/m.youtube.com\/results?search_query=Red+Lips+Playlist<\/a><\/p>\n\n\n\n<h2 class=\"wp-block-heading\">Renata Przemyk &#8211; playlista<\/h2>\n\n\n\n<p><a href=\"https:\/\/m.youtube.com\/results?search_query=Renata+Przemyk+playlist\">https:\/\/m.youtube.com\/results?search_query=Renata+Przemyk+playlist<\/a><\/p>\n\n\n\n<h2 class=\"wp-block-heading\">Reni Jusis &#8211; playlista<\/h2>\n\n\n\n<p><a href=\"https:\/\/m.youtube.com\/results?search_query=Reni+Jusis+Playlist\">https:\/\/m.youtube.com\/results?search_query=Reni+Jusis+Playlist<\/a><\/p>\n\n\n\n<h2 class=\"wp-block-heading\">Republika &#8211; Playlista<\/h2>\n\n\n\n<p><a href=\"https:\/\/m.youtube.com\/results?search_query=Republika+Playlist\">https:\/\/m.youtube.com\/results?search_query=Republika+Playlist<\/a><\/p>\n\n\n\n<h2 class=\"wp-block-heading\">Rezerwat &#8211; playlista<\/h2>\n\n\n\n<p><a href=\"https:\/\/m.youtube.com\/results?search_query=Rezerwat+Playlist\">https:\/\/m.youtube.com\/results?search_query=Rezerwat+Playlist<\/a><\/p>\n\n\n\n<h2 class=\"wp-block-heading\"><strong>Riverside<\/strong> &#8211; playlista<\/h2>\n\n\n\n<p><a href=\"https:\/\/m.youtube.com\/results?search_query=Riverside+playlist\">https:\/\/m.youtube.com\/results?search_query=Riverside+playlist<\/a><\/p>\n\n\n\n<h2 class=\"wp-block-heading\">Robert Janson \u2013 Playlista<\/h2>\n\n\n\n<p><a href=\"https:\/\/m.youtube.com\/results?search_query=Robert+Janson+Playlist\">https:\/\/m.youtube.com\/results?search_query=Robert+Janson+Playlist<\/a><\/p>\n\n\n\n<h2 class=\"wp-block-heading\"><strong>Robert M<\/strong> &#8211; playlista<\/h2>\n\n\n\n<p><a href=\"https:\/\/m.youtube.com\/results?search_query=Robert+M+playlist\">https:\/\/m.youtube.com\/results?search_query=Robert+M+playlist<\/a><\/p>\n\n\n\n<h2 class=\"wp-block-heading\">Roksana W\u0119giel &#8211; playlista<\/h2>\n\n\n\n<p><a href=\"https:\/\/m.youtube.com\/results?search_query=Roksana+W\u0119giel+playlist\">https:\/\/m.youtube.com\/results?search_query=Roksana+W\u0119giel+playlist<\/a><\/p>\n\n\n\n<h2 class=\"wp-block-heading\">Rotary &#8211; playlista<\/h2>\n\n\n\n<p><a href=\"https:\/\/m.youtube.com\/results?search_query=Rotary+Playlist\">https:\/\/m.youtube.com\/results?search_query=Rotary+Playlist<\/a><\/p>\n\n\n\n<h2 class=\"wp-block-heading\"><strong>Rotten Bark<\/strong> &#8211; playlista<\/h2>\n\n\n\n<p><a href=\"https:\/\/m.youtube.com\/results?search_query=Rotten+Bark+playlist\">https:\/\/m.youtube.com\/results?search_query=Rotten+Bark+playlist<\/a><\/p>\n\n\n\n<h2 class=\"wp-block-heading\">R\u00f3\u017ce Europy &#8211; playlista<\/h2>\n\n\n\n<p><a href=\"https:\/\/m.youtube.com\/results?search_query=R\u00f3\u017ce+Europy+Playlist\">https:\/\/m.youtube.com\/results?search_query=R\u00f3\u017ce+Europy+Playlist<\/a><\/p>\n\n\n\n<h2 class=\"wp-block-heading\">Rudi Schuberth \u2013 Playlista<\/h2>\n\n\n\n<p><a href=\"https:\/\/m.youtube.com\/results?search_query=Rudi+Schuberth+Playlist\">https:\/\/m.youtube.com\/results?search_query=Rudi+Schuberth+Playlist<\/a><\/p>\n\n\n\n<h2 class=\"wp-block-heading\">Ryszard Rynkowski \u2013 Playlista<\/h2>\n\n\n\n<p><a href=\"https:\/\/m.youtube.com\/results?search_query=Ryszard+Rynkowski+Playlist\">https:\/\/m.youtube.com\/results?search_query=Ryszard+Rynkowski+Playlist<\/a><\/p>\n","protected":false},"excerpt":{"rendered":"<p>Playlisty i YouTube Mixy rozpoczynaj\u0105ce si\u0119 od litery: R Rafa\u0142 Brzozowski &#8211; playlista https:\/\/m.youtube.com\/results?search_query=Rafa\u0142+Brzozowski+Playlist Raggafaya&nbsp;\u2013 playlista https:\/\/m.youtube.com\/results?search_query=Raggafaya+playlist Rahim &#8211; playlista https:\/\/m.youtube.com\/results?search_query=Rahim+playlist Ramona Rey &#8211; playlista https:\/\/m.youtube.com\/results?search_query=Ramona+Rey+playlist Ras Luta &#8211; playlista https:\/\/m.youtube.com\/results?search_query=Ras+Luta+playlist Raz Dwa Trzy &#8211; Playlista https:\/\/m.youtube.com\/results?search_query=Raz+Dwa+Trzy+Playlist Red Lips &#8211; playlista https:\/\/m.youtube.com\/results?search_query=Red+Lips+Playlist Renata Przemyk &#8211; playlista https:\/\/m.youtube.com\/results?search_query=Renata+Przemyk+playlist Reni Jusis &#8211; playlista https:\/\/m.youtube.com\/results?search_query=Reni+Jusis+Playlist Republika &#8211; Playlista [&hellip;]<\/p>\n","protected":false},"author":1,"featured_media":0,"parent":0,"menu_order":0,"comment_status":"closed","ping_status":"closed","template":"","meta":{"footnotes":""},"class_list":["post-62","page","type-page","status-publish","hentry"],"yoast_head":"<!-- This site is optimized with the Yoast SEO plugin v20.9 - https:\/\/yoast.com\/wordpress\/plugins\/seo\/ -->\n<title>R - o5go.com\/playlisty<\/title>\n<meta name=\"robots\" content=\"index, follow, max-snippet:-1, max-image-preview:large, max-video-preview:-1\" \/>\n<link rel=\"canonical\" href=\"https:\/\/o5go.com\/playlisty\/r\/\" \/>\n<meta property=\"og:locale\" content=\"pl_PL\" \/>\n<meta property=\"og:type\" content=\"article\" \/>\n<meta property=\"og:title\" content=\"R - o5go.com\/playlisty\" \/>\n<meta property=\"og:description\" content=\"Playlisty i YouTube Mixy rozpoczynaj\u0105ce si\u0119 od litery: R Rafa\u0142 Brzozowski &#8211; playlista https:\/\/m.youtube.com\/results?search_query=Rafa\u0142+Brzozowski+Playlist Raggafaya&nbsp;\u2013 playlista https:\/\/m.youtube.com\/results?search_query=Raggafaya+playlist Rahim &#8211; playlista https:\/\/m.youtube.com\/results?search_query=Rahim+playlist Ramona Rey &#8211; playlista https:\/\/m.youtube.com\/results?search_query=Ramona+Rey+playlist Ras Luta &#8211; playlista https:\/\/m.youtube.com\/results?search_query=Ras+Luta+playlist Raz Dwa Trzy &#8211; Playlista https:\/\/m.youtube.com\/results?search_query=Raz+Dwa+Trzy+Playlist Red Lips &#8211; playlista https:\/\/m.youtube.com\/results?search_query=Red+Lips+Playlist Renata Przemyk &#8211; playlista https:\/\/m.youtube.com\/results?search_query=Renata+Przemyk+playlist Reni Jusis &#8211; playlista https:\/\/m.youtube.com\/results?search_query=Reni+Jusis+Playlist Republika &#8211; Playlista [&hellip;]\" \/>\n<meta property=\"og:url\" content=\"https:\/\/o5go.com\/playlisty\/r\/\" \/>\n<meta property=\"og:site_name\" content=\"o5go.com\/playlisty\" \/>\n<meta property=\"article:modified_time\" content=\"2020-11-29T10:00:04+00:00\" \/>\n<meta name=\"twitter:card\" content=\"summary_large_image\" \/>\n<meta name=\"twitter:label1\" content=\"Szacowany czas czytania\" \/>\n\t<meta name=\"twitter:data1\" content=\"1 minuta\" \/>\n<script type=\"application\/ld+json\" class=\"yoast-schema-graph\">{\"@context\":\"https:\/\/schema.org\",\"@graph\":[{\"@type\":\"WebPage\",\"@id\":\"https:\/\/o5go.com\/playlisty\/r\/\",\"url\":\"https:\/\/o5go.com\/playlisty\/r\/\",\"name\":\"R - o5go.com\/playlisty\",\"isPartOf\":{\"@id\":\"https:\/\/o5go.com\/playlisty\/#website\"},\"datePublished\":\"2020-11-20T00:26:34+00:00\",\"dateModified\":\"2020-11-29T10:00:04+00:00\",\"breadcrumb\":{\"@id\":\"https:\/\/o5go.com\/playlisty\/r\/#breadcrumb\"},\"inLanguage\":\"pl-PL\",\"potentialAction\":[{\"@type\":\"ReadAction\",\"target\":[\"https:\/\/o5go.com\/playlisty\/r\/\"]}]},{\"@type\":\"BreadcrumbList\",\"@id\":\"https:\/\/o5go.com\/playlisty\/r\/#breadcrumb\",\"itemListElement\":[{\"@type\":\"ListItem\",\"position\":1,\"name\":\"Home\",\"item\":\"https:\/\/o5go.com\/playlisty\/\"},{\"@type\":\"ListItem\",\"position\":2,\"name\":\"R\"}]},{\"@type\":\"WebSite\",\"@id\":\"https:\/\/o5go.com\/playlisty\/#website\",\"url\":\"https:\/\/o5go.com\/playlisty\/\",\"name\":\"o5go.com\/playlisty\",\"description\":\"Playlisty na YouTube.com\",\"potentialAction\":[{\"@type\":\"SearchAction\",\"target\":{\"@type\":\"EntryPoint\",\"urlTemplate\":\"https:\/\/o5go.com\/playlisty\/?s={search_term_string}\"},\"query-input\":\"required name=search_term_string\"}],\"inLanguage\":\"pl-PL\"}]}<\/script>\n<!-- \/ Yoast SEO plugin. -->","yoast_head_json":{"title":"R - o5go.com\/playlisty","robots":{"index":"index","follow":"follow","max-snippet":"max-snippet:-1","max-image-preview":"max-image-preview:large","max-video-preview":"max-video-preview:-1"},"canonical":"https:\/\/o5go.com\/playlisty\/r\/","og_locale":"pl_PL","og_type":"article","og_title":"R - o5go.com\/playlisty","og_description":"Playlisty i YouTube Mixy rozpoczynaj\u0105ce si\u0119 od litery: R Rafa\u0142 Brzozowski &#8211; playlista https:\/\/m.youtube.com\/results?search_query=Rafa\u0142+Brzozowski+Playlist Raggafaya&nbsp;\u2013 playlista https:\/\/m.youtube.com\/results?search_query=Raggafaya+playlist Rahim &#8211; playlista https:\/\/m.youtube.com\/results?search_query=Rahim+playlist Ramona Rey &#8211; playlista https:\/\/m.youtube.com\/results?search_query=Ramona+Rey+playlist Ras Luta &#8211; playlista https:\/\/m.youtube.com\/results?search_query=Ras+Luta+playlist Raz Dwa Trzy &#8211; Playlista https:\/\/m.youtube.com\/results?search_query=Raz+Dwa+Trzy+Playlist Red Lips &#8211; playlista https:\/\/m.youtube.com\/results?search_query=Red+Lips+Playlist Renata Przemyk &#8211; playlista https:\/\/m.youtube.com\/results?search_query=Renata+Przemyk+playlist Reni Jusis &#8211; playlista https:\/\/m.youtube.com\/results?search_query=Reni+Jusis+Playlist Republika &#8211; Playlista [&hellip;]","og_url":"https:\/\/o5go.com\/playlisty\/r\/","og_site_name":"o5go.com\/playlisty","article_modified_time":"2020-11-29T10:00:04+00:00","twitter_card":"summary_large_image","twitter_misc":{"Szacowany czas czytania":"1 minuta"},"schema":{"@context":"https:\/\/schema.org","@graph":[{"@type":"WebPage","@id":"https:\/\/o5go.com\/playlisty\/r\/","url":"https:\/\/o5go.com\/playlisty\/r\/","name":"R - o5go.com\/playlisty","isPartOf":{"@id":"https:\/\/o5go.com\/playlisty\/#website"},"datePublished":"2020-11-20T00:26:34+00:00","dateModified":"2020-11-29T10:00:04+00:00","breadcrumb":{"@id":"https:\/\/o5go.com\/playlisty\/r\/#breadcrumb"},"inLanguage":"pl-PL","potentialAction":[{"@type":"ReadAction","target":["https:\/\/o5go.com\/playlisty\/r\/"]}]},{"@type":"BreadcrumbList","@id":"https:\/\/o5go.com\/playlisty\/r\/#breadcrumb","itemListElement":[{"@type":"ListItem","position":1,"name":"Home","item":"https:\/\/o5go.com\/playlisty\/"},{"@type":"ListItem","position":2,"name":"R"}]},{"@type":"WebSite","@id":"https:\/\/o5go.com\/playlisty\/#website","url":"https:\/\/o5go.com\/playlisty\/","name":"o5go.com\/playlisty","description":"Playlisty na YouTube.com","potentialAction":[{"@type":"SearchAction","target":{"@type":"EntryPoint","urlTemplate":"https:\/\/o5go.com\/playlisty\/?s={search_term_string}"},"query-input":"required name=search_term_string"}],"inLanguage":"pl-PL"}]}},"_links":{"self":[{"href":"https:\/\/o5go.com\/playlisty\/wp-json\/wp\/v2\/pages\/62","targetHints":{"allow":["GET"]}}],"collection":[{"href":"https:\/\/o5go.com\/playlisty\/wp-json\/wp\/v2\/pages"}],"about":[{"href":"https:\/\/o5go.com\/playlisty\/wp-json\/wp\/v2\/types\/page"}],"author":[{"embeddable":true,"href":"https:\/\/o5go.com\/playlisty\/wp-json\/wp\/v2\/users\/1"}],"replies":[{"embeddable":true,"href":"https:\/\/o5go.com\/playlisty\/wp-json\/wp\/v2\/comments?post=62"}],"version-history":[{"count":31,"href":"https:\/\/o5go.com\/playlisty\/wp-json\/wp\/v2\/pages\/62\/revisions"}],"predecessor-version":[{"id":589,"href":"https:\/\/o5go.com\/playlisty\/wp-json\/wp\/v2\/pages\/62\/revisions\/589"}],"wp:attachment":[{"href":"https:\/\/o5go.com\/playlisty\/wp-json\/wp\/v2\/media?parent=62"}],"curies":[{"name":"wp","href":"https:\/\/api.w.org\/{rel}","templated":true}]}}