{"id":58,"date":"2020-11-20T00:25:56","date_gmt":"2020-11-20T00:25:56","guid":{"rendered":"https:\/\/o5go.com\/playlisty\/?page_id=58"},"modified":"2020-12-06T14:21:13","modified_gmt":"2020-12-06T14:21:13","slug":"p","status":"publish","type":"page","link":"https:\/\/o5go.com\/playlisty\/p\/","title":{"rendered":"P"},"content":{"rendered":"\n<h2 class=\"wp-block-heading\">Playlisty i YouTube Mixy rozpoczynaj\u0105ce si\u0119 od litery: P<\/h2>\n\n\n\n<h2 class=\"wp-block-heading\">Paktofonika &#8211; playlista<\/h2>\n\n\n\n<p><a href=\"https:\/\/m.youtube.com\/results?search_query=Paktofonika+playlist\">https:\/\/m.youtube.com\/results?search_query=Paktofonika+playlist<\/a><\/p>\n\n\n\n<h2 class=\"wp-block-heading\"><strong>Paluch<\/strong> &#8211; playlista<\/h2>\n\n\n\n<p><a href=\"https:\/\/m.youtube.com\/results?search_query=Paluch+playlist\">https:\/\/m.youtube.com\/results?search_query=Paluch+playlist<\/a><\/p>\n\n\n\n<h2 class=\"wp-block-heading\">Papa-D &#8211; Papa Dance &#8211; Playlista<\/h2>\n\n\n\n<p><a href=\"https:\/\/m.youtube.com\/results?search_query=Papa+Dance+Playlist\">https:\/\/m.youtube.com\/results?search_query=Papa+Dance+Playlist<\/a><\/p>\n\n\n\n<h2 class=\"wp-block-heading\">Patrycja Markowska &#8211; playlista<\/h2>\n\n\n\n<p><a href=\"https:\/\/m.youtube.com\/results?search_query=Patrycja+Markowska+playlist\">https:\/\/m.youtube.com\/results?search_query=Patrycja+Markowska+playlist<\/a><\/p>\n\n\n\n<h2 class=\"wp-block-heading\">Pawe\u0142 Domaga\u0142a &#8211; playlista<\/h2>\n\n\n\n<p><a href=\"https:\/\/m.youtube.com\/results?search_query=Pawe\u0142+Domaga\u0142a+Playlist\">https:\/\/m.youtube.com\/results?search_query=Pawe\u0142+Domaga\u0142a+Playlist<\/a><\/p>\n\n\n\n<h2 class=\"wp-block-heading\">Pectus &#8211; playlista<\/h2>\n\n\n\n<p><a href=\"https:\/\/m.youtube.com\/results?search_query=Pectus+Playlist\">https:\/\/m.youtube.com\/results?search_query=Pectus+Playlist<\/a><\/p>\n\n\n\n<h2 class=\"wp-block-heading\">Peja &#8211; playlista<\/h2>\n\n\n\n<p><a href=\"https:\/\/m.youtube.com\/results?search_query=Peja+playlist\">https:\/\/m.youtube.com\/results?search_query=Peja+playlist<\/a><\/p>\n\n\n\n<h2 class=\"wp-block-heading\">Percival Schuttenbach &#8211; playlista<\/h2>\n\n\n\n<p><a href=\"https:\/\/m.youtube.com\/results?search_query=Percival+Schuttenbach+playlist\">https:\/\/m.youtube.com\/results?search_query=Percival+Schuttenbach+playlist<\/a><\/p>\n\n\n\n<h2 class=\"wp-block-heading\">Perfect &#8211; playlista<\/h2>\n\n\n\n<p><a href=\"https:\/\/m.youtube.com\/results?search_query=Perfect+Playlist\">https:\/\/m.youtube.com\/results?search_query=Perfect+Playlist<\/a><\/p>\n\n\n\n<h2 class=\"wp-block-heading\">Pezet &#8211; playlista<\/h2>\n\n\n\n<p><a href=\"https:\/\/m.youtube.com\/results?search_query=Pezet+playlist\">https:\/\/m.youtube.com\/results?search_query=Pezet+playlist<\/a><\/p>\n\n\n\n<h2 class=\"wp-block-heading\">Pid\u017cama Porno &#8211; playlista<\/h2>\n\n\n\n<p><a href=\"https:\/\/m.youtube.com\/results?search_query=Pid\u017cama+Porno+Playlist\">https:\/\/m.youtube.com\/results?search_query=Pid\u017cama+Porno+Playlist<\/a><\/p>\n\n\n\n<h2 class=\"wp-block-heading\">Piersi &#8211; playlista<\/h2>\n\n\n\n<p><a href=\"https:\/\/m.youtube.com\/results?search_query=Piersi+Playlist\">https:\/\/m.youtube.com\/results?search_query=Piersi+Playlist<\/a><\/p>\n\n\n\n<h2 class=\"wp-block-heading\"><strong>Pi\u0119\u0107 Dwa D\u0119biec<\/strong> &#8211; playlista<\/h2>\n\n\n\n<p><a href=\"https:\/\/m.youtube.com\/results?search_query=Pi\u0119\u0107+Dwa+D\u0119biec+playlist\">https:\/\/m.youtube.com\/results?search_query=Pi\u0119\u0107+Dwa+D\u0119biec+playlist<\/a><\/p>\n\n\n\n<h2 class=\"wp-block-heading\">PIH &#8211; playlista<\/h2>\n\n\n\n<p><a href=\"https:\/\/m.youtube.com\/results?search_query=PIH+playlist\">https:\/\/m.youtube.com\/results?search_query=PIH+playlist<\/a><\/p>\n\n\n\n<h2 class=\"wp-block-heading\"><strong>Piotr Rogucki<\/strong> &#8211; playlista<\/h2>\n\n\n\n<p><a href=\"https:\/\/m.youtube.com\/results?search_query=Piotr+Rogucki+playlist\">https:\/\/m.youtube.com\/results?search_query=Piotr+Rogucki+playlist<\/a><\/p>\n\n\n\n<h2 class=\"wp-block-heading\">Piotr Rubik \u2013 Playlista<\/h2>\n\n\n\n<p><a href=\"https:\/\/m.youtube.com\/results?search_query=Piotr+Rubik+Playlist\">https:\/\/m.youtube.com\/results?search_query=Piotr+Rubik+Playlist<\/a><\/p>\n\n\n\n<h2 class=\"wp-block-heading\">Piotr Szczepanik \u2013 Playlista<\/h2>\n\n\n\n<p><a href=\"https:\/\/m.youtube.com\/results?search_query=Piotr+Szczepanik+Playlist\">https:\/\/m.youtube.com\/results?search_query=Piotr+Szczepanik+Playlist<\/a><\/p>\n\n\n\n<h2 class=\"wp-block-heading\">Piwnica Pod Baranami \u2013 Playlista<\/h2>\n\n\n\n<p><a href=\"https:\/\/m.youtube.com\/results?search_query=Piwnica+Pod+Baranami+Playlist\">https:\/\/m.youtube.com\/results?search_query=Piwnica+Pod+Baranami+Playlist<\/a><\/p>\n\n\n\n<h2 class=\"wp-block-heading\">Pod Bud\u0105 \u2013 Playlista<\/h2>\n\n\n\n<p><a href=\"https:\/\/m.youtube.com\/results?search_query=Pod+Bud\u0105+Playlist\">https:\/\/m.youtube.com\/results?search_query=Pod+Bud\u0105+Playlist<\/a><\/p>\n\n\n\n<h2 class=\"wp-block-heading\">Pokahontaz &#8211; playlista<\/h2>\n\n\n\n<p><a href=\"https:\/\/m.youtube.com\/results?search_query=Pokahontaz+playlist\">https:\/\/m.youtube.com\/results?search_query=Pokahontaz+playlist<\/a><\/p>\n\n\n\n<h2 class=\"wp-block-heading\">Poparzeni Kaw\u0105 Trzy &#8211; playlista<\/h2>\n\n\n\n<p><a href=\"https:\/\/m.youtube.com\/results?search_query=Poparzeni+Kaw\u0105+Trzy+Playlist\">https:\/\/m.youtube.com\/results?search_query=Poparzeni+Kaw\u0105+Trzy+Playlist<\/a><\/p>\n\n\n\n<h2 class=\"wp-block-heading\">Psychodancing &#8211; playlista<\/h2>\n\n\n\n<p><a href=\"https:\/\/m.youtube.com\/results?search_query=Psychodancing+playlist\">https:\/\/m.youtube.com\/results?search_query=Psychodancing+playlist<\/a><\/p>\n\n\n\n<h2 class=\"wp-block-heading\">P\u00fcdelsi &#8211; playlista<\/h2>\n\n\n\n<p><a href=\"https:\/\/m.youtube.com\/results?search_query=Pudelsi+playlist\">https:\/\/m.youtube.com\/results?search_query=Pudelsi+playlist<\/a><\/p>\n\n\n\n<h2 class=\"wp-block-heading\"><strong>Pyskaty<\/strong> &#8211; playlista<\/h2>\n\n\n\n<p><a href=\"https:\/\/m.youtube.com\/results?search_query=Pyskaty+playlist\">https:\/\/m.youtube.com\/results?search_query=Pyskaty+playlist<\/a><\/p>\n","protected":false},"excerpt":{"rendered":"<p>Playlisty i YouTube Mixy rozpoczynaj\u0105ce si\u0119 od litery: P Paktofonika &#8211; playlista https:\/\/m.youtube.com\/results?search_query=Paktofonika+playlist Paluch &#8211; playlista https:\/\/m.youtube.com\/results?search_query=Paluch+playlist Papa-D &#8211; Papa Dance &#8211; Playlista https:\/\/m.youtube.com\/results?search_query=Papa+Dance+Playlist Patrycja Markowska &#8211; playlista https:\/\/m.youtube.com\/results?search_query=Patrycja+Markowska+playlist Pawe\u0142 Domaga\u0142a &#8211; playlista https:\/\/m.youtube.com\/results?search_query=Pawe\u0142+Domaga\u0142a+Playlist Pectus &#8211; playlista https:\/\/m.youtube.com\/results?search_query=Pectus+Playlist Peja &#8211; playlista https:\/\/m.youtube.com\/results?search_query=Peja+playlist Percival Schuttenbach &#8211; playlista https:\/\/m.youtube.com\/results?search_query=Percival+Schuttenbach+playlist Perfect &#8211; playlista https:\/\/m.youtube.com\/results?search_query=Perfect+Playlist Pezet &#8211; playlista https:\/\/m.youtube.com\/results?search_query=Pezet+playlist [&hellip;]<\/p>\n","protected":false},"author":1,"featured_media":0,"parent":0,"menu_order":0,"comment_status":"closed","ping_status":"closed","template":"","meta":{"footnotes":""},"class_list":["post-58","page","type-page","status-publish","hentry"],"yoast_head":"<!-- This site is optimized with the Yoast SEO plugin v20.9 - https:\/\/yoast.com\/wordpress\/plugins\/seo\/ -->\n<title>P - o5go.com\/playlisty<\/title>\n<meta name=\"robots\" content=\"index, follow, max-snippet:-1, max-image-preview:large, max-video-preview:-1\" \/>\n<link rel=\"canonical\" href=\"https:\/\/o5go.com\/playlisty\/p\/\" \/>\n<meta property=\"og:locale\" content=\"pl_PL\" \/>\n<meta property=\"og:type\" content=\"article\" \/>\n<meta property=\"og:title\" content=\"P - o5go.com\/playlisty\" \/>\n<meta property=\"og:description\" content=\"Playlisty i YouTube Mixy rozpoczynaj\u0105ce si\u0119 od litery: P Paktofonika &#8211; playlista https:\/\/m.youtube.com\/results?search_query=Paktofonika+playlist Paluch &#8211; playlista https:\/\/m.youtube.com\/results?search_query=Paluch+playlist Papa-D &#8211; Papa Dance &#8211; Playlista https:\/\/m.youtube.com\/results?search_query=Papa+Dance+Playlist Patrycja Markowska &#8211; playlista https:\/\/m.youtube.com\/results?search_query=Patrycja+Markowska+playlist Pawe\u0142 Domaga\u0142a &#8211; playlista https:\/\/m.youtube.com\/results?search_query=Pawe\u0142+Domaga\u0142a+Playlist Pectus &#8211; playlista https:\/\/m.youtube.com\/results?search_query=Pectus+Playlist Peja &#8211; playlista https:\/\/m.youtube.com\/results?search_query=Peja+playlist Percival Schuttenbach &#8211; playlista https:\/\/m.youtube.com\/results?search_query=Percival+Schuttenbach+playlist Perfect &#8211; playlista https:\/\/m.youtube.com\/results?search_query=Perfect+Playlist Pezet &#8211; playlista https:\/\/m.youtube.com\/results?search_query=Pezet+playlist [&hellip;]\" \/>\n<meta property=\"og:url\" content=\"https:\/\/o5go.com\/playlisty\/p\/\" \/>\n<meta property=\"og:site_name\" content=\"o5go.com\/playlisty\" \/>\n<meta property=\"article:modified_time\" content=\"2020-12-06T14:21:13+00:00\" \/>\n<meta name=\"twitter:card\" content=\"summary_large_image\" \/>\n<meta name=\"twitter:label1\" content=\"Szacowany czas czytania\" \/>\n\t<meta name=\"twitter:data1\" content=\"2 minuty\" \/>\n<script type=\"application\/ld+json\" class=\"yoast-schema-graph\">{\"@context\":\"https:\/\/schema.org\",\"@graph\":[{\"@type\":\"WebPage\",\"@id\":\"https:\/\/o5go.com\/playlisty\/p\/\",\"url\":\"https:\/\/o5go.com\/playlisty\/p\/\",\"name\":\"P - o5go.com\/playlisty\",\"isPartOf\":{\"@id\":\"https:\/\/o5go.com\/playlisty\/#website\"},\"datePublished\":\"2020-11-20T00:25:56+00:00\",\"dateModified\":\"2020-12-06T14:21:13+00:00\",\"breadcrumb\":{\"@id\":\"https:\/\/o5go.com\/playlisty\/p\/#breadcrumb\"},\"inLanguage\":\"pl-PL\",\"potentialAction\":[{\"@type\":\"ReadAction\",\"target\":[\"https:\/\/o5go.com\/playlisty\/p\/\"]}]},{\"@type\":\"BreadcrumbList\",\"@id\":\"https:\/\/o5go.com\/playlisty\/p\/#breadcrumb\",\"itemListElement\":[{\"@type\":\"ListItem\",\"position\":1,\"name\":\"Home\",\"item\":\"https:\/\/o5go.com\/playlisty\/\"},{\"@type\":\"ListItem\",\"position\":2,\"name\":\"P\"}]},{\"@type\":\"WebSite\",\"@id\":\"https:\/\/o5go.com\/playlisty\/#website\",\"url\":\"https:\/\/o5go.com\/playlisty\/\",\"name\":\"o5go.com\/playlisty\",\"description\":\"Playlisty na YouTube.com\",\"potentialAction\":[{\"@type\":\"SearchAction\",\"target\":{\"@type\":\"EntryPoint\",\"urlTemplate\":\"https:\/\/o5go.com\/playlisty\/?s={search_term_string}\"},\"query-input\":\"required name=search_term_string\"}],\"inLanguage\":\"pl-PL\"}]}<\/script>\n<!-- \/ Yoast SEO plugin. -->","yoast_head_json":{"title":"P - o5go.com\/playlisty","robots":{"index":"index","follow":"follow","max-snippet":"max-snippet:-1","max-image-preview":"max-image-preview:large","max-video-preview":"max-video-preview:-1"},"canonical":"https:\/\/o5go.com\/playlisty\/p\/","og_locale":"pl_PL","og_type":"article","og_title":"P - o5go.com\/playlisty","og_description":"Playlisty i YouTube Mixy rozpoczynaj\u0105ce si\u0119 od litery: P Paktofonika &#8211; playlista https:\/\/m.youtube.com\/results?search_query=Paktofonika+playlist Paluch &#8211; playlista https:\/\/m.youtube.com\/results?search_query=Paluch+playlist Papa-D &#8211; Papa Dance &#8211; Playlista https:\/\/m.youtube.com\/results?search_query=Papa+Dance+Playlist Patrycja Markowska &#8211; playlista https:\/\/m.youtube.com\/results?search_query=Patrycja+Markowska+playlist Pawe\u0142 Domaga\u0142a &#8211; playlista https:\/\/m.youtube.com\/results?search_query=Pawe\u0142+Domaga\u0142a+Playlist Pectus &#8211; playlista https:\/\/m.youtube.com\/results?search_query=Pectus+Playlist Peja &#8211; playlista https:\/\/m.youtube.com\/results?search_query=Peja+playlist Percival Schuttenbach &#8211; playlista https:\/\/m.youtube.com\/results?search_query=Percival+Schuttenbach+playlist Perfect &#8211; playlista https:\/\/m.youtube.com\/results?search_query=Perfect+Playlist Pezet &#8211; playlista https:\/\/m.youtube.com\/results?search_query=Pezet+playlist [&hellip;]","og_url":"https:\/\/o5go.com\/playlisty\/p\/","og_site_name":"o5go.com\/playlisty","article_modified_time":"2020-12-06T14:21:13+00:00","twitter_card":"summary_large_image","twitter_misc":{"Szacowany czas czytania":"2 minuty"},"schema":{"@context":"https:\/\/schema.org","@graph":[{"@type":"WebPage","@id":"https:\/\/o5go.com\/playlisty\/p\/","url":"https:\/\/o5go.com\/playlisty\/p\/","name":"P - o5go.com\/playlisty","isPartOf":{"@id":"https:\/\/o5go.com\/playlisty\/#website"},"datePublished":"2020-11-20T00:25:56+00:00","dateModified":"2020-12-06T14:21:13+00:00","breadcrumb":{"@id":"https:\/\/o5go.com\/playlisty\/p\/#breadcrumb"},"inLanguage":"pl-PL","potentialAction":[{"@type":"ReadAction","target":["https:\/\/o5go.com\/playlisty\/p\/"]}]},{"@type":"BreadcrumbList","@id":"https:\/\/o5go.com\/playlisty\/p\/#breadcrumb","itemListElement":[{"@type":"ListItem","position":1,"name":"Home","item":"https:\/\/o5go.com\/playlisty\/"},{"@type":"ListItem","position":2,"name":"P"}]},{"@type":"WebSite","@id":"https:\/\/o5go.com\/playlisty\/#website","url":"https:\/\/o5go.com\/playlisty\/","name":"o5go.com\/playlisty","description":"Playlisty na YouTube.com","potentialAction":[{"@type":"SearchAction","target":{"@type":"EntryPoint","urlTemplate":"https:\/\/o5go.com\/playlisty\/?s={search_term_string}"},"query-input":"required name=search_term_string"}],"inLanguage":"pl-PL"}]}},"_links":{"self":[{"href":"https:\/\/o5go.com\/playlisty\/wp-json\/wp\/v2\/pages\/58","targetHints":{"allow":["GET"]}}],"collection":[{"href":"https:\/\/o5go.com\/playlisty\/wp-json\/wp\/v2\/pages"}],"about":[{"href":"https:\/\/o5go.com\/playlisty\/wp-json\/wp\/v2\/types\/page"}],"author":[{"embeddable":true,"href":"https:\/\/o5go.com\/playlisty\/wp-json\/wp\/v2\/users\/1"}],"replies":[{"embeddable":true,"href":"https:\/\/o5go.com\/playlisty\/wp-json\/wp\/v2\/comments?post=58"}],"version-history":[{"count":36,"href":"https:\/\/o5go.com\/playlisty\/wp-json\/wp\/v2\/pages\/58\/revisions"}],"predecessor-version":[{"id":642,"href":"https:\/\/o5go.com\/playlisty\/wp-json\/wp\/v2\/pages\/58\/revisions\/642"}],"wp:attachment":[{"href":"https:\/\/o5go.com\/playlisty\/wp-json\/wp\/v2\/media?parent=58"}],"curies":[{"name":"wp","href":"https:\/\/api.w.org\/{rel}","templated":true}]}}