{"id":40,"date":"2020-11-20T00:22:53","date_gmt":"2020-11-20T00:22:53","guid":{"rendered":"https:\/\/o5go.com\/playlisty\/?page_id=40"},"modified":"2020-12-06T11:51:43","modified_gmt":"2020-12-06T11:51:43","slug":"g","status":"publish","type":"page","link":"https:\/\/o5go.com\/playlisty\/g\/","title":{"rendered":"G"},"content":{"rendered":"\n<h2 class=\"wp-block-heading\">Playlisty i YouTube Mixy rozpoczynaj\u0105ce si\u0119 od litery: G<\/h2>\n\n\n\n<h2 class=\"wp-block-heading\">Golden Life &#8211; playlista<\/h2>\n\n\n\n<p><a href=\"https:\/\/m.youtube.com\/results?search_query=Golden+Life+playlist\">https:\/\/m.youtube.com\/results?search_query=Golden+Life+playlist<\/a><\/p>\n\n\n\n<h2 class=\"wp-block-heading\">Golec uOrkiestra &#8211; playlista<\/h2>\n\n\n\n<p><a href=\"https:\/\/m.youtube.com\/results?search_query=Golec+uOrkiestra+Playlist\">https:\/\/m.youtube.com\/results?search_query=Golec+uOrkiestra+Playlist<\/a><\/p>\n\n\n\n<h2 class=\"wp-block-heading\">Gosia Andrzejewicz &#8211; playlista<\/h2>\n\n\n\n<p><a href=\"https:\/\/m.youtube.com\/results?search_query=Gosia+Andrzejewicz+playlist\">https:\/\/m.youtube.com\/results?search_query=Gosia+Andrzejewicz+playlist<\/a><\/p>\n\n\n\n<h2 class=\"wp-block-heading\">Goya &#8211; playlista<\/h2>\n\n\n\n<p><a href=\"https:\/\/m.youtube.com\/results?search_query=Goya+Playlista\">https:\/\/m.youtube.com\/results?search_query=Goya+Playlista<\/a><\/p>\n\n\n\n<h2 class=\"wp-block-heading\">Graba\u017c i Strachy Na Lachy &#8211; playlista<\/h2>\n\n\n\n<p><a href=\"https:\/\/m.youtube.com\/results?search_query=Graba\u017c+i+Strachy+Na+Lachy+Playlist\">https:\/\/m.youtube.com\/results?search_query=Graba\u017c+i+Strachy+Na+Lachy+Playlist<\/a><\/p>\n\n\n\n<h2 class=\"wp-block-heading\"><strong>Grammatik<\/strong> &#8211; playlista<\/h2>\n\n\n\n<p><a href=\"https:\/\/m.youtube.com\/results?search_query=Zesp\u00f3\u0142+Grammatik+playlist\">https:\/\/m.youtube.com\/results?search_query=Zesp\u00f3\u0142+Grammatik+playlist<\/a><\/p>\n\n\n\n<h2 class=\"wp-block-heading\">Gra\u017cyna \u0141obaszewska \u2013 Playlista<\/h2>\n\n\n\n<p><a href=\"https:\/\/m.youtube.com\/results?search_query=Gra\u017cyna+\u0141obaszewska+Playlist\">https:\/\/m.youtube.com\/results?search_query=Gra\u017cyna+\u0141obaszewska+Playlist<\/a><\/p>\n\n\n\n<h2 class=\"wp-block-heading\">Gromee &#8211; playlista<\/h2>\n\n\n\n<p><a href=\"https:\/\/m.youtube.com\/results?search_query=Gromee+playlist\">https:\/\/m.youtube.com\/results?search_query=Gromee+playlist<\/a><\/p>\n\n\n\n<h2 class=\"wp-block-heading\">GrubSon &#8211; playlista<\/h2>\n\n\n\n<p><a href=\"https:\/\/m.youtube.com\/results?search_query=GrubSon+playlist\">https:\/\/m.youtube.com\/results?search_query=GrubSon+playlist<\/a><\/p>\n\n\n\n<h2 class=\"wp-block-heading\"><strong>Grupa operacyjna<\/strong> &#8211; playlista<\/h2>\n\n\n\n<p><a href=\"https:\/\/m.youtube.com\/results?search_query=Grupa+operacyjna+playlist\">https:\/\/m.youtube.com\/results?search_query=Grupa+operacyjna+playlist<\/a><\/p>\n\n\n\n<h2 class=\"wp-block-heading\">Grzegorz Ciechowski &#8211; Playlista<\/h2>\n\n\n\n<p><a href=\"https:\/\/m.youtube.com\/results?search_query=Grzegorz+Ciechowski+Playlist\">https:\/\/m.youtube.com\/results?search_query=Grzegorz+Ciechowski+Playlist<\/a><\/p>\n\n\n\n<h2 class=\"wp-block-heading\">Grzegorz Hy\u017cy &#8211; playlista<\/h2>\n\n\n\n<p><a href=\"https:\/\/m.youtube.com\/results?search_query=Grzegorz+Hy\u017cy+Playlist\">https:\/\/m.youtube.com\/results?search_query=Grzegorz+Hy\u017cy+Playlist<\/a><\/p>\n\n\n\n<h2 class=\"wp-block-heading\">Grzegorz Turnau \u2013 Playlista<\/h2>\n\n\n\n<p><a href=\"https:\/\/m.youtube.com\/results?search_query=Grzegorz+Turnau+Playlist\">https:\/\/m.youtube.com\/results?search_query=Grzegorz+Turnau+Playlist<\/a><\/p>\n","protected":false},"excerpt":{"rendered":"<p>Playlisty i YouTube Mixy rozpoczynaj\u0105ce si\u0119 od litery: G Golden Life &#8211; playlista https:\/\/m.youtube.com\/results?search_query=Golden+Life+playlist Golec uOrkiestra &#8211; playlista https:\/\/m.youtube.com\/results?search_query=Golec+uOrkiestra+Playlist Gosia Andrzejewicz &#8211; playlista https:\/\/m.youtube.com\/results?search_query=Gosia+Andrzejewicz+playlist Goya &#8211; playlista https:\/\/m.youtube.com\/results?search_query=Goya+Playlista Graba\u017c i Strachy Na Lachy &#8211; playlista https:\/\/m.youtube.com\/results?search_query=Graba\u017c+i+Strachy+Na+Lachy+Playlist Grammatik &#8211; playlista https:\/\/m.youtube.com\/results?search_query=Zesp\u00f3\u0142+Grammatik+playlist Gra\u017cyna \u0141obaszewska \u2013 Playlista https:\/\/m.youtube.com\/results?search_query=Gra\u017cyna+\u0141obaszewska+Playlist Gromee &#8211; playlista https:\/\/m.youtube.com\/results?search_query=Gromee+playlist GrubSon &#8211; playlista https:\/\/m.youtube.com\/results?search_query=GrubSon+playlist Grupa operacyjna [&hellip;]<\/p>\n","protected":false},"author":1,"featured_media":0,"parent":0,"menu_order":0,"comment_status":"closed","ping_status":"closed","template":"","meta":{"footnotes":""},"class_list":["post-40","page","type-page","status-publish","hentry"],"yoast_head":"<!-- This site is optimized with the Yoast SEO plugin v20.9 - https:\/\/yoast.com\/wordpress\/plugins\/seo\/ -->\n<title>G - o5go.com\/playlisty<\/title>\n<meta name=\"robots\" content=\"index, follow, max-snippet:-1, max-image-preview:large, max-video-preview:-1\" \/>\n<link rel=\"canonical\" href=\"https:\/\/o5go.com\/playlisty\/g\/\" \/>\n<meta property=\"og:locale\" content=\"pl_PL\" \/>\n<meta property=\"og:type\" content=\"article\" \/>\n<meta property=\"og:title\" content=\"G - o5go.com\/playlisty\" \/>\n<meta property=\"og:description\" content=\"Playlisty i YouTube Mixy rozpoczynaj\u0105ce si\u0119 od litery: G Golden Life &#8211; playlista https:\/\/m.youtube.com\/results?search_query=Golden+Life+playlist Golec uOrkiestra &#8211; playlista https:\/\/m.youtube.com\/results?search_query=Golec+uOrkiestra+Playlist Gosia Andrzejewicz &#8211; playlista https:\/\/m.youtube.com\/results?search_query=Gosia+Andrzejewicz+playlist Goya &#8211; playlista https:\/\/m.youtube.com\/results?search_query=Goya+Playlista Graba\u017c i Strachy Na Lachy &#8211; playlista https:\/\/m.youtube.com\/results?search_query=Graba\u017c+i+Strachy+Na+Lachy+Playlist Grammatik &#8211; playlista https:\/\/m.youtube.com\/results?search_query=Zesp\u00f3\u0142+Grammatik+playlist Gra\u017cyna \u0141obaszewska \u2013 Playlista https:\/\/m.youtube.com\/results?search_query=Gra\u017cyna+\u0141obaszewska+Playlist Gromee &#8211; playlista https:\/\/m.youtube.com\/results?search_query=Gromee+playlist GrubSon &#8211; playlista https:\/\/m.youtube.com\/results?search_query=GrubSon+playlist Grupa operacyjna [&hellip;]\" \/>\n<meta property=\"og:url\" content=\"https:\/\/o5go.com\/playlisty\/g\/\" \/>\n<meta property=\"og:site_name\" content=\"o5go.com\/playlisty\" \/>\n<meta property=\"article:modified_time\" content=\"2020-12-06T11:51:43+00:00\" \/>\n<meta name=\"twitter:card\" content=\"summary_large_image\" \/>\n<meta name=\"twitter:label1\" content=\"Szacowany czas czytania\" \/>\n\t<meta name=\"twitter:data1\" content=\"1 minuta\" \/>\n<script type=\"application\/ld+json\" class=\"yoast-schema-graph\">{\"@context\":\"https:\/\/schema.org\",\"@graph\":[{\"@type\":\"WebPage\",\"@id\":\"https:\/\/o5go.com\/playlisty\/g\/\",\"url\":\"https:\/\/o5go.com\/playlisty\/g\/\",\"name\":\"G - o5go.com\/playlisty\",\"isPartOf\":{\"@id\":\"https:\/\/o5go.com\/playlisty\/#website\"},\"datePublished\":\"2020-11-20T00:22:53+00:00\",\"dateModified\":\"2020-12-06T11:51:43+00:00\",\"breadcrumb\":{\"@id\":\"https:\/\/o5go.com\/playlisty\/g\/#breadcrumb\"},\"inLanguage\":\"pl-PL\",\"potentialAction\":[{\"@type\":\"ReadAction\",\"target\":[\"https:\/\/o5go.com\/playlisty\/g\/\"]}]},{\"@type\":\"BreadcrumbList\",\"@id\":\"https:\/\/o5go.com\/playlisty\/g\/#breadcrumb\",\"itemListElement\":[{\"@type\":\"ListItem\",\"position\":1,\"name\":\"Home\",\"item\":\"https:\/\/o5go.com\/playlisty\/\"},{\"@type\":\"ListItem\",\"position\":2,\"name\":\"G\"}]},{\"@type\":\"WebSite\",\"@id\":\"https:\/\/o5go.com\/playlisty\/#website\",\"url\":\"https:\/\/o5go.com\/playlisty\/\",\"name\":\"o5go.com\/playlisty\",\"description\":\"Playlisty na YouTube.com\",\"potentialAction\":[{\"@type\":\"SearchAction\",\"target\":{\"@type\":\"EntryPoint\",\"urlTemplate\":\"https:\/\/o5go.com\/playlisty\/?s={search_term_string}\"},\"query-input\":\"required name=search_term_string\"}],\"inLanguage\":\"pl-PL\"}]}<\/script>\n<!-- \/ Yoast SEO plugin. -->","yoast_head_json":{"title":"G - o5go.com\/playlisty","robots":{"index":"index","follow":"follow","max-snippet":"max-snippet:-1","max-image-preview":"max-image-preview:large","max-video-preview":"max-video-preview:-1"},"canonical":"https:\/\/o5go.com\/playlisty\/g\/","og_locale":"pl_PL","og_type":"article","og_title":"G - o5go.com\/playlisty","og_description":"Playlisty i YouTube Mixy rozpoczynaj\u0105ce si\u0119 od litery: G Golden Life &#8211; playlista https:\/\/m.youtube.com\/results?search_query=Golden+Life+playlist Golec uOrkiestra &#8211; playlista https:\/\/m.youtube.com\/results?search_query=Golec+uOrkiestra+Playlist Gosia Andrzejewicz &#8211; playlista https:\/\/m.youtube.com\/results?search_query=Gosia+Andrzejewicz+playlist Goya &#8211; playlista https:\/\/m.youtube.com\/results?search_query=Goya+Playlista Graba\u017c i Strachy Na Lachy &#8211; playlista https:\/\/m.youtube.com\/results?search_query=Graba\u017c+i+Strachy+Na+Lachy+Playlist Grammatik &#8211; playlista https:\/\/m.youtube.com\/results?search_query=Zesp\u00f3\u0142+Grammatik+playlist Gra\u017cyna \u0141obaszewska \u2013 Playlista https:\/\/m.youtube.com\/results?search_query=Gra\u017cyna+\u0141obaszewska+Playlist Gromee &#8211; playlista https:\/\/m.youtube.com\/results?search_query=Gromee+playlist GrubSon &#8211; playlista https:\/\/m.youtube.com\/results?search_query=GrubSon+playlist Grupa operacyjna [&hellip;]","og_url":"https:\/\/o5go.com\/playlisty\/g\/","og_site_name":"o5go.com\/playlisty","article_modified_time":"2020-12-06T11:51:43+00:00","twitter_card":"summary_large_image","twitter_misc":{"Szacowany czas czytania":"1 minuta"},"schema":{"@context":"https:\/\/schema.org","@graph":[{"@type":"WebPage","@id":"https:\/\/o5go.com\/playlisty\/g\/","url":"https:\/\/o5go.com\/playlisty\/g\/","name":"G - o5go.com\/playlisty","isPartOf":{"@id":"https:\/\/o5go.com\/playlisty\/#website"},"datePublished":"2020-11-20T00:22:53+00:00","dateModified":"2020-12-06T11:51:43+00:00","breadcrumb":{"@id":"https:\/\/o5go.com\/playlisty\/g\/#breadcrumb"},"inLanguage":"pl-PL","potentialAction":[{"@type":"ReadAction","target":["https:\/\/o5go.com\/playlisty\/g\/"]}]},{"@type":"BreadcrumbList","@id":"https:\/\/o5go.com\/playlisty\/g\/#breadcrumb","itemListElement":[{"@type":"ListItem","position":1,"name":"Home","item":"https:\/\/o5go.com\/playlisty\/"},{"@type":"ListItem","position":2,"name":"G"}]},{"@type":"WebSite","@id":"https:\/\/o5go.com\/playlisty\/#website","url":"https:\/\/o5go.com\/playlisty\/","name":"o5go.com\/playlisty","description":"Playlisty na YouTube.com","potentialAction":[{"@type":"SearchAction","target":{"@type":"EntryPoint","urlTemplate":"https:\/\/o5go.com\/playlisty\/?s={search_term_string}"},"query-input":"required name=search_term_string"}],"inLanguage":"pl-PL"}]}},"_links":{"self":[{"href":"https:\/\/o5go.com\/playlisty\/wp-json\/wp\/v2\/pages\/40","targetHints":{"allow":["GET"]}}],"collection":[{"href":"https:\/\/o5go.com\/playlisty\/wp-json\/wp\/v2\/pages"}],"about":[{"href":"https:\/\/o5go.com\/playlisty\/wp-json\/wp\/v2\/types\/page"}],"author":[{"embeddable":true,"href":"https:\/\/o5go.com\/playlisty\/wp-json\/wp\/v2\/users\/1"}],"replies":[{"embeddable":true,"href":"https:\/\/o5go.com\/playlisty\/wp-json\/wp\/v2\/comments?post=40"}],"version-history":[{"count":23,"href":"https:\/\/o5go.com\/playlisty\/wp-json\/wp\/v2\/pages\/40\/revisions"}],"predecessor-version":[{"id":631,"href":"https:\/\/o5go.com\/playlisty\/wp-json\/wp\/v2\/pages\/40\/revisions\/631"}],"wp:attachment":[{"href":"https:\/\/o5go.com\/playlisty\/wp-json\/wp\/v2\/media?parent=40"}],"curies":[{"name":"wp","href":"https:\/\/api.w.org\/{rel}","templated":true}]}}