{"id":82,"date":"2020-07-02T23:26:29","date_gmt":"2020-07-02T21:26:29","guid":{"rendered":"https:\/\/o5go.com\/pl\/?page_id=82"},"modified":"2021-04-06T17:02:11","modified_gmt":"2021-04-06T15:02:11","slug":"5g-z","status":"publish","type":"page","link":"https:\/\/o5go.com\/pl\/5g-z\/","title":{"rendered":"Z"},"content":{"rendered":"\n<h2 class=\"wp-block-heading\">5G &#8211; wszystko o 5G rozpoczynaj\u0105ce si\u0119 od litery Z<\/h2>\n\n\n\n<h2 class=\"wp-block-heading\" id=\"section_0\">Zalando<\/h2>\n\n\n\n<p>sklep internetowy<\/p>\n\n\n\n<p>Zalando SE \u2013 niemiecki wysy\u0142kowy sklep internetowy z siedzib\u0105 w Berlinie. Sprzeda\u017c skupia si\u0119 g\u0142\u00f3wnie na obuwiu i odzie\u017cy, przy czym dost\u0119pny jest szerszy asortyment, kt\u00f3ry obejmuje produkty dekoracyjne, okulary przeciws\u0142oneczne, zegarki i bi\u017cuteri\u0119.<\/p>\n\n\n\n<p>Sp\u00f3\u0142ka Zalando SE jest jednym z najbardziej znanych, czo\u0142owych sklep\u00f3w internetowych w Niemczech. Dodatkowo od roku 2009, zaczynaj\u0105c od niemieckoj\u0119zycznej Austrii, firma poszerzy\u0142a sw\u00f3j rynek o kolejne kraje europejskie, takie jak Francja, W\u0142ochy, Holandia, Szwajcaria, Dania, Finlandia, Norwegia czy Polska. Zalando prowadzi r\u00f3wnie\u017c sprzeda\u017c na terenie Rosji i Brazylii, w kt\u00f3rych dzia\u0142aj\u0105 firmy spin off, brazylijski Dafiti oraz rosyjska Lamoda.<\/p>\n\n\n\n<p>Wi\u0119cej na stronie &#8211; Wikipedia.org:<\/p>\n\n\n\n<p><a href=\"https:\/\/pl.m.wikipedia.org\/wiki\/Zalando\">https:\/\/pl.m.wikipedia.org\/wiki\/Zalando<\/a><\/p>\n\n\n\n<h2 class=\"wp-block-heading\">ZTE<\/h2>\n\n\n\n<p>ZTE Corporation (Zhong Xing Telecommunication Equipments Company Limited, gdzie Zhong Xing znaczy \u201cPomy\u015blno\u015b\u0107 Chin\u201d) \u2013 jedna z najwi\u0119kszych chi\u0144skich firm telekomunikacyjnych oferuj\u0105cych nowoczesne rozwi\u0105zania telekomunikacyjne i dost\u0119p do internetu (GSM, 3G, WCDMA, CDMA, SCDMA, WiMAX, SDH, ADSL, PSTN, UMTS, LTE).<\/p>\n\n\n\n<p>ZTE Corporation jest najwi\u0119kszym dostawc\u0105 sprz\u0119tu telekomunikacyjnego w Chinach.<\/p>\n\n\n\n<p>Firma produkuje pe\u0142n\u0105 gam\u0119 urz\u0105dze\u0144 mobilnych w tym telefon\u00f3w kom\u00f3rkowych, tablet\u00f3w, modem\u00f3w USB i mobilnych hotspot\u00f3w.<\/p>\n\n\n\n<p><a href=\"https:\/\/pl.m.wikipedia.org\/wiki\/ZTE\">https:\/\/pl.m.wikipedia.org\/wiki\/ZTE<\/a><\/p>\n\n\n\n<h2 class=\"wp-block-heading\" id=\"section_0\">\u017byroskop<\/h2>\n\n\n\n<p>urz\u0105dzenie do pomiaru lub utrzymywania po\u0142o\u017cenia k\u0105towego, dzia\u0142aj\u0105ce w oparciu o zasad\u0119 zachowania momentu p\u0119du<\/p>\n\n\n\n<p>\u017byroskop (giroskop; gr. gyros \u2013 obr\u00f3t, skopeo \u2013 obserwowa\u0107) \u2013 urz\u0105dzenie do pomiaru lub utrzymywania orientacji przestrzennej, dzia\u0142aj\u0105ce na podstawie zasady zachowania momentu p\u0119du. Zosta\u0142 wynaleziony przez francuskiego fizyka Jeana Foucaulta w 1852 roku.<\/p>\n\n\n\n<p>Przyrz\u0105d demonstruj\u0105cy efekty \u017cyroskopowe, tak\u017ce nazywany \u017cyroskopem, ma posta\u0107 kr\u0105\u017cka, kt\u00f3ry raz wprawiony w szybki ruch obrotowy zachowuje swoje pierwotne po\u0142o\u017cenie osi obrotu, z niewielkimi ruchami precesyjnymi, kt\u00f3re s\u0105 uwzgl\u0119dniane w okre\u015blaniu kierunku lub s\u0105 eliminowane przez t\u0142umienie.<\/p>\n\n\n\n<p>Warunkiem poprawnej pracy \u017cyroskopu jest du\u017ca pr\u0119dko\u015b\u0107 obrotowa i ma\u0142e tarcie w \u0142o\u017cyskach. Ten drugi cel osi\u0105ga si\u0119 \u0142o\u017cyskuj\u0105c \u017cyroskop na strumieniu spr\u0119\u017conego powietrza lub \u2013 jeszcze lepiej \u2013 zawieszaj\u0105c go w polu elektrostatycznym (lub magnetycznym) w pr\u00f3\u017cni. W przyk\u0142adowym rozwi\u0105zaniu technicznym \u017cyroskop o pr\u0119dko\u015bci 24 tys. obr.\/min wskazuje sta\u0142y kierunek w przestrzeni z b\u0142\u0119dem nie wi\u0119kszym ni\u017c 0,0001\u00b0\/h, czyli 1\u00b0 na 14 miesi\u0119cy.<\/p>\n\n\n\n<p>Obracaj\u0105ce si\u0119 cia\u0142o o ograniczonej swobodzie ruchu osi obrotu to b\u0105k, \u017cyroskop jest te\u017c nazywany b\u0105kiem swobodnym.<\/p>\n\n\n\n<p>Opr\u00f3cz tradycyjnego \u017cyroskopu z wiruj\u0105cym cia\u0142em, istniej\u0105 tak\u017ce konstrukcje oparte na innych zasadach dzia\u0142ania, umo\u017cliwiaj\u0105ce wykrycie obrotu i wyznaczenie pr\u0119dko\u015bci k\u0105towej, tak\u017ce nazywane \u017cyroskopami. W\u015br\u00f3d uk\u0142ad\u00f3w mechanicznych wyr\u00f3\u017cnia si\u0119 \u017cyroskopy wibracyjne[1] (np. \u017cyroskop akustoelektroniczny), uk\u0142ady r\u00f3\u017cnego typu przyspieszeniomierzy, w tym wykonane w technice mikrouk\u0142adu elektromechanicznego. W uk\u0142adach optycznych budowanych w oparciu o interferometr Sagnaca wyr\u00f3\u017cnia si\u0119 \u017cyroskop laserowy oraz \u017cyroskop \u015bwiat\u0142owodowy[2]. Obr\u00f3t uk\u0142adu mo\u017ce by\u0107 tak\u017ce wykryty przez zjawiska kwantowe w cieczach nadprzewodz\u0105cych[3].<\/p>\n\n\n\n<p><a href=\"https:\/\/pl.m.wikipedia.org\/wiki\/%C5%BByroskop\">https:\/\/pl.m.wikipedia.org\/wiki\/%C5%BByroskop<\/a><\/p>\n","protected":false},"excerpt":{"rendered":"<p>5G &#8211; wszystko o 5G rozpoczynaj\u0105ce si\u0119 od litery Z Zalando sklep internetowy Zalando SE \u2013 niemiecki wysy\u0142kowy sklep internetowy z siedzib\u0105 w Berlinie. Sprzeda\u017c skupia si\u0119 g\u0142\u00f3wnie na obuwiu i odzie\u017cy, przy czym dost\u0119pny jest szerszy asortyment, kt\u00f3ry obejmuje produkty dekoracyjne, okulary przeciws\u0142oneczne, zegarki i bi\u017cuteri\u0119. Sp\u00f3\u0142ka Zalando SE jest jednym z najbardziej znanych, [&hellip;]<\/p>\n","protected":false},"author":1,"featured_media":0,"parent":0,"menu_order":0,"comment_status":"closed","ping_status":"closed","template":"","meta":{"footnotes":""},"class_list":["post-82","page","type-page","status-publish","hentry"],"yoast_head":"<!-- This site is optimized with the Yoast SEO plugin v20.9 - https:\/\/yoast.com\/wordpress\/plugins\/seo\/ -->\n<title>Z - 5G - o5go.com\/pl<\/title>\n<meta name=\"robots\" content=\"index, follow, max-snippet:-1, max-image-preview:large, max-video-preview:-1\" \/>\n<link rel=\"canonical\" href=\"https:\/\/o5go.com\/pl\/5g-z\/\" \/>\n<meta property=\"og:locale\" content=\"pl_PL\" \/>\n<meta property=\"og:type\" content=\"article\" \/>\n<meta property=\"og:title\" content=\"Z - 5G - o5go.com\/pl\" \/>\n<meta property=\"og:description\" content=\"5G &#8211; wszystko o 5G rozpoczynaj\u0105ce si\u0119 od litery Z Zalando sklep internetowy Zalando SE \u2013 niemiecki wysy\u0142kowy sklep internetowy z siedzib\u0105 w Berlinie. Sprzeda\u017c skupia si\u0119 g\u0142\u00f3wnie na obuwiu i odzie\u017cy, przy czym dost\u0119pny jest szerszy asortyment, kt\u00f3ry obejmuje produkty dekoracyjne, okulary przeciws\u0142oneczne, zegarki i bi\u017cuteri\u0119. Sp\u00f3\u0142ka Zalando SE jest jednym z najbardziej znanych, [&hellip;]\" \/>\n<meta property=\"og:url\" content=\"https:\/\/o5go.com\/pl\/5g-z\/\" \/>\n<meta property=\"og:site_name\" content=\"5G - o5go.com\/pl\" \/>\n<meta property=\"article:modified_time\" content=\"2021-04-06T15:02:11+00:00\" \/>\n<meta name=\"twitter:card\" content=\"summary_large_image\" \/>\n<meta name=\"twitter:label1\" content=\"Szacowany czas czytania\" \/>\n\t<meta name=\"twitter:data1\" content=\"2 minuty\" \/>\n<script type=\"application\/ld+json\" class=\"yoast-schema-graph\">{\"@context\":\"https:\/\/schema.org\",\"@graph\":[{\"@type\":\"WebPage\",\"@id\":\"https:\/\/o5go.com\/pl\/5g-z\/\",\"url\":\"https:\/\/o5go.com\/pl\/5g-z\/\",\"name\":\"Z - 5G - o5go.com\/pl\",\"isPartOf\":{\"@id\":\"https:\/\/o5go.com\/pl\/#website\"},\"datePublished\":\"2020-07-02T21:26:29+00:00\",\"dateModified\":\"2021-04-06T15:02:11+00:00\",\"breadcrumb\":{\"@id\":\"https:\/\/o5go.com\/pl\/5g-z\/#breadcrumb\"},\"inLanguage\":\"pl-PL\",\"potentialAction\":[{\"@type\":\"ReadAction\",\"target\":[\"https:\/\/o5go.com\/pl\/5g-z\/\"]}]},{\"@type\":\"BreadcrumbList\",\"@id\":\"https:\/\/o5go.com\/pl\/5g-z\/#breadcrumb\",\"itemListElement\":[{\"@type\":\"ListItem\",\"position\":1,\"name\":\"Home\",\"item\":\"https:\/\/o5go.com\/pl\/\"},{\"@type\":\"ListItem\",\"position\":2,\"name\":\"Z\"}]},{\"@type\":\"WebSite\",\"@id\":\"https:\/\/o5go.com\/pl\/#website\",\"url\":\"https:\/\/o5go.com\/pl\/\",\"name\":\"5G - o5go.com\/pl\",\"description\":\"5G - Wszystko o 5G - Polski\",\"potentialAction\":[{\"@type\":\"SearchAction\",\"target\":{\"@type\":\"EntryPoint\",\"urlTemplate\":\"https:\/\/o5go.com\/pl\/?s={search_term_string}\"},\"query-input\":\"required name=search_term_string\"}],\"inLanguage\":\"pl-PL\"}]}<\/script>\n<!-- \/ Yoast SEO plugin. -->","yoast_head_json":{"title":"Z - 5G - o5go.com\/pl","robots":{"index":"index","follow":"follow","max-snippet":"max-snippet:-1","max-image-preview":"max-image-preview:large","max-video-preview":"max-video-preview:-1"},"canonical":"https:\/\/o5go.com\/pl\/5g-z\/","og_locale":"pl_PL","og_type":"article","og_title":"Z - 5G - o5go.com\/pl","og_description":"5G &#8211; wszystko o 5G rozpoczynaj\u0105ce si\u0119 od litery Z Zalando sklep internetowy Zalando SE \u2013 niemiecki wysy\u0142kowy sklep internetowy z siedzib\u0105 w Berlinie. Sprzeda\u017c skupia si\u0119 g\u0142\u00f3wnie na obuwiu i odzie\u017cy, przy czym dost\u0119pny jest szerszy asortyment, kt\u00f3ry obejmuje produkty dekoracyjne, okulary przeciws\u0142oneczne, zegarki i bi\u017cuteri\u0119. Sp\u00f3\u0142ka Zalando SE jest jednym z najbardziej znanych, [&hellip;]","og_url":"https:\/\/o5go.com\/pl\/5g-z\/","og_site_name":"5G - o5go.com\/pl","article_modified_time":"2021-04-06T15:02:11+00:00","twitter_card":"summary_large_image","twitter_misc":{"Szacowany czas czytania":"2 minuty"},"schema":{"@context":"https:\/\/schema.org","@graph":[{"@type":"WebPage","@id":"https:\/\/o5go.com\/pl\/5g-z\/","url":"https:\/\/o5go.com\/pl\/5g-z\/","name":"Z - 5G - o5go.com\/pl","isPartOf":{"@id":"https:\/\/o5go.com\/pl\/#website"},"datePublished":"2020-07-02T21:26:29+00:00","dateModified":"2021-04-06T15:02:11+00:00","breadcrumb":{"@id":"https:\/\/o5go.com\/pl\/5g-z\/#breadcrumb"},"inLanguage":"pl-PL","potentialAction":[{"@type":"ReadAction","target":["https:\/\/o5go.com\/pl\/5g-z\/"]}]},{"@type":"BreadcrumbList","@id":"https:\/\/o5go.com\/pl\/5g-z\/#breadcrumb","itemListElement":[{"@type":"ListItem","position":1,"name":"Home","item":"https:\/\/o5go.com\/pl\/"},{"@type":"ListItem","position":2,"name":"Z"}]},{"@type":"WebSite","@id":"https:\/\/o5go.com\/pl\/#website","url":"https:\/\/o5go.com\/pl\/","name":"5G - o5go.com\/pl","description":"5G - Wszystko o 5G - Polski","potentialAction":[{"@type":"SearchAction","target":{"@type":"EntryPoint","urlTemplate":"https:\/\/o5go.com\/pl\/?s={search_term_string}"},"query-input":"required name=search_term_string"}],"inLanguage":"pl-PL"}]}},"_links":{"self":[{"href":"https:\/\/o5go.com\/pl\/wp-json\/wp\/v2\/pages\/82","targetHints":{"allow":["GET"]}}],"collection":[{"href":"https:\/\/o5go.com\/pl\/wp-json\/wp\/v2\/pages"}],"about":[{"href":"https:\/\/o5go.com\/pl\/wp-json\/wp\/v2\/types\/page"}],"author":[{"embeddable":true,"href":"https:\/\/o5go.com\/pl\/wp-json\/wp\/v2\/users\/1"}],"replies":[{"embeddable":true,"href":"https:\/\/o5go.com\/pl\/wp-json\/wp\/v2\/comments?post=82"}],"version-history":[{"count":4,"href":"https:\/\/o5go.com\/pl\/wp-json\/wp\/v2\/pages\/82\/revisions"}],"predecessor-version":[{"id":1510,"href":"https:\/\/o5go.com\/pl\/wp-json\/wp\/v2\/pages\/82\/revisions\/1510"}],"wp:attachment":[{"href":"https:\/\/o5go.com\/pl\/wp-json\/wp\/v2\/media?parent=82"}],"curies":[{"name":"wp","href":"https:\/\/api.w.org\/{rel}","templated":true}]}}