{"id":80,"date":"2020-07-02T23:26:03","date_gmt":"2020-07-02T21:26:03","guid":{"rendered":"https:\/\/o5go.com\/pl\/?page_id=80"},"modified":"2021-04-02T23:02:27","modified_gmt":"2021-04-02T21:02:27","slug":"5g-y","status":"publish","type":"page","link":"https:\/\/o5go.com\/pl\/5g-y\/","title":{"rendered":"Y"},"content":{"rendered":"\n<h2 class=\"wp-block-heading\">5G &#8211; wszystko o 5G rozpoczynaj\u0105ce si\u0119 od litery Y<\/h2>\n\n\n\n<h2 class=\"wp-block-heading\" id=\"section_0\">Yahoo!<\/h2>\n\n\n\n<p>ameryka\u0144skie przedsi\u0119biorstwo<\/p>\n\n\n\n<p>Yahoo! \u2013 ameryka\u0144ski portal internetowy posiadaj\u0105cy wersje w kilkunastu j\u0119zykach.<\/p>\n\n\n\n<p>G\u0142\u00f3wna siedziba znajduje si\u0119 w&nbsp;Sunnyvale, w stanie&nbsp;Kalifornia, w&nbsp;USA.<\/p>\n\n\n\n<p>Tw\u00f3rcami serwisu s\u0105 David Filo i Jerry Yang \u2013 doktoranci fizyki na Wydziale In\u017cynierii Elektrycznej Uniwersytetu w Stanford. Zacz\u0119li swoj\u0105 dzia\u0142alno\u015b\u0107 w 1994 roku od porz\u0105dkowania swoich dokument\u00f3w znalezionych w Internecie dzi\u0119ki wyszukiwarce AltaVista. Wkr\u00f3tce stwierdzili, \u017ce przygotowywany \u201edomowym sposobem\u201d katalog dokument\u00f3w internetowych jest na tyle interesuj\u0105cym przedsi\u0119wzi\u0119ciem, aby po\u015bwi\u0119ci\u0107 mu wi\u0119cej czasu.<\/p>\n\n\n\n<p>Pocz\u0105tkowo strona nazywa\u0142a si\u0119 Jerry and David\u2019s Guide to the World Wide Web. Strona internetowa stawa\u0142a si\u0119 coraz bardziej popularna, dlatego nazwa zosta\u0142a zmieniona na Yahoo!. Nazwa pochodzi od stworze\u0144 przedstawionych w powie\u015bci \u201ePodr\u00f3\u017ce Guliwera\u201d Jonathana Swifta. ksi\u0105\u017cce nazwano je odra\u017caj\u0105cymi obrzydliwymi humanoidalnymi stworzeniami \u2013 \u201eskoncentrowanym obrazem ludzkiej natury, nie uszlachetnionym przez duchowo\u015b\u0107\u201d. Za\u0142o\u017cyciele firmy nalegaj\u0105 na t\u0119 wersj\u0119[3].<\/p>\n\n\n\n<p>Wi\u0119cej na stronie Wikipedia.org:<\/p>\n\n\n\n<p><a href=\"https:\/\/pl.m.wikipedia.org\/wiki\/Yahoo!\">https:\/\/pl.m.wikipedia.org\/wiki\/Yahoo!<\/a><\/p>\n\n\n\n<h2 class=\"wp-block-heading\" id=\"section_0\">Yamaha<\/h2>\n\n\n\n<p>japo\u0144skie przedsi\u0119biorstwo<\/p>\n\n\n\n<p>Yamaha Group \u2013 japo\u0144ski koncern, za\u0142o\u017cony 12 pa\u017adziernika 1887 przez Torakusu Yamah\u0119, notowany na gie\u0142dzie w Tokio.<\/p>\n\n\n\n<p>Wyprodukowano w nim pierwsze w Japonii pianino. W 1904 pianina i organy Yamahy zosta\u0142y nagrodzone Honorow\u0105 G\u0142\u00f3wn\u0105 Nagrod\u0105 na Targach \u015awiatowych w Saint Louis. Firma Yamaha wprowadzi\u0142a na rynek pierwsze popularne syntezatory cyfrowe, w tym model DX7, kt\u00f3ry osi\u0105gn\u0105\u0142 du\u017cy sukces komercyjny[1].<\/p>\n\n\n\n<p>Koncern ma ugruntowan\u0105 pozycj\u0119 w wielu ga\u0142\u0119ziach \u015bwiatowego przemys\u0142u.<\/p>\n\n\n\n<p>Od 1955 roku jako Yamaha Motor Company zajmuje si\u0119 produkcj\u0105 pojazd\u00f3w jedno\u015bladowych \u2013 motocykli, motor\u00f3w sportowych, skuter\u00f3w, skuter\u00f3w \u015bnie\u017cnych i wodnych oraz silnik\u00f3w do \u0142odzi motorowych, a tak\u017ce quad\u00f3w. Produkowa\u0142a tak\u017ce w \u015bladowych ilo\u015bciach samochody: wyczynowy pojazd na bazie bolidu Formu\u0142y 1 OX99-11 i R-Car.<\/p>\n\n\n\n<p>Aktualna dzia\u0142alno\u015b\u0107 grupy Yamaha obejmuje:<\/p>\n\n\n\n<p>produkcj\u0119 i sprzeda\u017c:<br>instrument\u00f3w muzycznych (m.in. fortepiany i pianina, syntezatory, zestawy perkusyjne, gitary itp.),<br>urz\u0105dze\u0144 audiowizualnych,<br>chipset\u00f3w i kart muzycznych,<br>prowadzenie szk\u00f3\u0142 muzycznych i innych o\u015brodk\u00f3w zwi\u0105zanych z muzyk\u0105,<br>rynek motoryzacyjny.<\/p>\n\n\n\n<p>Wi\u0119cej na stronie Wikipedia.org:<\/p>\n\n\n\n<p><a href=\"https:\/\/pl.m.wikipedia.org\/wiki\/Yamaha\">https:\/\/pl.m.wikipedia.org\/wiki\/Yamaha<\/a><\/p>\n\n\n\n<h2 class=\"wp-block-heading\" id=\"section_0\">Yandex<\/h2>\n\n\n\n<p>firma informatyczna<\/p>\n\n\n\n<p>Yandex (ros. \u042f\u043d\u0434\u0435\u043a\u0441) (czyt. Jandeks) \u2013 rosyjsko-holenderskie przedsi\u0119biorstwo z siedzib\u0105 w Amsterdamie i z siedzib\u0105 operacyjn\u0105 w Moskwie; korporacja mi\u0119dzynarodowa w bran\u017cy informatycznej, w\u0142a\u015bciciel rosyjskiej wyszukiwarki internetowej o tej samej nazwie[1][2]. W 2017 wyszukiwarka kontrolowa\u0142a oko\u0142o 50% rynku w Rosji[3] oraz by\u0142a to \u00f3sma co do wielko\u015bci wyszukiwarka \u015bwiata.<\/p>\n\n\n\n<p>Wi\u0119cej na stronie Wikipedia.org:<\/p>\n\n\n\n<p><a href=\"https:\/\/pl.m.wikipedia.org\/wiki\/Yandex\">https:\/\/pl.m.wikipedia.org\/wiki\/Yandex<\/a><\/p>\n\n\n\n<h2 class=\"wp-block-heading\">Yelp<\/h2>\n\n\n\n<p>Yelp \u2013 ameryka\u0144ski agregator opinii z siedzib\u0105 w San Francisco, w Kalifornii. W\u0142a\u015bciciel aplikacji mobilnej pod t\u0105 sam\u0105 nazw\u0105, a tak\u017ce serwisu oferuj\u0105cego rezerwacj\u0119 online Eat24. Yelp szkoli ma\u0142e przedsi\u0119biorstwa z metod odpowiadania na opinie, organizuje imprezy integracyjne dla recenzent\u00f3w, oraz dostarcza danych na temat przedsi\u0119biorstw, w\u0142\u0105cznie z wynikami inspekcji sanitarnej.<\/p>\n\n\n\n<p>Wi\u0119cej na stronie Wikipedia.org:<\/p>\n\n\n\n<p><a href=\"https:\/\/pl.m.wikipedia.org\/wiki\/Yelp\">https:\/\/pl.m.wikipedia.org\/wiki\/Yelp<\/a><\/p>\n\n\n\n<h2 class=\"wp-block-heading\" id=\"section_0\">Youku<\/h2>\n\n\n\n<p>chi\u0144ska platforma strumieniowa<\/p>\n\n\n\n<p>Youku Tudou Inc. (dawniej Youku Inc.) prowadz\u0105ca dzia\u0142alno\u015b\u0107 jako Youku[1] (chi\u0144. \u4f18\u9177; dos\u0142ownie: \u201edoskona\u0142e\/fajne\u201d[2]) \u2013 us\u0142uga hostingu wideo z siedzib\u0105 w Pekinie, w Chinach. Dzia\u0142a ona w ramach Alibaba Group.<\/p>\n\n\n\n<p><a href=\"https:\/\/pl.m.wikipedia.org\/wiki\/Youku\">https:\/\/pl.m.wikipedia.org\/wiki\/Youku<\/a><\/p>\n\n\n\n<h2 class=\"wp-block-heading\" id=\"section_0\">YouTube<\/h2>\n\n\n\n<p>serwis internetowy<\/p>\n\n\n\n<p>YouTube \u2013 serwis internetowy za\u0142o\u017cony w lutym 2005 roku, kt\u00f3ry umo\u017cliwia bezp\u0142atne umieszczanie, ocenianie i komentowanie film\u00f3w. Prezesem od 2014 roku jest Susan Wojcicki.<\/p>\n\n\n\n<p>Serwis u\u017cywa technologii HTML5 i FLV do wy\u015bwietlania film\u00f3w zamieszczonych przez u\u017cytkownik\u00f3w (tzw. user-generated content), takich jak zwiastuny filmowe lub telewizyjne, teledyski, jak i dzie\u0142a amatorskie: wideoblogi i kr\u00f3tkie w\u0142asne filmy. Wi\u0119kszo\u015b\u0107 materia\u0142\u00f3w zosta\u0142a za\u0142adowana na YouTube przez prywatne osoby, ale wiele przedsi\u0119biorstw (na przyk\u0142ad Columbia Broadcasting System, BBC, Universal Music Group, Polska Agencja Prasowa, Grupa TVN, CD Projekt), r\u00f3\u017cne instytucje i organizacje oferuj\u0105 cz\u0119\u015b\u0107 swoich materia\u0142\u00f3w przez YouTube jako cz\u0119\u015b\u0107 programu partnerskiego.<\/p>\n\n\n\n<p>Niezarejestrowani u\u017cytkownicy mog\u0105 ogl\u0105da\u0107 filmy, podczas gdy zarejestrowani maj\u0105 mo\u017cliwo\u015b\u0107 umieszczenia nieograniczonej liczby film\u00f3w. Filmy, kt\u00f3re zostan\u0105 uznane za zawieraj\u0105ce tre\u015bci nieodpowiednie dla m\u0142odszych u\u017cytkownik\u00f3w, s\u0105 dost\u0119pne tylko dla zarejestrowanych w wieku co najmniej 18 lat. Umieszczanie film\u00f3w zawieraj\u0105cych pornografi\u0119, obj\u0119tych prawem autorskim, propaguj\u0105cych nienawi\u015b\u0107 oraz zachowania przest\u0119pcze i b\u0119d\u0105cych znies\u0142awieniem jest zabronione w warunkach korzystania z us\u0142ugi. Profile kont zarejestrowanych u\u017cytkownik\u00f3w s\u0105 okre\u015blane jako \u201ekana\u0142y\u201d. Na stronach serwisu wy\u015bwietlane s\u0105 reklamy.<\/p>\n\n\n\n<p>YouTube zosta\u0142 za\u0142o\u017cony przez Chada Hurleya, Steve\u2019a Chena i Jaweda Karima, kt\u00f3rzy byli wcze\u015bniej pracownikami przedsi\u0119biorstwa PayPal. Hurley studiowa\u0142 na Indiana University of Pennsylvania. Chen i Karim studiowali informatyk\u0119 na University of Illinois at Urbana-Champaign. Nazwa domeny youtube.com zosta\u0142a aktywowana 14 lutego 2005, witryna by\u0142a rozwijana przez kolejne miesi\u0105ce. Tw\u00f3rcy udost\u0119pnili publicznie pierwsz\u0105 wersj\u0119 serwisu w maju 2005, sze\u015b\u0107 miesi\u0119cy przed oficjalnym debiutem YouTube. Podobnie jak wiele innych technologicznych startup\u00f3w, YouTube wystartowa\u0142o za spraw\u0105 tzw. anio\u0142a biznesu, maj\u0105c jedynie prowizoryczne biuro w gara\u017cu. W listopadzie 2005 przedsi\u0119biorstwo venture capital Sequoia Capital zainwestowa\u0142o w YouTube 3,5 miliona dolar\u00f3w ameryka\u0144skich. Dodatkowo Roelof Botha \u2013 partner przedsi\u0119biorstwa i dawny Chief Financial Officer przedsi\u0119biorstwa PayPal \u2013 do\u0142\u0105czy\u0142 do zarz\u0105du przedsi\u0119biorstwa YouTube LLC. W kwietniu 2006 Sequoia Capital wnios\u0142a 8 milion\u00f3w dolar\u00f3w do sp\u00f3\u0142ki, kt\u00f3ra prze\u017cy\u0142a ogromny wzrost popularno\u015bci w ci\u0105gu kilku pierwszych miesi\u0119cy dzia\u0142alno\u015bci.<\/p>\n\n\n\n<p>Pierwszym filmem opublikowanym w serwisie YouTube by\u0142 Me at the zoo u\u017cytkownika jawed (Jawed Karim). Film zosta\u0142 za\u0142adowany 23 kwietnia 2005 o 20:27.<\/p>\n\n\n\n<p>W czasie lata 2006 YouTube by\u0142 jedn\u0105 z najszybciej rosn\u0105cych witryn internetowych i sta\u0142 si\u0119 5. najbardziej popularn\u0105 stron\u0105 w rankingu Alexa Internet. Wed\u0142ug badania z 16 lipca 2006 na YouTube ogl\u0105dano 100 milion\u00f3w film\u00f3w dziennie, a 65 tys. nowych film\u00f3w umieszczano na serwisie w ci\u0105gu doby. Witryna mia\u0142a \u015brednio 100 milion\u00f3w odwiedzaj\u0105cych miesi\u0119cznie.<\/p>\n\n\n\n<p>9 pa\u017adziernika 2006 og\u0142oszono, \u017ce przedsi\u0119biorstwo mo\u017ce zosta\u0107 kupione przez Google za 1,65 miliarda dolar\u00f3w z kapita\u0142em akcyjnym. Umowa zakupu pomi\u0119dzy Google i YouTube zosta\u0142a zawarta po tym, jak YouTube przedstawi\u0142 ugody z trzema przedsi\u0119biorstwami medialnymi, unikaj\u0105c prawnych konsekwencji naruszania praw autorskich. Umowa zosta\u0142a zawarta 13 listopada i by\u0142a w\u00f3wczas najwi\u0119ksz\u0105 co do wielko\u015bci transakcj\u0105 przedsi\u0119biorstwa Google.<\/p>\n\n\n\n<p><a href=\"https:\/\/pl.m.wikipedia.org\/wiki\/YouTube\">https:\/\/pl.m.wikipedia.org\/wiki\/YouTube<\/a><\/p>\n\n\n\n<hr class=\"wp-block-separator\"\/>\n\n\n\n<p><a href=\"http:\/\/o5go.com\">o5go.com<\/a><\/p>\n","protected":false},"excerpt":{"rendered":"<p>5G &#8211; wszystko o 5G rozpoczynaj\u0105ce si\u0119 od litery Y Yahoo! ameryka\u0144skie przedsi\u0119biorstwo Yahoo! \u2013 ameryka\u0144ski portal internetowy posiadaj\u0105cy wersje w kilkunastu j\u0119zykach. G\u0142\u00f3wna siedziba znajduje si\u0119 w&nbsp;Sunnyvale, w stanie&nbsp;Kalifornia, w&nbsp;USA. Tw\u00f3rcami serwisu s\u0105 David Filo i Jerry Yang \u2013 doktoranci fizyki na Wydziale In\u017cynierii Elektrycznej Uniwersytetu w Stanford. Zacz\u0119li swoj\u0105 dzia\u0142alno\u015b\u0107 w 1994 roku [&hellip;]<\/p>\n","protected":false},"author":1,"featured_media":0,"parent":0,"menu_order":0,"comment_status":"closed","ping_status":"closed","template":"","meta":{"footnotes":""},"class_list":["post-80","page","type-page","status-publish","hentry"],"yoast_head":"<!-- This site is optimized with the Yoast SEO plugin v20.9 - https:\/\/yoast.com\/wordpress\/plugins\/seo\/ -->\n<title>Y - 5G - o5go.com\/pl<\/title>\n<meta name=\"robots\" content=\"index, follow, max-snippet:-1, max-image-preview:large, max-video-preview:-1\" \/>\n<link rel=\"canonical\" href=\"https:\/\/o5go.com\/pl\/5g-y\/\" \/>\n<meta property=\"og:locale\" content=\"pl_PL\" \/>\n<meta property=\"og:type\" content=\"article\" \/>\n<meta property=\"og:title\" content=\"Y - 5G - o5go.com\/pl\" \/>\n<meta property=\"og:description\" content=\"5G &#8211; wszystko o 5G rozpoczynaj\u0105ce si\u0119 od litery Y Yahoo! ameryka\u0144skie przedsi\u0119biorstwo Yahoo! \u2013 ameryka\u0144ski portal internetowy posiadaj\u0105cy wersje w kilkunastu j\u0119zykach. G\u0142\u00f3wna siedziba znajduje si\u0119 w&nbsp;Sunnyvale, w stanie&nbsp;Kalifornia, w&nbsp;USA. Tw\u00f3rcami serwisu s\u0105 David Filo i Jerry Yang \u2013 doktoranci fizyki na Wydziale In\u017cynierii Elektrycznej Uniwersytetu w Stanford. Zacz\u0119li swoj\u0105 dzia\u0142alno\u015b\u0107 w 1994 roku [&hellip;]\" \/>\n<meta property=\"og:url\" content=\"https:\/\/o5go.com\/pl\/5g-y\/\" \/>\n<meta property=\"og:site_name\" content=\"5G - o5go.com\/pl\" \/>\n<meta property=\"article:modified_time\" content=\"2021-04-02T21:02:27+00:00\" \/>\n<meta name=\"twitter:card\" content=\"summary_large_image\" \/>\n<meta name=\"twitter:label1\" content=\"Szacowany czas czytania\" \/>\n\t<meta name=\"twitter:data1\" content=\"4 minuty\" \/>\n<script type=\"application\/ld+json\" class=\"yoast-schema-graph\">{\"@context\":\"https:\/\/schema.org\",\"@graph\":[{\"@type\":\"WebPage\",\"@id\":\"https:\/\/o5go.com\/pl\/5g-y\/\",\"url\":\"https:\/\/o5go.com\/pl\/5g-y\/\",\"name\":\"Y - 5G - o5go.com\/pl\",\"isPartOf\":{\"@id\":\"https:\/\/o5go.com\/pl\/#website\"},\"datePublished\":\"2020-07-02T21:26:03+00:00\",\"dateModified\":\"2021-04-02T21:02:27+00:00\",\"breadcrumb\":{\"@id\":\"https:\/\/o5go.com\/pl\/5g-y\/#breadcrumb\"},\"inLanguage\":\"pl-PL\",\"potentialAction\":[{\"@type\":\"ReadAction\",\"target\":[\"https:\/\/o5go.com\/pl\/5g-y\/\"]}]},{\"@type\":\"BreadcrumbList\",\"@id\":\"https:\/\/o5go.com\/pl\/5g-y\/#breadcrumb\",\"itemListElement\":[{\"@type\":\"ListItem\",\"position\":1,\"name\":\"Home\",\"item\":\"https:\/\/o5go.com\/pl\/\"},{\"@type\":\"ListItem\",\"position\":2,\"name\":\"Y\"}]},{\"@type\":\"WebSite\",\"@id\":\"https:\/\/o5go.com\/pl\/#website\",\"url\":\"https:\/\/o5go.com\/pl\/\",\"name\":\"5G - o5go.com\/pl\",\"description\":\"5G - Wszystko o 5G - Polski\",\"potentialAction\":[{\"@type\":\"SearchAction\",\"target\":{\"@type\":\"EntryPoint\",\"urlTemplate\":\"https:\/\/o5go.com\/pl\/?s={search_term_string}\"},\"query-input\":\"required name=search_term_string\"}],\"inLanguage\":\"pl-PL\"}]}<\/script>\n<!-- \/ Yoast SEO plugin. -->","yoast_head_json":{"title":"Y - 5G - o5go.com\/pl","robots":{"index":"index","follow":"follow","max-snippet":"max-snippet:-1","max-image-preview":"max-image-preview:large","max-video-preview":"max-video-preview:-1"},"canonical":"https:\/\/o5go.com\/pl\/5g-y\/","og_locale":"pl_PL","og_type":"article","og_title":"Y - 5G - o5go.com\/pl","og_description":"5G &#8211; wszystko o 5G rozpoczynaj\u0105ce si\u0119 od litery Y Yahoo! ameryka\u0144skie przedsi\u0119biorstwo Yahoo! \u2013 ameryka\u0144ski portal internetowy posiadaj\u0105cy wersje w kilkunastu j\u0119zykach. G\u0142\u00f3wna siedziba znajduje si\u0119 w&nbsp;Sunnyvale, w stanie&nbsp;Kalifornia, w&nbsp;USA. Tw\u00f3rcami serwisu s\u0105 David Filo i Jerry Yang \u2013 doktoranci fizyki na Wydziale In\u017cynierii Elektrycznej Uniwersytetu w Stanford. Zacz\u0119li swoj\u0105 dzia\u0142alno\u015b\u0107 w 1994 roku [&hellip;]","og_url":"https:\/\/o5go.com\/pl\/5g-y\/","og_site_name":"5G - o5go.com\/pl","article_modified_time":"2021-04-02T21:02:27+00:00","twitter_card":"summary_large_image","twitter_misc":{"Szacowany czas czytania":"4 minuty"},"schema":{"@context":"https:\/\/schema.org","@graph":[{"@type":"WebPage","@id":"https:\/\/o5go.com\/pl\/5g-y\/","url":"https:\/\/o5go.com\/pl\/5g-y\/","name":"Y - 5G - o5go.com\/pl","isPartOf":{"@id":"https:\/\/o5go.com\/pl\/#website"},"datePublished":"2020-07-02T21:26:03+00:00","dateModified":"2021-04-02T21:02:27+00:00","breadcrumb":{"@id":"https:\/\/o5go.com\/pl\/5g-y\/#breadcrumb"},"inLanguage":"pl-PL","potentialAction":[{"@type":"ReadAction","target":["https:\/\/o5go.com\/pl\/5g-y\/"]}]},{"@type":"BreadcrumbList","@id":"https:\/\/o5go.com\/pl\/5g-y\/#breadcrumb","itemListElement":[{"@type":"ListItem","position":1,"name":"Home","item":"https:\/\/o5go.com\/pl\/"},{"@type":"ListItem","position":2,"name":"Y"}]},{"@type":"WebSite","@id":"https:\/\/o5go.com\/pl\/#website","url":"https:\/\/o5go.com\/pl\/","name":"5G - o5go.com\/pl","description":"5G - Wszystko o 5G - Polski","potentialAction":[{"@type":"SearchAction","target":{"@type":"EntryPoint","urlTemplate":"https:\/\/o5go.com\/pl\/?s={search_term_string}"},"query-input":"required name=search_term_string"}],"inLanguage":"pl-PL"}]}},"_links":{"self":[{"href":"https:\/\/o5go.com\/pl\/wp-json\/wp\/v2\/pages\/80","targetHints":{"allow":["GET"]}}],"collection":[{"href":"https:\/\/o5go.com\/pl\/wp-json\/wp\/v2\/pages"}],"about":[{"href":"https:\/\/o5go.com\/pl\/wp-json\/wp\/v2\/types\/page"}],"author":[{"embeddable":true,"href":"https:\/\/o5go.com\/pl\/wp-json\/wp\/v2\/users\/1"}],"replies":[{"embeddable":true,"href":"https:\/\/o5go.com\/pl\/wp-json\/wp\/v2\/comments?post=80"}],"version-history":[{"count":7,"href":"https:\/\/o5go.com\/pl\/wp-json\/wp\/v2\/pages\/80\/revisions"}],"predecessor-version":[{"id":1391,"href":"https:\/\/o5go.com\/pl\/wp-json\/wp\/v2\/pages\/80\/revisions\/1391"}],"wp:attachment":[{"href":"https:\/\/o5go.com\/pl\/wp-json\/wp\/v2\/media?parent=80"}],"curies":[{"name":"wp","href":"https:\/\/api.w.org\/{rel}","templated":true}]}}