{"id":78,"date":"2020-07-02T23:25:45","date_gmt":"2020-07-02T21:25:45","guid":{"rendered":"https:\/\/o5go.com\/pl\/?page_id=78"},"modified":"2021-03-01T17:35:02","modified_gmt":"2021-03-01T16:35:02","slug":"5g-x","status":"publish","type":"page","link":"https:\/\/o5go.com\/pl\/5g-x\/","title":{"rendered":"X"},"content":{"rendered":"\n<h2 class=\"wp-block-heading\">5G &#8211; wszystko o 5G rozpoczynaj\u0105ce si\u0119 od litery X<\/h2>\n\n\n\n<h3 class=\"wp-block-heading\" id=\"section_0\">Xiaomi<\/h3>\n\n\n\n<p>chi\u0144skie przedsi\u0119biorstwo<\/p>\n\n\n\n<p>Xiaomi (chi\u0144. \u5c0f\u7c73\u79d1\u6280; pinyin Xi\u01ceom\u012d K\u0113j\u00ec; dos\u0142. \u201etechnologia prosa\u201d; wym. \u0255j\u01ceu.m\u00ec; tu: jako wieloznaczeniowe skojarzenie) \u2013 chi\u0144ska sp\u00f3\u0142ka prywatna z siedzib\u0105 w dzielnicy Haidian w Pekinie specjalizuj\u0105ca si\u0119 w projektowaniu, tworzeniu i sprzeda\u017cy smartfon\u00f3w oraz aplikacji i elektroniki u\u017cytkowej, za\u0142o\u017cona 6 kwietnia 2010 roku. Pierwszym produktem firmy by\u0142 smartfon Mi1. Opr\u00f3cz telefon\u00f3w firma produkuje r\u00f3wnie\u017c inteligentne opaski, tablety, kamerki sportowe, telewizory, przystawki smart TV dla telewizor\u00f3w, powerbanki, s\u0142uchawki, inteligentne buty, odzie\u017c, routery, g\u0142o\u015bniki przeno\u015bne, czajniki, pojazdy segway (Xiaomi NINEBOT), hulajnog\u0119 (MiJia Electric Scooter), smartwatche, \u017car\u00f3wki Yeelight, kostki-zabawki antystresowe (Mitu Fidget Cube), akcesoria do telefon\u00f3w i oczyszczacze powietrza Airpurifier. Opr\u00f3cz tego Xiaomi jest firm\u0105-inwestorem w wielu mniejszych, kt\u00f3re oferuj\u0105 rozmaite produkty.<\/p>\n\n\n\n<p>Xiaomi prowadzi\u0142o dzia\u0142alno\u015b\u0107, wykorzystuj\u0105c popularno\u015b\u0107 Apple Inc. i prowadz\u0105c podobny marketing. Prezes firmy Lei Jun upodabnia\u0142 si\u0119 do wizerunku, jaki mia\u0142 Steve Jobs, nosz\u0105c d\u017cinsy i ciemne koszule oraz na\u015bladuj\u0105c Jobsa spos\u00f3b zapowiedzi nowych produkt\u00f3w, przez co nazywany jest fa\u0142szywym Jobsem. Pomimo wielokrotnych por\u00f3wna\u0144 do Apple\u2019a, Xiaomi utrzymuje, \u017ce kieruje si\u0119 innym zestawem zasad. Obecnie Xiaomi jest bardziej autonomiczne, wyrobi\u0142o swoj\u0105 mark\u0119 i stylistyk\u0119. G\u0142\u00f3wnym has\u0142em s\u0105 tanie produkty o wysokiej jako\u015bci, dlatego Chi\u0144czycy nie maj\u0105 zamiaru przekroczy\u0107 5% mar\u017cy. Obecnie Xiaomi jest ju\u017c znan\u0105 i uznawan\u0105 mark\u0105, telefony Redmi Note 8 i Redmi Note 8 Pro znalaz\u0142y si\u0119 w\u015br\u00f3d 10 najpopularniejszych smartfon\u00f3w w czwartym kwartale 2019 roku.<\/p>\n\n\n\n<p>Wi\u0119cej na stronie Wikipedia.org:<\/p>\n\n\n\n<p><a href=\"https:\/\/pl.m.wikipedia.org\/wiki\/Xiaomi\">https:\/\/pl.m.wikipedia.org\/wiki\/Xiaomi<\/a><\/p>\n","protected":false},"excerpt":{"rendered":"<p>5G &#8211; wszystko o 5G rozpoczynaj\u0105ce si\u0119 od litery X Xiaomi chi\u0144skie przedsi\u0119biorstwo Xiaomi (chi\u0144. \u5c0f\u7c73\u79d1\u6280; pinyin Xi\u01ceom\u012d K\u0113j\u00ec; dos\u0142. \u201etechnologia prosa\u201d; wym. \u0255j\u01ceu.m\u00ec; tu: jako wieloznaczeniowe skojarzenie) \u2013 chi\u0144ska sp\u00f3\u0142ka prywatna z siedzib\u0105 w dzielnicy Haidian w Pekinie specjalizuj\u0105ca si\u0119 w projektowaniu, tworzeniu i sprzeda\u017cy smartfon\u00f3w oraz aplikacji i elektroniki u\u017cytkowej, za\u0142o\u017cona 6 kwietnia [&hellip;]<\/p>\n","protected":false},"author":1,"featured_media":0,"parent":0,"menu_order":0,"comment_status":"closed","ping_status":"closed","template":"","meta":{"footnotes":""},"class_list":["post-78","page","type-page","status-publish","hentry"],"yoast_head":"<!-- This site is optimized with the Yoast SEO plugin v20.9 - https:\/\/yoast.com\/wordpress\/plugins\/seo\/ -->\n<title>X - 5G - o5go.com\/pl<\/title>\n<meta name=\"robots\" content=\"index, follow, max-snippet:-1, max-image-preview:large, max-video-preview:-1\" \/>\n<link rel=\"canonical\" href=\"https:\/\/o5go.com\/pl\/5g-x\/\" \/>\n<meta property=\"og:locale\" content=\"pl_PL\" \/>\n<meta property=\"og:type\" content=\"article\" \/>\n<meta property=\"og:title\" content=\"X - 5G - o5go.com\/pl\" \/>\n<meta property=\"og:description\" content=\"5G &#8211; wszystko o 5G rozpoczynaj\u0105ce si\u0119 od litery X Xiaomi chi\u0144skie przedsi\u0119biorstwo Xiaomi (chi\u0144. \u5c0f\u7c73\u79d1\u6280; pinyin Xi\u01ceom\u012d K\u0113j\u00ec; dos\u0142. \u201etechnologia prosa\u201d; wym. \u0255j\u01ceu.m\u00ec; tu: jako wieloznaczeniowe skojarzenie) \u2013 chi\u0144ska sp\u00f3\u0142ka prywatna z siedzib\u0105 w dzielnicy Haidian w Pekinie specjalizuj\u0105ca si\u0119 w projektowaniu, tworzeniu i sprzeda\u017cy smartfon\u00f3w oraz aplikacji i elektroniki u\u017cytkowej, za\u0142o\u017cona 6 kwietnia [&hellip;]\" \/>\n<meta property=\"og:url\" content=\"https:\/\/o5go.com\/pl\/5g-x\/\" \/>\n<meta property=\"og:site_name\" content=\"5G - o5go.com\/pl\" \/>\n<meta property=\"article:modified_time\" content=\"2021-03-01T16:35:02+00:00\" \/>\n<meta name=\"twitter:card\" content=\"summary_large_image\" \/>\n<meta name=\"twitter:label1\" content=\"Szacowany czas czytania\" \/>\n\t<meta name=\"twitter:data1\" content=\"2 minuty\" \/>\n<script type=\"application\/ld+json\" class=\"yoast-schema-graph\">{\"@context\":\"https:\/\/schema.org\",\"@graph\":[{\"@type\":\"WebPage\",\"@id\":\"https:\/\/o5go.com\/pl\/5g-x\/\",\"url\":\"https:\/\/o5go.com\/pl\/5g-x\/\",\"name\":\"X - 5G - o5go.com\/pl\",\"isPartOf\":{\"@id\":\"https:\/\/o5go.com\/pl\/#website\"},\"datePublished\":\"2020-07-02T21:25:45+00:00\",\"dateModified\":\"2021-03-01T16:35:02+00:00\",\"breadcrumb\":{\"@id\":\"https:\/\/o5go.com\/pl\/5g-x\/#breadcrumb\"},\"inLanguage\":\"pl-PL\",\"potentialAction\":[{\"@type\":\"ReadAction\",\"target\":[\"https:\/\/o5go.com\/pl\/5g-x\/\"]}]},{\"@type\":\"BreadcrumbList\",\"@id\":\"https:\/\/o5go.com\/pl\/5g-x\/#breadcrumb\",\"itemListElement\":[{\"@type\":\"ListItem\",\"position\":1,\"name\":\"Home\",\"item\":\"https:\/\/o5go.com\/pl\/\"},{\"@type\":\"ListItem\",\"position\":2,\"name\":\"X\"}]},{\"@type\":\"WebSite\",\"@id\":\"https:\/\/o5go.com\/pl\/#website\",\"url\":\"https:\/\/o5go.com\/pl\/\",\"name\":\"5G - o5go.com\/pl\",\"description\":\"5G - Wszystko o 5G - Polski\",\"potentialAction\":[{\"@type\":\"SearchAction\",\"target\":{\"@type\":\"EntryPoint\",\"urlTemplate\":\"https:\/\/o5go.com\/pl\/?s={search_term_string}\"},\"query-input\":\"required name=search_term_string\"}],\"inLanguage\":\"pl-PL\"}]}<\/script>\n<!-- \/ Yoast SEO plugin. -->","yoast_head_json":{"title":"X - 5G - o5go.com\/pl","robots":{"index":"index","follow":"follow","max-snippet":"max-snippet:-1","max-image-preview":"max-image-preview:large","max-video-preview":"max-video-preview:-1"},"canonical":"https:\/\/o5go.com\/pl\/5g-x\/","og_locale":"pl_PL","og_type":"article","og_title":"X - 5G - o5go.com\/pl","og_description":"5G &#8211; wszystko o 5G rozpoczynaj\u0105ce si\u0119 od litery X Xiaomi chi\u0144skie przedsi\u0119biorstwo Xiaomi (chi\u0144. \u5c0f\u7c73\u79d1\u6280; pinyin Xi\u01ceom\u012d K\u0113j\u00ec; dos\u0142. \u201etechnologia prosa\u201d; wym. \u0255j\u01ceu.m\u00ec; tu: jako wieloznaczeniowe skojarzenie) \u2013 chi\u0144ska sp\u00f3\u0142ka prywatna z siedzib\u0105 w dzielnicy Haidian w Pekinie specjalizuj\u0105ca si\u0119 w projektowaniu, tworzeniu i sprzeda\u017cy smartfon\u00f3w oraz aplikacji i elektroniki u\u017cytkowej, za\u0142o\u017cona 6 kwietnia [&hellip;]","og_url":"https:\/\/o5go.com\/pl\/5g-x\/","og_site_name":"5G - o5go.com\/pl","article_modified_time":"2021-03-01T16:35:02+00:00","twitter_card":"summary_large_image","twitter_misc":{"Szacowany czas czytania":"2 minuty"},"schema":{"@context":"https:\/\/schema.org","@graph":[{"@type":"WebPage","@id":"https:\/\/o5go.com\/pl\/5g-x\/","url":"https:\/\/o5go.com\/pl\/5g-x\/","name":"X - 5G - o5go.com\/pl","isPartOf":{"@id":"https:\/\/o5go.com\/pl\/#website"},"datePublished":"2020-07-02T21:25:45+00:00","dateModified":"2021-03-01T16:35:02+00:00","breadcrumb":{"@id":"https:\/\/o5go.com\/pl\/5g-x\/#breadcrumb"},"inLanguage":"pl-PL","potentialAction":[{"@type":"ReadAction","target":["https:\/\/o5go.com\/pl\/5g-x\/"]}]},{"@type":"BreadcrumbList","@id":"https:\/\/o5go.com\/pl\/5g-x\/#breadcrumb","itemListElement":[{"@type":"ListItem","position":1,"name":"Home","item":"https:\/\/o5go.com\/pl\/"},{"@type":"ListItem","position":2,"name":"X"}]},{"@type":"WebSite","@id":"https:\/\/o5go.com\/pl\/#website","url":"https:\/\/o5go.com\/pl\/","name":"5G - o5go.com\/pl","description":"5G - Wszystko o 5G - Polski","potentialAction":[{"@type":"SearchAction","target":{"@type":"EntryPoint","urlTemplate":"https:\/\/o5go.com\/pl\/?s={search_term_string}"},"query-input":"required name=search_term_string"}],"inLanguage":"pl-PL"}]}},"_links":{"self":[{"href":"https:\/\/o5go.com\/pl\/wp-json\/wp\/v2\/pages\/78","targetHints":{"allow":["GET"]}}],"collection":[{"href":"https:\/\/o5go.com\/pl\/wp-json\/wp\/v2\/pages"}],"about":[{"href":"https:\/\/o5go.com\/pl\/wp-json\/wp\/v2\/types\/page"}],"author":[{"embeddable":true,"href":"https:\/\/o5go.com\/pl\/wp-json\/wp\/v2\/users\/1"}],"replies":[{"embeddable":true,"href":"https:\/\/o5go.com\/pl\/wp-json\/wp\/v2\/comments?post=78"}],"version-history":[{"count":2,"href":"https:\/\/o5go.com\/pl\/wp-json\/wp\/v2\/pages\/78\/revisions"}],"predecessor-version":[{"id":350,"href":"https:\/\/o5go.com\/pl\/wp-json\/wp\/v2\/pages\/78\/revisions\/350"}],"wp:attachment":[{"href":"https:\/\/o5go.com\/pl\/wp-json\/wp\/v2\/media?parent=78"}],"curies":[{"name":"wp","href":"https:\/\/api.w.org\/{rel}","templated":true}]}}