{"id":74,"date":"2020-07-02T23:25:04","date_gmt":"2020-07-02T21:25:04","guid":{"rendered":"https:\/\/o5go.com\/pl\/?page_id=74"},"modified":"2021-06-19T01:08:22","modified_gmt":"2021-06-19T13:08:22","slug":"5g-v","status":"publish","type":"page","link":"https:\/\/o5go.com\/pl\/5g-v\/","title":{"rendered":"V"},"content":{"rendered":"\n<h2 class=\"wp-block-heading\">5G &#8211; wszystko o 5G rozpoczynaj\u0105ce si\u0119 od litery V<\/h2>\n\n\n\n<h2 class=\"wp-block-heading\" id=\"section_0\">Valve Corporation<\/h2>\n\n\n\n<p>ameryka\u0144ski producent i dystrybutor cyfrowy gier komputerowych<\/p>\n\n\n\n<p>Valve Corporation \u2013 ameryka\u0144ski producent gier komputerowych. Valve jest tw\u00f3rc\u0105 serii Half-Life oraz Counter-Strike. W 2003 przedsi\u0119biorstwo uruchomi\u0142o platform\u0119 dystrybucji cyfrowej Steam.<\/p>\n\n\n\n<p>Firma zosta\u0142a za\u0142o\u017cona w 1996 roku w Kirkland w stanie Waszyngton, a do obecnej siedziby przenios\u0142a si\u0119 w 2003 roku.W pa\u017adzierniku 2007 zosta\u0142a wydana kompilacja ich gier, The Orange Box, b\u0119d\u0105ca pierwszym produktem przedsi\u0119biorstwa na konsole si\u00f3dmej generacji. 10 stycznia 2008 Valve przej\u0119\u0142o firm\u0119 Turtle Rock Studios[2].<\/p>\n\n\n\n<p>Wi\u0119cej na stronie Wikipedia.org:<\/p>\n\n\n\n<p><a href=\"https:\/\/pl.m.wikipedia.org\/wiki\/Valve_Corporation\">https:\/\/pl.m.wikipedia.org\/wiki\/Valve_Corporation<\/a><\/p>\n\n\n\n<h2 class=\"wp-block-heading\">Verisign<\/h2>\n\n\n\n<p>VeriSign \u2013 ameryka\u0144skie przedsi\u0119biorstwo z siedzib\u0105 w Reston w stanie Wirginia, zarz\u0105dza infrastruktur\u0105 .net oraz .com. Verisign oferuje r\u00f3wnie\u017c szereg us\u0142ug bezpiecze\u0144stwa. Zajmuje si\u0119 \u0142agodzeniem i raportowaniem o zagro\u017ceniach w sieci. Firma posiada dwa spo\u015br\u00f3d 13 g\u0142\u00f3wnych serwer\u00f3w internetowych \u015bwiata: a.root-servers.net oraz j.root-servers.net, kt\u00f3re uwa\u017cane s\u0105 za krajowe zasoby informatyczne przez ameryka\u0144ski rz\u0105d federalny. W 2011 roku firma osi\u0105gn\u0119\u0142a przychody na poziomie 772 mln z\u0142otych.<\/p>\n\n\n\n<p>Wi\u0119cej na stronie Wikipedia.org:<\/p>\n\n\n\n<p><a href=\"https:\/\/pl.m.wikipedia.org\/wiki\/Verisign\">https:\/\/pl.m.wikipedia.org\/wiki\/Verisign<\/a><\/p>\n\n\n\n<h2 class=\"wp-block-heading\" id=\"section_0\">Verizon Communications<\/h2>\n\n\n\n<p>ameryka\u0144skie przedsi\u0119biorstwo<\/p>\n\n\n\n<p>Verizon Communications, Inc. \u2013 ameryka\u0144ski dostawca us\u0142ug telekomunikacyjnych: telefonii kom\u00f3rkowej (Verizon Wireless), szerokopasmowego dost\u0119pu do Internetu i telewizji kablowej (za pomoc\u0105 DirecTV lub w\u0142asnej sieci \u015bwiat\u0142owodowej FiOS). Notowany na NYSE, wchodzi w sk\u0142ad Dow Jones 30.<\/p>\n\n\n\n<p><a href=\"https:\/\/pl.m.wikipedia.org\/wiki\/Verizon_Communications\">https:\/\/pl.m.wikipedia.org\/wiki\/Verizon_Communications<\/a><\/p>\n\n\n\n<h2 class=\"wp-block-heading\">Verizon Media<\/h2>\n\n\n\n<p>Verizon Media (dawniej Oath) \u2013 ameryka\u0144skie przedsi\u0119biorstwo mediowe za\u0142o\u017cone w 2017 roku[1].<\/p>\n\n\n\n<p>W sk\u0142ad Verizon Media wchodz\u0105 takie marki jak: AOL, Yahoo, TechCrunch, Huffington Post[1].<\/p>\n\n\n\n<p><a href=\"https:\/\/pl.m.wikipedia.org\/wiki\/Verizon_Media\">https:\/\/pl.m.wikipedia.org\/wiki\/Verizon_Media<\/a><\/p>\n\n\n\n<h2 class=\"wp-block-heading\">VIA Technologies<\/h2>\n\n\n\n<p>VIA Technologies \u2013 tajwa\u0144ski producent uk\u0142ad\u00f3w scalonych, g\u0142\u00f3wnie p\u0142yt g\u0142\u00f3wnych, chipset\u00f3w, procesor\u00f3w i pami\u0119ci komputerowych, nale\u017cy do grupy Formosa Plastics.<\/p>\n\n\n\n<p>Firma powsta\u0142a w 1987 r., kiedy jeden z jej za\u0142o\u017cycieli Wen Chi Chen (\u9673\u6587\u7426) (kt\u00f3ry wcze\u015bniej pracowa\u0142 w Intelu) przeni\u00f3s\u0142 firm\u0119 \u201eSymphony Company\u201d z Krzemowej Doliny na Tajwan.<\/p>\n\n\n\n<p>W 1996 r. VIA odegra\u0142a wa\u017cn\u0105 rol\u0119 jako cz\u0142onek grupy PC Common Architecture przeforsowuj\u0105c zmian\u0119 ze standardowej wtedy magistrali ISA na PCI.<\/p>\n\n\n\n<p>W 1999 r. VIA wykupi\u0142a firmy Cyrix (kt\u00f3ra wtedy by\u0142a cz\u0119\u015bci\u0105 National Semiconductor) i Centaur wchodz\u0105c w\u00f3wczas na rynek producent\u00f3w mikroprocesor\u00f3w. Obecnie VIA produkuje mi\u0119dzy innymi procesory VIA C3, VIA C7 i platform\u0119 EPIA.<\/p>\n\n\n\n<p>W 2000 roku VIA wykupi\u0142a firm\u0119 S3 Graphics produkuj\u0105c\u0105 uk\u0142ady graficzne.<\/p>\n\n\n\n<p>24 stycznia 2008 roku, po kilku latach prac, firma przedstawi\u0142a now\u0105 64-bitow\u0105 architektur\u0119 procesora x86 Nano.<\/p>\n\n\n\n<p><a href=\"https:\/\/pl.m.wikipedia.org\/wiki\/VIA_Technologies\">https:\/\/pl.m.wikipedia.org\/wiki\/VIA_Technologies<\/a><\/p>\n\n\n\n<h2 class=\"wp-block-heading\">ViacomCBS<\/h2>\n\n\n\n<p>ViacomCBS \u2013 ameryka\u0144ska grupa mediowa, posiadaj\u0105ca sieci telewizji satelitarnych i kablowych oraz studia produkcji i dystrybucji filmowej. W latach 1952\u20132019 istnia\u0142a jako Viacom.<\/p>\n\n\n\n<p><a href=\"https:\/\/pl.m.wikipedia.org\/wiki\/ViacomCBS\">https:\/\/pl.m.wikipedia.org\/wiki\/ViacomCBS<\/a><\/p>\n\n\n\n<h2 class=\"wp-block-heading\" id=\"section_0\">Viber<\/h2>\n\n\n\n<p>komunikator oraz aplikacja do prowadzenia rozm\u00f3w VoIP<\/p>\n\n\n\n<p>Viber \u2013 komunikator oraz aplikacja do prowadzenia rozm\u00f3w telefonicznych za pomoc\u0105 technologii Voice over IP (VoIP) przeznaczona na smartfony oraz komputery, rozwijana przez Viber Media. Dodatkowo u\u017cytkownik mo\u017ce przesy\u0142a\u0107 zdj\u0119cia, filmy oraz pliki audio. Program dost\u0119pny jest na wiele platform, m.in. Mac OS, Android, BlackBerry OS, iOS, Series 40, Symbian, Bada, Windows Phone, i Microsoft Windows[2]. Wersja 64-bitowa na system Linux jest dost\u0119pna w dw\u00f3ch repozytoriach: jako .deb (Debian i Ubuntu) i .rpm (Fedora i openSUSE)[3]. Viber korzysta zar\u00f3wno z sieci operator\u00f3w kom\u00f3rkowych 3G\/4G jak i Wi-Fi. Viber posiada ponad 100 milion\u00f3w aktywnych u\u017cytkownik\u00f3w miesi\u0119cznie z ponad 280 milion\u00f3w u\u017cytkownik\u00f3w zarejestrowanych globalnie[4].<\/p>\n\n\n\n<p><a href=\"https:\/\/pl.m.wikipedia.org\/wiki\/Viber\">https:\/\/pl.m.wikipedia.org\/wiki\/Viber<\/a><\/p>\n\n\n\n<h2 class=\"wp-block-heading\" id=\"section_0\">Vimeo<\/h2>\n\n\n\n<p>serwis internetowy<\/p>\n\n\n\n<p>Vimeo \u2013 serwis internetowy umo\u017cliwiaj\u0105cy ogl\u0105danie i udost\u0119pnianie plik\u00f3w filmowych przez u\u017cytkownik\u00f3w. Strona zosta\u0142a za\u0142o\u017cona w listopadzie 2004 przez Zacha Kleina oraz Jakoba Lodwicka, kt\u00f3ry r\u00f3wnie\u017c wymy\u015bli\u0142 nazw\u0119, kt\u00f3ra stanowi gr\u0119 s\u0142\u00f3w opart\u0105 na wyrazach video i me (z ang. \u201eja\u201d), jako odniesienie do faktu udost\u0119pniania plik\u00f3w stworzonych wy\u0142\u0105cznie przez u\u017cytkownik\u00f3w[1]. Serwis zosta\u0142 kupiony przez InterActiveCorp w sierpniu 2006 roku.<\/p>\n\n\n\n<p><a href=\"https:\/\/pl.m.wikipedia.org\/wiki\/Vimeo\">https:\/\/pl.m.wikipedia.org\/wiki\/Vimeo<\/a><\/p>\n\n\n\n<h2 class=\"wp-block-heading\" id=\"section_0\">VinFast<\/h2>\n\n\n\n<p>Wietnamski producent samochod\u00f3w<\/p>\n\n\n\n<p>VinFast \u2013 wietnamski producent samochod\u00f3w osobowych, SUV-\u00f3w i skuter\u00f3w z siedzib\u0105 w Hajfong dzia\u0142aj\u0105cy od 2017 roku. Marka nale\u017cy do wietnamskiego przedsi\u0119biorstwa Vingroup.<\/p>\n\n\n\n<p>Wi\u0119cej na stronie Wikipedia.org:<\/p>\n\n\n\n<p><a href=\"https:\/\/pl.m.wikipedia.org\/wiki\/VinFast\">https:\/\/pl.m.wikipedia.org\/wiki\/VinFast<\/a><\/p>\n\n\n\n<h2 class=\"wp-block-heading\">Vivendi<\/h2>\n\n\n\n<p>Vivendi SA (do kwietnia 2006 roku jako Vivendi Universal) \u2013 francuski koncern mediowy obecny na rynku muzycznym, telewizyjnym, telekomunikacyjnym, filmowym, wydawniczym, internetowym i gier komputerowych. Wywodzi si\u0119 z za\u0142o\u017conej w 1853 roku sp\u00f3\u0142ki Compagnie G\u00e9n\u00e9rale des Eaux (CGE).<\/p>\n\n\n\n<p><a href=\"https:\/\/pl.m.wikipedia.org\/wiki\/Vivendi\">https:\/\/pl.m.wikipedia.org\/wiki\/Vivendi<\/a><\/p>\n\n\n\n<h2 class=\"wp-block-heading\">Vivo<\/h2>\n\n\n\n<p>Vivo (po portugalsku \u201eAlive\u201d) jest mark\u0105 Telef\u00f4nica Brasil, sp\u00f3\u0142ki zale\u017cnej Telef\u00f3niki i najwi\u0119kszej firmy telekomunikacyjnej w Brazylii. Jej siedziba znajduje si\u0119 w dzielnicy Brooklin Novo w S\u00e3o Paulo.<\/p>\n\n\n\n<p>Wi\u0119cej na stronie Wikipedia.org:<\/p>\n\n\n\n<p><a href=\"https:\/\/en.m.wikipedia.org\/wiki\/Vivo_(telecommunications_company)\">https:\/\/en.m.wikipedia.org\/wiki\/Vivo_(telecommunications_company)<\/a><\/p>\n\n\n\n<h3 class=\"wp-block-heading\">VK<\/h3>\n\n\n\n<p>VK (dawniej WKontaktie, ros. \u0412\u041a\u043e\u043d\u0442\u0430\u043a\u0442\u0435, pol. WKontakcie) \u2013 rosyjski serwis spo\u0142eczno\u015bciowy za\u0142o\u017cony przez Pawie\u0142a Durowa w 2006 roku. Pi\u0119tnasty pod wzgl\u0119dem liczby odwiedzin serwis internetowy na \u015bwiecie wed\u0142ug danych portalu Alexa[1]. Portal znajduje si\u0119 w dziesi\u0105tce najpopularniejszych stron internetowych w Rosji[2], na Ukrainie[3], na Bia\u0142orusi[4], w Kazachstanie[5], w Mo\u0142dawii[6], w Kirgistanie[7], w Azerbejd\u017canie[8], w Uzbekistanie[9], w Armenii[10]. Strona VK jest tak\u017ce popularna w niekt\u00f3rych krajach Europy \u015arodkowo-Wschodniej (na Litwie[11] i \u0141otwie[12], w Czechach[13] i Rumunii[14] oraz w Polsce[15]).<\/p>\n\n\n\n<p><a href=\"https:\/\/pl.m.wikipedia.org\/wiki\/VK\">https:\/\/pl.m.wikipedia.org\/wiki\/VK<\/a><\/p>\n\n\n\n<h3 class=\"wp-block-heading\">VMware<\/h3>\n\n\n\n<p><strong>VMware, Inc.<\/strong>&nbsp;\u2013 firma produkuj\u0105ca oprogramowanie do&nbsp;wirtualizacji. Zosta\u0142a za\u0142o\u017cona w 1998 roku i jej siedziba znajduje si\u0119 w&nbsp;Palo Alto&nbsp;w&nbsp;Kalifornii. Przedsi\u0119biorstwo jest w\u0142asno\u015bci\u0105&nbsp;EMC Corporation.<\/p>\n\n\n\n<p>Wi\u0119cej na stronie Wikipedia.org:<\/p>\n\n\n\n<p><a href=\"https:\/\/pl.m.wikipedia.org\/wiki\/VMware\">https:\/\/pl.m.wikipedia.org\/wiki\/VMware<\/a><\/p>\n\n\n\n<h2 class=\"wp-block-heading\">Voice over Internet Protocol<\/h2>\n\n\n\n<p>Voice over Internet Protocol (VoIP) \u2013 technika umo\u017cliwiaj\u0105ca przesy\u0142anie d\u017awi\u0119k\u00f3w mowy za pomoc\u0105 \u0142\u0105czy internetowych lub oddzielnych sieci wykorzystuj\u0105cych protok\u00f3\u0142 IP, popularnie nazywana \u201etelefoni\u0105 internetow\u0105\u201d. Dane przesy\u0142ane s\u0105 przy u\u017cyciu protoko\u0142u IP, co pozwala wykluczy\u0107 niepotrzebne \u201epo\u0142\u0105czenie ci\u0105g\u0142e\u201d i np. wymian\u0119 informacji, gdy rozm\u00f3wcy milcz\u0105.<\/p>\n\n\n\n<p>Wi\u0119cej na stronie Wikipedia.org:<\/p>\n\n\n\n<p><a href=\"https:\/\/pl.m.wikipedia.org\/wiki\/Voice_over_Internet_Protocol\">https:\/\/pl.m.wikipedia.org\/wiki\/Voice_over_Internet_Protocol<\/a><\/p>\n\n\n\n<h2 class=\"wp-block-heading\" id=\"section_0\">Volkswagen AG<\/h2>\n\n\n\n<p>niemieckie przedsi\u0119biorstwo<\/p>\n\n\n\n<p>Volkswagen Aktiengesellschaft (w skr\u00f3cie VW AG) \u2013 niemiecki koncern motoryzacyjny z siedzib\u0105 w Wolfsburgu w Dolnej Saksonii za\u0142o\u017cony 28 maja 1937 roku. Posiada on 48 zak\u0142ad\u00f3w produkcyjnych na ca\u0142ym \u015bwiecie. Dzia\u0142a w 154 pa\u0144stwach za po\u015brednictwem 175 sp\u00f3\u0142ek. W 2016 roku ze sprzeda\u017c\u0105 na poziomie 10,31 mln samochod\u00f3w zosta\u0142 pierwszy raz w historii najwi\u0119kszym producentem samochod\u00f3w na \u015bwiecie i utrzyma\u0142 ten tytu\u0142 w 2017 roku zwi\u0119kszaj\u0105c sprzeda\u017c do 10,74 mln samochod\u00f3w[3]. Koncern jest w wi\u0119kszo\u015bci w\u0142asno\u015bci\u0105 austriackich rodzin Porsche i Pi\u00ebch, kt\u00f3re kontroluj\u0105 go za po\u015brednictwem Porsche Automobil Holding SE[4].<\/p>\n\n\n\n<p><a href=\"https:\/\/pl.m.wikipedia.org\/wiki\/Volkswagen_AG\">https:\/\/pl.m.wikipedia.org\/wiki\/Volkswagen_AG<\/a><\/p>\n\n\n\n<h2 class=\"wp-block-heading\" id=\"section_0\">Volvo AB<\/h2>\n\n\n\n<p>szwedzkie przedsi\u0119biorstwo<\/p>\n\n\n\n<p>Volvo (Volvo Aktiebolaget, volvo \u0142ac. tocz\u0119, od czasownika volvere) \u2013 szwedzki koncern produkuj\u0105cy obecnie pojazdy u\u017cytkowe (autobusy, trolejbusy, samochody ci\u0119\u017carowe) oraz maszyny budowlane, rolnicze i urz\u0105dzenia transportowe, w tym r\u00f3wnie\u017c silniki.<\/p>\n\n\n\n<p>Od 1999 roku samochody osobowe produkuje przedsi\u0119biorstwo Volvo Car Corporation. W marcu 2010 roku w\u0142a\u015bcicielem Volvo Car Corporation zosta\u0142a chi\u0144ska firma Zhejiang Geely Holding Group Company Limited[1].<\/p>\n\n\n\n<p>Volvo AB w Polsce Edytuj<br>Volvo znane jest w Polsce od lat 40. XX wieku. Jedyna na \u015bwiecie fabryka koparko-\u0142adowarek tej marki znajduje si\u0119 we Wroc\u0142awiu[2]. Volvo BL71 jest modelem maszyny budowlanej, kt\u00f3ra zajmuje trzecie miejsce pod wzgl\u0119dem sprzeda\u017cy w Polsce. Tak\u017ce w Polsce istnieje jedyny producent cz\u0119\u015bci zamiennych do tego modelu[3].<\/p>\n\n\n\n<p>Wi\u0119cej na stronie Wikipedia.org:<\/p>\n\n\n\n<p><a href=\"https:\/\/pl.m.wikipedia.org\/wiki\/Volvo_AB\">https:\/\/pl.m.wikipedia.org\/wiki\/Volvo_AB<\/a><\/p>\n","protected":false},"excerpt":{"rendered":"<p>5G &#8211; wszystko o 5G rozpoczynaj\u0105ce si\u0119 od litery V Valve Corporation ameryka\u0144ski producent i dystrybutor cyfrowy gier komputerowych Valve Corporation \u2013 ameryka\u0144ski producent gier komputerowych. Valve jest tw\u00f3rc\u0105 serii Half-Life oraz Counter-Strike. W 2003 przedsi\u0119biorstwo uruchomi\u0142o platform\u0119 dystrybucji cyfrowej Steam. Firma zosta\u0142a za\u0142o\u017cona w 1996 roku w Kirkland w stanie Waszyngton, a do obecnej [&hellip;]<\/p>\n","protected":false},"author":1,"featured_media":0,"parent":0,"menu_order":0,"comment_status":"closed","ping_status":"closed","template":"","meta":{"footnotes":""},"class_list":["post-74","page","type-page","status-publish","hentry"],"yoast_head":"<!-- This site is optimized with the Yoast SEO plugin v20.9 - https:\/\/yoast.com\/wordpress\/plugins\/seo\/ -->\n<title>V - 5G - o5go.com\/pl<\/title>\n<meta name=\"robots\" content=\"index, follow, max-snippet:-1, max-image-preview:large, max-video-preview:-1\" \/>\n<link rel=\"canonical\" href=\"https:\/\/o5go.com\/pl\/5g-v\/\" \/>\n<meta property=\"og:locale\" content=\"pl_PL\" \/>\n<meta property=\"og:type\" content=\"article\" \/>\n<meta property=\"og:title\" content=\"V - 5G - o5go.com\/pl\" \/>\n<meta property=\"og:description\" content=\"5G &#8211; wszystko o 5G rozpoczynaj\u0105ce si\u0119 od litery V Valve Corporation ameryka\u0144ski producent i dystrybutor cyfrowy gier komputerowych Valve Corporation \u2013 ameryka\u0144ski producent gier komputerowych. Valve jest tw\u00f3rc\u0105 serii Half-Life oraz Counter-Strike. W 2003 przedsi\u0119biorstwo uruchomi\u0142o platform\u0119 dystrybucji cyfrowej Steam. Firma zosta\u0142a za\u0142o\u017cona w 1996 roku w Kirkland w stanie Waszyngton, a do obecnej [&hellip;]\" \/>\n<meta property=\"og:url\" content=\"https:\/\/o5go.com\/pl\/5g-v\/\" \/>\n<meta property=\"og:site_name\" content=\"5G - o5go.com\/pl\" \/>\n<meta property=\"article:modified_time\" content=\"2021-06-19T13:08:22+00:00\" \/>\n<meta name=\"twitter:card\" content=\"summary_large_image\" \/>\n<meta name=\"twitter:label1\" content=\"Szacowany czas czytania\" \/>\n\t<meta name=\"twitter:data1\" content=\"5 minut\" \/>\n<script type=\"application\/ld+json\" class=\"yoast-schema-graph\">{\"@context\":\"https:\/\/schema.org\",\"@graph\":[{\"@type\":\"WebPage\",\"@id\":\"https:\/\/o5go.com\/pl\/5g-v\/\",\"url\":\"https:\/\/o5go.com\/pl\/5g-v\/\",\"name\":\"V - 5G - o5go.com\/pl\",\"isPartOf\":{\"@id\":\"https:\/\/o5go.com\/pl\/#website\"},\"datePublished\":\"2020-07-02T21:25:04+00:00\",\"dateModified\":\"2021-06-19T13:08:22+00:00\",\"breadcrumb\":{\"@id\":\"https:\/\/o5go.com\/pl\/5g-v\/#breadcrumb\"},\"inLanguage\":\"pl-PL\",\"potentialAction\":[{\"@type\":\"ReadAction\",\"target\":[\"https:\/\/o5go.com\/pl\/5g-v\/\"]}]},{\"@type\":\"BreadcrumbList\",\"@id\":\"https:\/\/o5go.com\/pl\/5g-v\/#breadcrumb\",\"itemListElement\":[{\"@type\":\"ListItem\",\"position\":1,\"name\":\"Home\",\"item\":\"https:\/\/o5go.com\/pl\/\"},{\"@type\":\"ListItem\",\"position\":2,\"name\":\"V\"}]},{\"@type\":\"WebSite\",\"@id\":\"https:\/\/o5go.com\/pl\/#website\",\"url\":\"https:\/\/o5go.com\/pl\/\",\"name\":\"5G - o5go.com\/pl\",\"description\":\"5G - Wszystko o 5G - Polski\",\"potentialAction\":[{\"@type\":\"SearchAction\",\"target\":{\"@type\":\"EntryPoint\",\"urlTemplate\":\"https:\/\/o5go.com\/pl\/?s={search_term_string}\"},\"query-input\":\"required name=search_term_string\"}],\"inLanguage\":\"pl-PL\"}]}<\/script>\n<!-- \/ Yoast SEO plugin. -->","yoast_head_json":{"title":"V - 5G - o5go.com\/pl","robots":{"index":"index","follow":"follow","max-snippet":"max-snippet:-1","max-image-preview":"max-image-preview:large","max-video-preview":"max-video-preview:-1"},"canonical":"https:\/\/o5go.com\/pl\/5g-v\/","og_locale":"pl_PL","og_type":"article","og_title":"V - 5G - o5go.com\/pl","og_description":"5G &#8211; wszystko o 5G rozpoczynaj\u0105ce si\u0119 od litery V Valve Corporation ameryka\u0144ski producent i dystrybutor cyfrowy gier komputerowych Valve Corporation \u2013 ameryka\u0144ski producent gier komputerowych. Valve jest tw\u00f3rc\u0105 serii Half-Life oraz Counter-Strike. W 2003 przedsi\u0119biorstwo uruchomi\u0142o platform\u0119 dystrybucji cyfrowej Steam. Firma zosta\u0142a za\u0142o\u017cona w 1996 roku w Kirkland w stanie Waszyngton, a do obecnej [&hellip;]","og_url":"https:\/\/o5go.com\/pl\/5g-v\/","og_site_name":"5G - o5go.com\/pl","article_modified_time":"2021-06-19T13:08:22+00:00","twitter_card":"summary_large_image","twitter_misc":{"Szacowany czas czytania":"5 minut"},"schema":{"@context":"https:\/\/schema.org","@graph":[{"@type":"WebPage","@id":"https:\/\/o5go.com\/pl\/5g-v\/","url":"https:\/\/o5go.com\/pl\/5g-v\/","name":"V - 5G - o5go.com\/pl","isPartOf":{"@id":"https:\/\/o5go.com\/pl\/#website"},"datePublished":"2020-07-02T21:25:04+00:00","dateModified":"2021-06-19T13:08:22+00:00","breadcrumb":{"@id":"https:\/\/o5go.com\/pl\/5g-v\/#breadcrumb"},"inLanguage":"pl-PL","potentialAction":[{"@type":"ReadAction","target":["https:\/\/o5go.com\/pl\/5g-v\/"]}]},{"@type":"BreadcrumbList","@id":"https:\/\/o5go.com\/pl\/5g-v\/#breadcrumb","itemListElement":[{"@type":"ListItem","position":1,"name":"Home","item":"https:\/\/o5go.com\/pl\/"},{"@type":"ListItem","position":2,"name":"V"}]},{"@type":"WebSite","@id":"https:\/\/o5go.com\/pl\/#website","url":"https:\/\/o5go.com\/pl\/","name":"5G - o5go.com\/pl","description":"5G - Wszystko o 5G - Polski","potentialAction":[{"@type":"SearchAction","target":{"@type":"EntryPoint","urlTemplate":"https:\/\/o5go.com\/pl\/?s={search_term_string}"},"query-input":"required name=search_term_string"}],"inLanguage":"pl-PL"}]}},"_links":{"self":[{"href":"https:\/\/o5go.com\/pl\/wp-json\/wp\/v2\/pages\/74","targetHints":{"allow":["GET"]}}],"collection":[{"href":"https:\/\/o5go.com\/pl\/wp-json\/wp\/v2\/pages"}],"about":[{"href":"https:\/\/o5go.com\/pl\/wp-json\/wp\/v2\/types\/page"}],"author":[{"embeddable":true,"href":"https:\/\/o5go.com\/pl\/wp-json\/wp\/v2\/users\/1"}],"replies":[{"embeddable":true,"href":"https:\/\/o5go.com\/pl\/wp-json\/wp\/v2\/comments?post=74"}],"version-history":[{"count":19,"href":"https:\/\/o5go.com\/pl\/wp-json\/wp\/v2\/pages\/74\/revisions"}],"predecessor-version":[{"id":1731,"href":"https:\/\/o5go.com\/pl\/wp-json\/wp\/v2\/pages\/74\/revisions\/1731"}],"wp:attachment":[{"href":"https:\/\/o5go.com\/pl\/wp-json\/wp\/v2\/media?parent=74"}],"curies":[{"name":"wp","href":"https:\/\/api.w.org\/{rel}","templated":true}]}}