{"id":64,"date":"2020-07-02T23:23:27","date_gmt":"2020-07-02T21:23:27","guid":{"rendered":"https:\/\/o5go.com\/pl\/?page_id=64"},"modified":"2021-04-02T12:23:57","modified_gmt":"2021-04-02T10:23:57","slug":"5g-q","status":"publish","type":"page","link":"https:\/\/o5go.com\/pl\/5g-q\/","title":{"rendered":"Q"},"content":{"rendered":"\n<h2 class=\"wp-block-heading\">5G &#8211; wszystko o 5G rozpoczynaj\u0105ce si\u0119 od litery Q<\/h2>\n\n\n\n<h2 class=\"wp-block-heading\" id=\"section_0\">Qualcomm<\/h2>\n\n\n\n<p>ameryka\u0144skie przedsi\u0119biorstwo<\/p>\n\n\n\n<p>Qualcomm, Inc. \u2013 ameryka\u0144skie przedsi\u0119biorstwo informatyczne z siedzib\u0105 w San Diego, w stanie Kalifornia, specjalizuj\u0105ce si\u0119 w komunikacji bezprzewodowej. Od pocz\u0105tku zajmowa\u0142o si\u0119 technikami satelitarnymi, sta\u0142o si\u0119 znane m.in. z techniki CDMA u\u017cywanej w telefonach kom\u00f3rkowych i satelitarnych. Jego znanym powszechnie produktem jest program do obs\u0142ugi poczty elektronicznej Eudora. Znane jest r\u00f3wnie\u017c jako przedsi\u0119biorstwo, kt\u00f3re opracowa\u0142o technologi\u0119 wy\u015bwietlaczy IMoD.<\/p>\n\n\n\n<p>View more &#8211; Wikipedia.org:<\/p>\n\n\n\n<p><a href=\"https:\/\/pl.m.wikipedia.org\/wiki\/Qualcomm\">https:\/\/pl.m.wikipedia.org\/wiki\/Qualcomm<\/a><\/p>\n\n\n\n<h2 class=\"wp-block-heading\">QuickTime<\/h2>\n\n\n\n<p>QuickTime \u2013 technika multimedialna rozwijana przez firm\u0119 Apple. Program zdolny jest do odtwarzania plik\u00f3w w r\u00f3\u017cnych formatach DV, media, tekstu, d\u017awi\u0119ku, animacji, muzyki. Dost\u0119pny dla systemu operacyjnego Mac OS (9, 8, 7 itd), Mac OS X oraz Microsoft Windows. Zapewnia r\u00f3wnie\u017c obs\u0142ug\u0119 oprogramowania takiego jak iTunes, QuickTime Player i przegl\u0105darki internetowej Safari.<\/p>\n\n\n\n<p><a href=\"https:\/\/pl.m.wikipedia.org\/wiki\/QuickTime\">https:\/\/pl.m.wikipedia.org\/wiki\/QuickTime<\/a><\/p>\n\n\n\n<h2 class=\"wp-block-heading\">Quora<\/h2>\n\n\n\n<p>Quora \u2013 serwis Q&amp;A (Questions and Answers), na kt\u00f3rym u\u017cytkownicy zadaj\u0105, edytuj\u0105 i organizuj\u0105 pytania i na nie odpowiadaj\u0105. Wydawca strony, Quora Inc., ma siedzib\u0119 w Mountain View, w Kalifornii. Strona zosta\u0142a za\u0142o\u017cona w czerwcu 2009 roku, a udost\u0119pniona do publicznego u\u017cytku 21 czerwca 2010[2]. Quora zosta\u0142a utworzona przez dw\u00f3ch by\u0142ych pracownik\u00f3w Facebooka, Adama D\u2019Angelo i Charliego Cheevera. D\u2019Angelo zrezygnowa\u0142 ze swojego stanowiska w Facebooku w styczniu 2010 roku, by zaj\u0105\u0107 si\u0119 tworzeniem Quory[3]. W lutym 2017 roku wi\u0119kszo\u015b\u0107 odbiorc\u00f3w pochodzi\u0142a ze Stan\u00f3w Zjednoczonych (37,9%), a na drugim miejscu znale\u017ali si\u0119 u\u017cytkownicy z Indii (15,8%)[4].<\/p>\n\n\n\n<p><a href=\"https:\/\/pl.m.wikipedia.org\/wiki\/Quora\">https:\/\/pl.m.wikipedia.org\/wiki\/Quora<\/a><\/p>\n\n\n\n<h2 class=\"wp-block-heading\" id=\"section_0\">Qzone<\/h2>\n\n\n\n<p>chi\u0144ski serwis spo\u0142eczno\u015bciowy<\/p>\n\n\n\n<p>Qzone (chi\u0144. \u4eba\u4eba\u7f51) \u2013 chi\u0144ski portal spo\u0142eczno\u015bciowy, nale\u017c\u0105cy do Tencent.<\/p>\n\n\n\n<p>Zosta\u0142 za\u0142o\u017cony w 2005 roku[1]. W 2015 roku liczy\u0142 ok. 600 mln u\u017cytkownik\u00f3w[1].<\/p>\n\n\n\n<p>Wi\u0119cej na stronie Wikipedia.org:<\/p>\n\n\n\n<p><a href=\"https:\/\/pl.m.wikipedia.org\/wiki\/Qzone\">https:\/\/pl.m.wikipedia.org\/wiki\/Qzone<\/a><\/p>\n","protected":false},"excerpt":{"rendered":"<p>5G &#8211; wszystko o 5G rozpoczynaj\u0105ce si\u0119 od litery Q Qualcomm ameryka\u0144skie przedsi\u0119biorstwo Qualcomm, Inc. \u2013 ameryka\u0144skie przedsi\u0119biorstwo informatyczne z siedzib\u0105 w San Diego, w stanie Kalifornia, specjalizuj\u0105ce si\u0119 w komunikacji bezprzewodowej. Od pocz\u0105tku zajmowa\u0142o si\u0119 technikami satelitarnymi, sta\u0142o si\u0119 znane m.in. z techniki CDMA u\u017cywanej w telefonach kom\u00f3rkowych i satelitarnych. Jego znanym powszechnie produktem [&hellip;]<\/p>\n","protected":false},"author":1,"featured_media":0,"parent":0,"menu_order":0,"comment_status":"closed","ping_status":"closed","template":"","meta":{"footnotes":""},"class_list":["post-64","page","type-page","status-publish","hentry"],"yoast_head":"<!-- This site is optimized with the Yoast SEO plugin v20.9 - https:\/\/yoast.com\/wordpress\/plugins\/seo\/ -->\n<title>Q - 5G - o5go.com\/pl<\/title>\n<meta name=\"robots\" content=\"index, follow, max-snippet:-1, max-image-preview:large, max-video-preview:-1\" \/>\n<link rel=\"canonical\" href=\"https:\/\/o5go.com\/pl\/5g-q\/\" \/>\n<meta property=\"og:locale\" content=\"pl_PL\" \/>\n<meta property=\"og:type\" content=\"article\" \/>\n<meta property=\"og:title\" content=\"Q - 5G - o5go.com\/pl\" \/>\n<meta property=\"og:description\" content=\"5G &#8211; wszystko o 5G rozpoczynaj\u0105ce si\u0119 od litery Q Qualcomm ameryka\u0144skie przedsi\u0119biorstwo Qualcomm, Inc. \u2013 ameryka\u0144skie przedsi\u0119biorstwo informatyczne z siedzib\u0105 w San Diego, w stanie Kalifornia, specjalizuj\u0105ce si\u0119 w komunikacji bezprzewodowej. Od pocz\u0105tku zajmowa\u0142o si\u0119 technikami satelitarnymi, sta\u0142o si\u0119 znane m.in. z techniki CDMA u\u017cywanej w telefonach kom\u00f3rkowych i satelitarnych. Jego znanym powszechnie produktem [&hellip;]\" \/>\n<meta property=\"og:url\" content=\"https:\/\/o5go.com\/pl\/5g-q\/\" \/>\n<meta property=\"og:site_name\" content=\"5G - o5go.com\/pl\" \/>\n<meta property=\"article:modified_time\" content=\"2021-04-02T10:23:57+00:00\" \/>\n<meta name=\"twitter:card\" content=\"summary_large_image\" \/>\n<meta name=\"twitter:label1\" content=\"Szacowany czas czytania\" \/>\n\t<meta name=\"twitter:data1\" content=\"2 minuty\" \/>\n<script type=\"application\/ld+json\" class=\"yoast-schema-graph\">{\"@context\":\"https:\/\/schema.org\",\"@graph\":[{\"@type\":\"WebPage\",\"@id\":\"https:\/\/o5go.com\/pl\/5g-q\/\",\"url\":\"https:\/\/o5go.com\/pl\/5g-q\/\",\"name\":\"Q - 5G - o5go.com\/pl\",\"isPartOf\":{\"@id\":\"https:\/\/o5go.com\/pl\/#website\"},\"datePublished\":\"2020-07-02T21:23:27+00:00\",\"dateModified\":\"2021-04-02T10:23:57+00:00\",\"breadcrumb\":{\"@id\":\"https:\/\/o5go.com\/pl\/5g-q\/#breadcrumb\"},\"inLanguage\":\"pl-PL\",\"potentialAction\":[{\"@type\":\"ReadAction\",\"target\":[\"https:\/\/o5go.com\/pl\/5g-q\/\"]}]},{\"@type\":\"BreadcrumbList\",\"@id\":\"https:\/\/o5go.com\/pl\/5g-q\/#breadcrumb\",\"itemListElement\":[{\"@type\":\"ListItem\",\"position\":1,\"name\":\"Home\",\"item\":\"https:\/\/o5go.com\/pl\/\"},{\"@type\":\"ListItem\",\"position\":2,\"name\":\"Q\"}]},{\"@type\":\"WebSite\",\"@id\":\"https:\/\/o5go.com\/pl\/#website\",\"url\":\"https:\/\/o5go.com\/pl\/\",\"name\":\"5G - o5go.com\/pl\",\"description\":\"5G - Wszystko o 5G - Polski\",\"potentialAction\":[{\"@type\":\"SearchAction\",\"target\":{\"@type\":\"EntryPoint\",\"urlTemplate\":\"https:\/\/o5go.com\/pl\/?s={search_term_string}\"},\"query-input\":\"required name=search_term_string\"}],\"inLanguage\":\"pl-PL\"}]}<\/script>\n<!-- \/ Yoast SEO plugin. -->","yoast_head_json":{"title":"Q - 5G - o5go.com\/pl","robots":{"index":"index","follow":"follow","max-snippet":"max-snippet:-1","max-image-preview":"max-image-preview:large","max-video-preview":"max-video-preview:-1"},"canonical":"https:\/\/o5go.com\/pl\/5g-q\/","og_locale":"pl_PL","og_type":"article","og_title":"Q - 5G - o5go.com\/pl","og_description":"5G &#8211; wszystko o 5G rozpoczynaj\u0105ce si\u0119 od litery Q Qualcomm ameryka\u0144skie przedsi\u0119biorstwo Qualcomm, Inc. \u2013 ameryka\u0144skie przedsi\u0119biorstwo informatyczne z siedzib\u0105 w San Diego, w stanie Kalifornia, specjalizuj\u0105ce si\u0119 w komunikacji bezprzewodowej. Od pocz\u0105tku zajmowa\u0142o si\u0119 technikami satelitarnymi, sta\u0142o si\u0119 znane m.in. z techniki CDMA u\u017cywanej w telefonach kom\u00f3rkowych i satelitarnych. Jego znanym powszechnie produktem [&hellip;]","og_url":"https:\/\/o5go.com\/pl\/5g-q\/","og_site_name":"5G - o5go.com\/pl","article_modified_time":"2021-04-02T10:23:57+00:00","twitter_card":"summary_large_image","twitter_misc":{"Szacowany czas czytania":"2 minuty"},"schema":{"@context":"https:\/\/schema.org","@graph":[{"@type":"WebPage","@id":"https:\/\/o5go.com\/pl\/5g-q\/","url":"https:\/\/o5go.com\/pl\/5g-q\/","name":"Q - 5G - o5go.com\/pl","isPartOf":{"@id":"https:\/\/o5go.com\/pl\/#website"},"datePublished":"2020-07-02T21:23:27+00:00","dateModified":"2021-04-02T10:23:57+00:00","breadcrumb":{"@id":"https:\/\/o5go.com\/pl\/5g-q\/#breadcrumb"},"inLanguage":"pl-PL","potentialAction":[{"@type":"ReadAction","target":["https:\/\/o5go.com\/pl\/5g-q\/"]}]},{"@type":"BreadcrumbList","@id":"https:\/\/o5go.com\/pl\/5g-q\/#breadcrumb","itemListElement":[{"@type":"ListItem","position":1,"name":"Home","item":"https:\/\/o5go.com\/pl\/"},{"@type":"ListItem","position":2,"name":"Q"}]},{"@type":"WebSite","@id":"https:\/\/o5go.com\/pl\/#website","url":"https:\/\/o5go.com\/pl\/","name":"5G - o5go.com\/pl","description":"5G - Wszystko o 5G - Polski","potentialAction":[{"@type":"SearchAction","target":{"@type":"EntryPoint","urlTemplate":"https:\/\/o5go.com\/pl\/?s={search_term_string}"},"query-input":"required name=search_term_string"}],"inLanguage":"pl-PL"}]}},"_links":{"self":[{"href":"https:\/\/o5go.com\/pl\/wp-json\/wp\/v2\/pages\/64","targetHints":{"allow":["GET"]}}],"collection":[{"href":"https:\/\/o5go.com\/pl\/wp-json\/wp\/v2\/pages"}],"about":[{"href":"https:\/\/o5go.com\/pl\/wp-json\/wp\/v2\/types\/page"}],"author":[{"embeddable":true,"href":"https:\/\/o5go.com\/pl\/wp-json\/wp\/v2\/users\/1"}],"replies":[{"embeddable":true,"href":"https:\/\/o5go.com\/pl\/wp-json\/wp\/v2\/comments?post=64"}],"version-history":[{"count":5,"href":"https:\/\/o5go.com\/pl\/wp-json\/wp\/v2\/pages\/64\/revisions"}],"predecessor-version":[{"id":1344,"href":"https:\/\/o5go.com\/pl\/wp-json\/wp\/v2\/pages\/64\/revisions\/1344"}],"wp:attachment":[{"href":"https:\/\/o5go.com\/pl\/wp-json\/wp\/v2\/media?parent=64"}],"curies":[{"name":"wp","href":"https:\/\/api.w.org\/{rel}","templated":true}]}}