{"id":54,"date":"2020-07-02T23:21:34","date_gmt":"2020-07-02T21:21:34","guid":{"rendered":"https:\/\/o5go.com\/pl\/?page_id=54"},"modified":"2021-06-18T23:44:52","modified_gmt":"2021-06-19T11:44:52","slug":"5g-l","status":"publish","type":"page","link":"https:\/\/o5go.com\/pl\/5g-l\/","title":{"rendered":"L"},"content":{"rendered":"\n<h2 class=\"wp-block-heading\">5G &#8211; wszystko o 5G rozpoczynaj\u0105ce si\u0119 od litery L<\/h2>\n\n\n\n<h2 class=\"wp-block-heading\">Laptop<\/h2>\n\n\n\n<p><strong>Laptop<\/strong>&nbsp;(z&nbsp;ang.&nbsp;<em>lap<\/em>&nbsp;&#8211; kolana, podo\u0142ek +&nbsp;<em>top<\/em>&nbsp;&#8211; wierzch),&nbsp;<strong>notebook<\/strong>&nbsp;(z ang.&nbsp;<em>notebook<\/em>, notatnik, zeszyt) \u2013 rodzaj przeno\u015bnego&nbsp;<a href=\"https:\/\/pl.m.wikipedia.org\/wiki\/Komputer_osobisty\">komputera osobistego<\/a>.<\/p>\n\n\n\n<p>Do podtyp\u00f3w laptop\u00f3w mo\u017cna zaliczy\u0107&nbsp;<a href=\"https:\/\/pl.m.wikipedia.org\/wiki\/Ultrabook\">ultrabooki<\/a>&nbsp;i&nbsp;<a href=\"https:\/\/pl.m.wikipedia.org\/wiki\/Netbook\">netbooki<\/a>. Urz\u0105dzeniami mniejszymi od laptop\u00f3w s\u0105&nbsp;<a href=\"https:\/\/pl.m.wikipedia.org\/wiki\/Tablet_(komputer)\">tablety<\/a>&nbsp;i&nbsp;<a href=\"https:\/\/pl.m.wikipedia.org\/wiki\/Smartfon\">smartfony<\/a>, kt\u00f3re r\u00f3wnie\u017c s\u0105 przeno\u015bnymi komputerami, cho\u0107 nie s\u0105 zgodne z IBM PC.<\/p>\n\n\n\n<p>Pocz\u0105tkowo istnia\u0142 umowny podzia\u0142 komputer\u00f3w przeno\u015bnych na laptop (wi\u0119kszy i ci\u0119\u017cszy komputer, kt\u00f3ry wymaga\u0142 do dzia\u0142ania zewn\u0119trznego zasilania) oraz notebook (mniejszy komputer, \u0142atwy do przenoszenia i maj\u0105cy w\u0142asne \u017ar\u00f3d\u0142o zasilania \u2013 pierwotnie rozmiar\u00f3w notatnika formatu A4, st\u0105d nazwa). W chwili obecnej obydwa te okre\u015blenia funkcjonuj\u0105 wymiennie.<\/p>\n\n\n\n<p>Pierwszym urz\u0105dzeniem z tej kategorii by\u0142 DYNABOOK. Jego projekt stworzy\u0142 Alan Kay w laboratoriach Xerox Parc[1][2].<\/p>\n\n\n\n<p>Pierwszym oferowanym komercyjnie laptopem, kt\u00f3ry mie\u015bci\u0142 si\u0119 w torbie, by\u0142 Grid Compass Computer 1109. W roku 1979 zaprojektowa\u0142 go William Moggridge dla Grid Systems Corporation. Komputer ten by\u0142 u\u017cywany w programie NASA dotycz\u0105cym prom\u00f3w kosmicznych we wczesnych latach 80. Komputer mia\u0142 340 kilobajt\u00f3w RAM, obudow\u0119 ze stopu magnezu oraz pod\u015bwietlany wy\u015bwietlacz. W Stanach Zjednoczonych kosztowa\u0142 ponad 8000 dolar\u00f3w. Urz\u0105dzenie nie by\u0142o kompatybilne z IBM PC, dlatego przegra\u0142o wojn\u0119 na rynku.<\/p>\n\n\n\n<p>Obecnie w sprzeda\u017cy znajduj\u0105 si\u0119 laptopy kompatybilne z architektur\u0105 Intel x86, z procesorami Intela, VIA i AMD. Uk\u0142ady x86 stosowane s\u0105 r\u00f3wnie\u017c w notebookach Apple. Inne architektury wykorzystywane s\u0105 sporadycznie: IBM w serii RS\/6000 oraz Apple (do 2006) u\u017cywa\u0142o uk\u0142ad\u00f3w PowerPC. Na rynku netbook\u00f3w, mniejszych kuzyn\u00f3w laptop\u00f3w, pojawiaj\u0105 si\u0119 te\u017c urz\u0105dzenia z procesorami ARM.<\/p>\n\n\n\n<p>Wi\u0119cej na stronie Wikipedia.org:<\/p>\n\n\n\n<p><a href=\"https:\/\/pl.m.wikipedia.org\/wiki\/Laptop\">https:\/\/pl.m.wikipedia.org\/wiki\/Laptop<\/a><\/p>\n\n\n\n<h2 class=\"wp-block-heading\" id=\"section_0\">Lenovo<\/h2>\n\n\n\n<p>chi\u0144skie przedsi\u0119biorstwo<\/p>\n\n\n\n<p>Lenovo Group Limited (chi\u0144. \u8054\u60f3\u96c6\u56e2\u6709\u9650\u516c\u53f8; pinyin Li\u00e1nxi\u01ceng j\u00edtu\u00e1n y\u01d2uxi\u00e0n g\u014dngs\u012b) \u2013 chi\u0144skie przedsi\u0119biorstwo informatyczne b\u0119d\u0105ce liderem w dziedzinie innowacyjnych technologii dla u\u017cytkownik\u00f3w indywidualnych i biznesowych oraz dla du\u017cych przedsi\u0119biorstw. Oferta korporacji obejmuje komputery osobiste, stacje robocze, serwery, pami\u0119\u0107 masow\u0105, a tak\u017ce produkty mobilne, takie jak smartfony (w tym marki Motorola), tablety, aplikacje oraz rozwi\u0105zania z zakresu Smart Home.<\/p>\n\n\n\n<p>Wi\u0119cej na stronie Wikipedia.org:<\/p>\n\n\n\n<p><a href=\"https:\/\/pl.m.wikipedia.org\/wiki\/Lenovo\">https:\/\/pl.m.wikipedia.org\/wiki\/Lenovo<\/a><\/p>\n\n\n\n<h2 class=\"wp-block-heading\" id=\"section_0\">Lexmark<\/h2>\n\n\n\n<p>ameryka\u0144skie przedsi\u0119biorstwo<\/p>\n\n\n\n<p>Lexmark (Lexmark International Inc.) \u2013 dostawca szerokiej gamy produkt\u00f3w do druku i skanowania obrazu, program\u00f3w, rozwi\u0105za\u0144 i us\u0142ug. Cz\u0119\u015bci\u0105 Lexmarka jest Perceptive Software, dostawca oprogramowania do inteligentnego wczytywania dokument\u00f3w i do zarz\u0105dzania tre\u015bci\u0105. W 2012 r. Lexmark sprzeda\u0142 produkty w ponad 170 krajach i odnotowa\u0142 przychody w wysoko\u015bci oko\u0142o 3,8 mld USD.<\/p>\n\n\n\n<p><a href=\"https:\/\/pl.m.wikipedia.org\/wiki\/Lexmark\">https:\/\/pl.m.wikipedia.org\/wiki\/Lexmark<\/a><\/p>\n\n\n\n<h2 class=\"wp-block-heading\" id=\"section_0\">LG Group<\/h2>\n\n\n\n<p>po\u0142udniowokorea\u0144skie przedsi\u0119biorstwo<\/p>\n\n\n\n<p>LG Group (kor: LG \ubc95\uc778) \u2013 po\u0142udniowokorea\u0144skie przedsi\u0119biorstwo dzia\u0142aj\u0105ce w bran\u017cy elektronicznej, chemicznej i telekomunikacyjnej; jeden z najwi\u0119kszych korea\u0144skich czeboli.<\/p>\n\n\n\n<p>Za\u0142o\u017cycielem LG Corporation jest Koo In-Hwoi. Przedsi\u0119biorstwo powsta\u0142o 1 pa\u017adziernika 1958. LG zbudowa\u0142 swoje pierwsze radio, LG A-501, kt\u00f3re w 1959 r. trafi\u0142o do sprzeda\u017cy. Nast\u0119pnie, w 1961 r., na rynek trafi\u0142 pierwszy automatyczny telefon tej firmy \u2013 GS-1. W 1965 r. przedsi\u0119biorstwo sprzeda\u0142o pierwsz\u0105 lod\u00f3wk\u0119, model GR-120, a w 1966 r. \u2013 pierwszy telewizor. W 1968 r. LG sprzeda\u0142 pierwszy klimatyzator, a rok p\u00f3\u017aniej pierwsze egzemplarze pralek automatycznych. W latach 70. LG, po po\u0142\u0105czeniu z Lucky Chemical Company, zmieni\u0142o nazw\u0119 na Lucky Goldstar Group. W Polsce sp\u00f3\u0142ka Art-B w 1990 r. zainwestowa\u0142a cz\u0119\u015b\u0107 kapita\u0142u, uruchamiaj\u0105c lini\u0119 produkcyjn\u0105 LG Art B.<\/p>\n\n\n\n<p>Do 1995 r. przedsi\u0119biorstwo dzia\u0142a\u0142o pod nazw\u0105 Lucky LG Group, kt\u00f3ra odzwierciedla\u0142a wcze\u015bniejsze po\u0142\u0105czenie dw\u00f3ch koncern\u00f3w: Lucky Chemical Company oraz LG.<\/p>\n\n\n\n<p>Dzi\u015b LG Group jest czwartym pod wzgl\u0119dem wielko\u015bci przedsi\u0119biorstwem w Korei Po\u0142udniowej, po Samsung Group, Hyundai Motor Group i SK Group. Zatrudnia ok. 140 tys. pracownik\u00f3w w 120 krajach. W 1996 r. obroty ca\u0142ego koncernu przekroczy\u0142y 73 mld dolar\u00f3w. Zajmuje si\u0119 on g\u0142\u00f3wnie przemys\u0142em energetycznym i chemicznym, elektronik\u0105 i telekomunikacj\u0105.<\/p>\n\n\n\n<p>Ostatnie dwie dziedziny \u2013 kojarzone z mark\u0105 LG, kt\u00f3r\u0105 w po\u0142owie lat 90. przemianowano na LG Electronics \u2013 sta\u0142y si\u0119 wiod\u0105c\u0105 dzia\u0142alno\u015bci\u0105 koncernu. Za\u0142o\u017cona wsp\u00f3lnie z holenderskim koncernem Royal Philips Electronics sp\u00f3\u0142ka LG Philips Displays (obecnie LG Display) jest np. jednym z najwi\u0119kszych na \u015bwiecie producent\u00f3w matryc u\u017cywanych w telewizorach i monitorach komputerowych.<\/p>\n\n\n\n<p>W 2005 r. grupa LG zawi\u0105za\u0142a sp\u00f3\u0142k\u0119 joint venture z kanadyjskim Nortelem pod nazw\u0105 LG-Nortel. G\u0142\u00f3wnym jej celem jest produkcja i sprzeda\u017c sprz\u0119tu telekomunikacyjnego.<\/p>\n\n\n\n<p>Wi\u0119cej na stronie Wikipedia.org:<\/p>\n\n\n\n<p><a href=\"https:\/\/pl.m.wikipedia.org\/wiki\/LG_Group\">https:\/\/pl.m.wikipedia.org\/wiki\/LG_Group<\/a><\/p>\n\n\n\n<h2 class=\"wp-block-heading\">Line (komunikator internetowy)<\/h2>\n\n\n\n<p>Line \u2013 darmowy, wieloplatformowy komunikator internetowy dost\u0119pny na urz\u0105dzeniach elektronicznych takich jak, smartfony, tablety i komputery osobiste. U\u017cytkownicy Line mog\u0105 wymienia\u0107 teksty, obrazy, nagrania wideo i audio, a tak\u017ce przeprowadza\u0107 darmowe rozmowy i wideorozmowy VoIP. Do dzi\u015b popularny komunikator internetowy jest obs\u0142ugiwany przez Line Corporation, japo\u0144sk\u0105 filli\u0119 Naver Corporation. Line na pocz\u0105tku zosta\u0142a wprowadzona na rynek japo\u0144ski w 2011 roku, osi\u0105gaj\u0105c liczb\u0119 100 milon\u00f3w u\u017cytkownik\u00f3w w ci\u0105gu osiemnastu miesi\u0119cy i 200 milion\u00f3w zaledwie sze\u015b\u0107 miesi\u0119cy p\u00f3\u017aniej[1]. W 2013 roku Line zosta\u0142 w Japonii najwi\u0119ksz\u0105 sieci\u0105 spo\u0142eczn\u0105. W pa\u017adzierniku 2014 roku Line og\u0142osi\u0142, \u017ce przyci\u0105gn\u0105\u0142 560 milion\u00f3w u\u017cytkownik\u00f3w na ca\u0142ym \u015bwiecie. z czego 170 milion\u00f3w posiada aktywne konta[2][3]. W lutym 2015 roku og\u0142oszono przekroczenie 600 milion\u00f3w u\u017cytkownik\u00f3w, spodziewaj\u0105c si\u0119 700 milion\u00f3w do ko\u0144ca roku[4].<\/p>\n\n\n\n<p><a href=\"https:\/\/pl.m.wikipedia.org\/wiki\/Line_(komunikator_internetowy)\">https:\/\/pl.m.wikipedia.org\/wiki\/Line_(komunikator_internetowy)<\/a><\/p>\n\n\n\n<h2 class=\"wp-block-heading\">LinkedIn<\/h2>\n\n\n\n<p>LinkedIn \u2013 mi\u0119dzynarodowy serwis spo\u0142eczno\u015bciowy, specjalizuj\u0105cy si\u0119 w kontaktach zawodowo-biznesowych.<\/p>\n\n\n\n<p>Serwis za\u0142o\u017cony w grudniu 2002 roku i uruchomiony w maju 2003 roku[1]. W lutym 2021 r. portal Linkedin posiada\u0142 740 milion\u00f3w u\u017cytkownik\u00f3w w 200 krajach [2]. Portal dost\u0119pny jest w kilkunastu j\u0119zykach, od 2 kwietnia 2012 roku dost\u0119pny r\u00f3wnie\u017c w j\u0119zyku polskim. Od 2011 akcje LinkedIn s\u0105 dost\u0119pne na nowojorskiej gie\u0142dzie NYSE (symbol akcji: LNKD).<\/p>\n\n\n\n<p>W czerwcu 2012 roku z LinkedIn wyciek\u0142o 6,5 mln hase\u0142 u\u017cytkownik\u00f3w[3].<\/p>\n\n\n\n<p>W czerwcu 2016 serwis zosta\u0142 przej\u0119ty przez Microsoft za 26,2 miliarda dolar\u00f3w[4].<\/p>\n\n\n\n<p><a href=\"https:\/\/pl.m.wikipedia.org\/wiki\/LinkedIn\">https:\/\/pl.m.wikipedia.org\/wiki\/LinkedIn<\/a><\/p>\n\n\n\n<h2 class=\"wp-block-heading\" id=\"section_0\">Linkowanie<\/h2>\n\n\n\n<p>proces nastawiony na poprawienie pozycji danej witryny w wyszukiwarkach internetowych<\/p>\n\n\n\n<p>Linkowanie (ang. Link building) \u2013 zestaw dzia\u0142a\u0144 zwi\u0105zanych z optymalizacj\u0105 dla wyszukiwarek internetowych wewn\u0105trz i na zewn\u0105trz strony internetowej, kt\u00f3rych celem jest poprawienie pozycji witryny w wyszukiwarkach internetowych, a po\u015brednio zwi\u0119kszenie ilo\u015bci wej\u015b\u0107 na dan\u0105 stron\u0119 lub link\u00f3w zwrotnych. Poprawna implementacja linkowania mo\u017ce zwi\u0119kszy\u0107 ilo\u015b\u0107 wysokiej jako\u015bci odniesie\u0144 do danej strony internetowej, co z kolei mo\u017ce prze\u0142o\u017cy\u0107 si\u0119 na wy\u017csz\u0105 pozycj\u0119 w rankingu wyszukiwarek internetowych[1]. Wykorzystywane jest tak\u017ce jako strategia w kampaniach marketingowych, kt\u00f3rych celem jest zwi\u0119kszenie \u015bwiadomo\u015bci marki[1] jak r\u00f3wnie\u017c zbudowanie dobrego jako\u015bciowo profilu link\u00f3w serwisu, co mo\u017ce mie\u0107 bezpo\u015brednie prze\u0142o\u017cenie na pozycjonowanie go w wynikach wyszukiwania.<\/p>\n\n\n\n<p>Obecnie linkowanie to jeden z najwa\u017cniejszych element\u00f3w maj\u0105cych wp\u0142yw na pozycj\u0119 strony[potrzebny przypis], aczkolwiek wyszukiwarka Google, najpopularniejsza w Polsce strona tego typu[2], stale pr\u00f3buje ograniczy\u0107 warto\u015b\u0107 tego wska\u017anika na rzecz innych wyszukiwarek jak Bing czy Yahoo[niejasne].<\/p>\n\n\n\n<p>Utworzenie linka do strony internetowej m\u00f3wi wyszukiwarce, \u017ce linkowana strona internetowa jest warta polecenia. To jak g\u0142osowanie w wyborach tylko od d\u0142u\u017cszego czasu nie ilo\u015b\u0107 link\u00f3w, a ich jako\u015b\u0107 ma decyduj\u0105ce znaczenie.<\/p>\n\n\n\n<p>Wi\u0119cej na stronie Wikipedia.org:<\/p>\n\n\n\n<p><a href=\"https:\/\/pl.m.wikipedia.org\/wiki\/Linkowanie\">https:\/\/pl.m.wikipedia.org\/wiki\/Linkowanie<\/a><\/p>\n\n\n\n<h2 class=\"wp-block-heading\">Linksys<\/h2>\n\n\n\n<p>Linksys \u2013 przedsi\u0119biorstwo produkuj\u0105ce sprz\u0119t sieciowy (g\u0142\u00f3wnie przeznaczony do sieci bezprzewodowych), w tym karty sieciowe, routery, prze\u0142\u0105czniki i inny sprz\u0119t zgodny z aktualnymi standardami.<\/p>\n\n\n\n<p>Wi\u0119cej na stronie Wikipedia.org:<\/p>\n\n\n\n<p><a href=\"https:\/\/pl.m.wikipedia.org\/wiki\/Linksys\">https:\/\/pl.m.wikipedia.org\/wiki\/Linksys<\/a><\/p>\n\n\n\n<h2 class=\"wp-block-heading\" id=\"section_0\">Linux<\/h2>\n\n\n\n<p>rodzina system\u00f3w operacyjnych u\u017cywaj\u0105cych j\u0105dra Linux<\/p>\n\n\n\n<p>Linux (\/\u02c8l\u026an\u0259ks\/ i) \u2013 rodzina uniksopodobnych system\u00f3w operacyjnych opartych na j\u0105drze Linux. Linux jest jednym z przyk\u0142ad\u00f3w wolnego i otwartego oprogramowania (FLOSS): jego kod \u017ar\u00f3d\u0142owy mo\u017ce by\u0107 dowolnie wykorzystywany, modyfikowany i rozpowszechniany[3]. Od kwietnia 2017 roku Android (a tym samym Linux) oficjalnie jest najpopularniejszym systemem operacyjnym na \u015bwiecie.<\/p>\n\n\n\n<p>Pierwsza wersja j\u0105dra Linux zosta\u0142a udost\u0119pniona publicznie 17 wrze\u015bnia 1991 dla architektury komputera PC, wykorzystuj\u0105cego mikroprocesor o architekturze IA-32. Do j\u0105dra do\u0142\u0105czono narz\u0119dzia systemowe zwane te\u017c \u201eDevelopment Kit\u201d oraz biblioteki z projektu GNU, aby otrzyma\u0107 nadaj\u0105cy si\u0119 do u\u017cytku system operacyjny. Z tego powodu powsta\u0142a te\u017c alternatywna nazwa kompletnego systemu: GNU\/Linux[6]. Obecnie jest on udost\u0119pniany w formie licznych dystrybucji Linuksa, kt\u00f3re sk\u0142adaj\u0105 si\u0119 z j\u0105dra (niekiedy zmodyfikowanego w stosunku do oficjalnej wersji) i zestawu pakiet\u00f3w oprogramowania dobranego do r\u00f3\u017cnorodnych wymaga\u0144. Dystrybucje zawieraj\u0105 g\u0142\u00f3wnie oprogramowanie na licencjach FLOSS, jednak najcz\u0119\u015bciej zawieraj\u0105 te\u017c lub pozwalaj\u0105 na \u0142atwe doinstalowanie pewnej liczby program\u00f3w na licencjach w\u0142asno\u015bciowych.<\/p>\n\n\n\n<p>Jednym z zastosowa\u0144 Linuksa s\u0105 \u015brodowiska serwerowe, dla kt\u00f3rych komercyjne wsparcie oferuj\u0105 r\u00f3wnie\u017c du\u017ce firmy komputerowe jak IBM, Oracle, Dell, Microsoft, Hewlett-Packard, Red Hat i Novell. Linux dzia\u0142a na szerokiej gamie sprz\u0119tu komputerowego, wliczaj\u0105c komputery biurkowe, superkomputery i systemy wbudowane, takie jak telefony kom\u00f3rkowe, routery oraz telewizory (np. LG, Samsung).<\/p>\n\n\n\n<p>Wi\u0119cej na stronie Wikipedia.org:<\/p>\n\n\n\n<p><a href=\"https:\/\/pl.m.wikipedia.org\/wiki\/Linux\">https:\/\/pl.m.wikipedia.org\/wiki\/Linux<\/a><\/p>\n\n\n\n<h2 class=\"wp-block-heading\">LiveLeak<\/h2>\n\n\n\n<p>LiveLeak \u2013 serwis internetowy pozwalaj\u0105cy u\u017cytkownikom na publikacj\u0119 plik\u00f3w wideo. Serwis k\u0142adzie nacisk na prezentowanie bie\u017c\u0105cych wydarze\u0144, tre\u015bci politycznych i materia\u0142\u00f3w filmowych z rejon\u00f3w wojny z ca\u0142ego \u015bwiata. Strona powsta\u0142a 31 pa\u017adziernika 2006 roku. Za\u0142o\u017cycielem by\u0142 zesp\u00f3\u0142 tw\u00f3rc\u00f3w strony Ogrish.com, kt\u00f3rej g\u0142\u00f3wnym zadaniem by\u0142o pokazanie mocy dziennikarstwa obywatelskiego.<\/p>\n\n\n\n<p><a href=\"https:\/\/pl.m.wikipedia.org\/wiki\/LiveLeak\">https:\/\/pl.m.wikipedia.org\/wiki\/LiveLeak<\/a><\/p>\n\n\n\n<h2 class=\"wp-block-heading\">Logitech<\/h2>\n\n\n\n<p>Logitech \u2013 firma produkuj\u0105ca sprz\u0119t peryferyjny do komputer\u00f3w \u2013 m.in. g\u0142o\u015bniki, klawiatury, myszy, kamery internetowe.<\/p>\n\n\n\n<p>Notowana na gie\u0142dach: szwajcarskiej (skr\u00f3t LOGN) oraz NASDAQ. Za\u0142o\u017cona w 1981 roku w Apples w kantonie Vaud w Szwajcarii. G\u0142\u00f3wne kwatery mieszcz\u0105 si\u0119 we Fremont w Kalifornii i w Romanel-sur-Morges w Szwajcarii. Logitech zatrudnia na \u015bwiecie ponad 8000 os\u00f3b.<\/p>\n\n\n\n<p>Wi\u0119cej na stronie Wikipedia.org:<\/p>\n\n\n\n<p><a href=\"https:\/\/pl.m.wikipedia.org\/wiki\/Logitech\">https:\/\/pl.m.wikipedia.org\/wiki\/Logitech<\/a><\/p>\n\n\n\n<h2 class=\"wp-block-heading\">Lokalna sie\u0107 komputerowa<\/h2>\n\n\n\n<p><strong>Lokalna sie\u0107 komputerowa<\/strong>,&nbsp;<strong>LAN<\/strong>&nbsp;(od ang.&nbsp;<em>local area network<\/em>) \u2013&nbsp;<a href=\"https:\/\/pl.m.wikipedia.org\/wiki\/Sie%C4%87_komputerowa\">sie\u0107 komputerowa<\/a>&nbsp;\u0142\u0105cz\u0105ca komputery na okre\u015blonym obszarze (blok, szko\u0142a, laboratorium, biuro). Sie\u0107 LAN mo\u017ce by\u0107 wydzielona zar\u00f3wno fizycznie, jak i logicznie w ramach innej sieci. G\u0142\u00f3wne r\u00f3\u017cnice LAN w por\u00f3wnaniu z&nbsp;<a href=\"https:\/\/pl.m.wikipedia.org\/wiki\/Rozleg%C5%82a_sie%C4%87_komputerowa\">WAN<\/a>&nbsp;to wy\u017cszy wska\u017anik transferu danych i mniejszy obszar geograficzny.<\/p>\n\n\n\n<p>W przesz\u0142o\u015bci u\u017cywane by\u0142y&nbsp;<a href=\"https:\/\/pl.m.wikipedia.org\/wiki\/ARCNET\">ARCNet<\/a>,&nbsp;<em><a href=\"https:\/\/pl.m.wikipedia.org\/wiki\/Token_ring\">token ring<\/a><\/em>&nbsp;i inne standardy, ale obecnie najpopularniejszymi technologiami u\u017cywanymi do budowy sieci LAN s\u0105&nbsp;<a href=\"https:\/\/pl.m.wikipedia.org\/wiki\/Ethernet\">Ethernet<\/a>&nbsp;oraz&nbsp;<a href=\"https:\/\/pl.m.wikipedia.org\/wiki\/Wi-fi\">wi-fi<\/a>.<\/p>\n\n\n\n<p><a href=\"https:\/\/pl.m.wikipedia.org\/wiki\/Lokalna_sie%C4%87_komputerowa\">https:\/\/pl.m.wikipedia.org\/wiki\/Lokalna_sie%C4%87_komputerowa<\/a><\/p>\n\n\n\n<h2 class=\"wp-block-heading\">\u0141\u0105cze telekomunikacyjne<\/h2>\n\n\n\n<p>\u0141\u0105cze telekomunikacyjne (ang. telecommunications link) \u2013 kompleks \u015brodk\u00f3w technicznych do przesy\u0142ania sygna\u0142\u00f3w, przeznaczony do realizacji okre\u015blonej us\u0142ugi telekomunikacyjnej.<\/p>\n\n\n\n<p>Poj\u0119cie \u0142\u0105cza telekomunikacyjnego odr\u00f3\u017cnia si\u0119 od poj\u0119cia toru telekomunikacyjnego i linii telekomunikacyjnej.<\/p>\n\n\n\n<p>Rodzaje \u0142\u0105czy telekomunikacyjnych<br>\u0142\u0105cze telekomunikacyjne dzier\u017cawione<br>\u0142\u0105cze telekomunikacyjne komutowane<br>\u0142\u0105cze telekomunikacyjne analogowe<br>\u0142\u0105cze telekomunikacyjne cyfrowe<br>\u0142\u0105cze telekomunikacyjne satelitarne<\/p>\n\n\n\n<p>Wi\u0119cej na stronie Wikipedia.org:<\/p>\n\n\n\n<p><a href=\"https:\/\/pl.m.wikipedia.org\/wiki\/%C5%81%C4%85cze_telekomunikacyjne\">https:\/\/pl.m.wikipedia.org\/wiki\/%C5%81%C4%85cze_telekomunikacyjne<\/a><\/p>\n\n\n\n<p><a href=\"http:\/\/o5go.com\">o5go.com<\/a><\/p>\n","protected":false},"excerpt":{"rendered":"<p>5G &#8211; wszystko o 5G rozpoczynaj\u0105ce si\u0119 od litery L Laptop Laptop&nbsp;(z&nbsp;ang.&nbsp;lap&nbsp;&#8211; kolana, podo\u0142ek +&nbsp;top&nbsp;&#8211; wierzch),&nbsp;notebook&nbsp;(z ang.&nbsp;notebook, notatnik, zeszyt) \u2013 rodzaj przeno\u015bnego&nbsp;komputera osobistego. Do podtyp\u00f3w laptop\u00f3w mo\u017cna zaliczy\u0107&nbsp;ultrabooki&nbsp;i&nbsp;netbooki. Urz\u0105dzeniami mniejszymi od laptop\u00f3w s\u0105&nbsp;tablety&nbsp;i&nbsp;smartfony, kt\u00f3re r\u00f3wnie\u017c s\u0105 przeno\u015bnymi komputerami, cho\u0107 nie s\u0105 zgodne z IBM PC. Pocz\u0105tkowo istnia\u0142 umowny podzia\u0142 komputer\u00f3w przeno\u015bnych na laptop (wi\u0119kszy i [&hellip;]<\/p>\n","protected":false},"author":1,"featured_media":0,"parent":0,"menu_order":0,"comment_status":"closed","ping_status":"closed","template":"","meta":{"footnotes":""},"class_list":["post-54","page","type-page","status-publish","hentry"],"yoast_head":"<!-- This site is optimized with the Yoast SEO plugin v20.9 - https:\/\/yoast.com\/wordpress\/plugins\/seo\/ -->\n<title>L - 5G - o5go.com\/pl<\/title>\n<meta name=\"robots\" content=\"index, follow, max-snippet:-1, max-image-preview:large, max-video-preview:-1\" \/>\n<link rel=\"canonical\" href=\"https:\/\/o5go.com\/pl\/5g-l\/\" \/>\n<meta property=\"og:locale\" content=\"pl_PL\" \/>\n<meta property=\"og:type\" content=\"article\" \/>\n<meta property=\"og:title\" content=\"L - 5G - o5go.com\/pl\" \/>\n<meta property=\"og:description\" content=\"5G &#8211; wszystko o 5G rozpoczynaj\u0105ce si\u0119 od litery L Laptop Laptop&nbsp;(z&nbsp;ang.&nbsp;lap&nbsp;&#8211; kolana, podo\u0142ek +&nbsp;top&nbsp;&#8211; wierzch),&nbsp;notebook&nbsp;(z ang.&nbsp;notebook, notatnik, zeszyt) \u2013 rodzaj przeno\u015bnego&nbsp;komputera osobistego. Do podtyp\u00f3w laptop\u00f3w mo\u017cna zaliczy\u0107&nbsp;ultrabooki&nbsp;i&nbsp;netbooki. Urz\u0105dzeniami mniejszymi od laptop\u00f3w s\u0105&nbsp;tablety&nbsp;i&nbsp;smartfony, kt\u00f3re r\u00f3wnie\u017c s\u0105 przeno\u015bnymi komputerami, cho\u0107 nie s\u0105 zgodne z IBM PC. Pocz\u0105tkowo istnia\u0142 umowny podzia\u0142 komputer\u00f3w przeno\u015bnych na laptop (wi\u0119kszy i [&hellip;]\" \/>\n<meta property=\"og:url\" content=\"https:\/\/o5go.com\/pl\/5g-l\/\" \/>\n<meta property=\"og:site_name\" content=\"5G - o5go.com\/pl\" \/>\n<meta property=\"article:modified_time\" content=\"2021-06-19T11:44:52+00:00\" \/>\n<meta name=\"twitter:card\" content=\"summary_large_image\" \/>\n<meta name=\"twitter:label1\" content=\"Szacowany czas czytania\" \/>\n\t<meta name=\"twitter:data1\" content=\"7 minut\" \/>\n<script type=\"application\/ld+json\" class=\"yoast-schema-graph\">{\"@context\":\"https:\/\/schema.org\",\"@graph\":[{\"@type\":\"WebPage\",\"@id\":\"https:\/\/o5go.com\/pl\/5g-l\/\",\"url\":\"https:\/\/o5go.com\/pl\/5g-l\/\",\"name\":\"L - 5G - o5go.com\/pl\",\"isPartOf\":{\"@id\":\"https:\/\/o5go.com\/pl\/#website\"},\"datePublished\":\"2020-07-02T21:21:34+00:00\",\"dateModified\":\"2021-06-19T11:44:52+00:00\",\"breadcrumb\":{\"@id\":\"https:\/\/o5go.com\/pl\/5g-l\/#breadcrumb\"},\"inLanguage\":\"pl-PL\",\"potentialAction\":[{\"@type\":\"ReadAction\",\"target\":[\"https:\/\/o5go.com\/pl\/5g-l\/\"]}]},{\"@type\":\"BreadcrumbList\",\"@id\":\"https:\/\/o5go.com\/pl\/5g-l\/#breadcrumb\",\"itemListElement\":[{\"@type\":\"ListItem\",\"position\":1,\"name\":\"Home\",\"item\":\"https:\/\/o5go.com\/pl\/\"},{\"@type\":\"ListItem\",\"position\":2,\"name\":\"L\"}]},{\"@type\":\"WebSite\",\"@id\":\"https:\/\/o5go.com\/pl\/#website\",\"url\":\"https:\/\/o5go.com\/pl\/\",\"name\":\"5G - o5go.com\/pl\",\"description\":\"5G - Wszystko o 5G - Polski\",\"potentialAction\":[{\"@type\":\"SearchAction\",\"target\":{\"@type\":\"EntryPoint\",\"urlTemplate\":\"https:\/\/o5go.com\/pl\/?s={search_term_string}\"},\"query-input\":\"required name=search_term_string\"}],\"inLanguage\":\"pl-PL\"}]}<\/script>\n<!-- \/ Yoast SEO plugin. -->","yoast_head_json":{"title":"L - 5G - o5go.com\/pl","robots":{"index":"index","follow":"follow","max-snippet":"max-snippet:-1","max-image-preview":"max-image-preview:large","max-video-preview":"max-video-preview:-1"},"canonical":"https:\/\/o5go.com\/pl\/5g-l\/","og_locale":"pl_PL","og_type":"article","og_title":"L - 5G - o5go.com\/pl","og_description":"5G &#8211; wszystko o 5G rozpoczynaj\u0105ce si\u0119 od litery L Laptop Laptop&nbsp;(z&nbsp;ang.&nbsp;lap&nbsp;&#8211; kolana, podo\u0142ek +&nbsp;top&nbsp;&#8211; wierzch),&nbsp;notebook&nbsp;(z ang.&nbsp;notebook, notatnik, zeszyt) \u2013 rodzaj przeno\u015bnego&nbsp;komputera osobistego. Do podtyp\u00f3w laptop\u00f3w mo\u017cna zaliczy\u0107&nbsp;ultrabooki&nbsp;i&nbsp;netbooki. Urz\u0105dzeniami mniejszymi od laptop\u00f3w s\u0105&nbsp;tablety&nbsp;i&nbsp;smartfony, kt\u00f3re r\u00f3wnie\u017c s\u0105 przeno\u015bnymi komputerami, cho\u0107 nie s\u0105 zgodne z IBM PC. Pocz\u0105tkowo istnia\u0142 umowny podzia\u0142 komputer\u00f3w przeno\u015bnych na laptop (wi\u0119kszy i [&hellip;]","og_url":"https:\/\/o5go.com\/pl\/5g-l\/","og_site_name":"5G - o5go.com\/pl","article_modified_time":"2021-06-19T11:44:52+00:00","twitter_card":"summary_large_image","twitter_misc":{"Szacowany czas czytania":"7 minut"},"schema":{"@context":"https:\/\/schema.org","@graph":[{"@type":"WebPage","@id":"https:\/\/o5go.com\/pl\/5g-l\/","url":"https:\/\/o5go.com\/pl\/5g-l\/","name":"L - 5G - o5go.com\/pl","isPartOf":{"@id":"https:\/\/o5go.com\/pl\/#website"},"datePublished":"2020-07-02T21:21:34+00:00","dateModified":"2021-06-19T11:44:52+00:00","breadcrumb":{"@id":"https:\/\/o5go.com\/pl\/5g-l\/#breadcrumb"},"inLanguage":"pl-PL","potentialAction":[{"@type":"ReadAction","target":["https:\/\/o5go.com\/pl\/5g-l\/"]}]},{"@type":"BreadcrumbList","@id":"https:\/\/o5go.com\/pl\/5g-l\/#breadcrumb","itemListElement":[{"@type":"ListItem","position":1,"name":"Home","item":"https:\/\/o5go.com\/pl\/"},{"@type":"ListItem","position":2,"name":"L"}]},{"@type":"WebSite","@id":"https:\/\/o5go.com\/pl\/#website","url":"https:\/\/o5go.com\/pl\/","name":"5G - o5go.com\/pl","description":"5G - Wszystko o 5G - Polski","potentialAction":[{"@type":"SearchAction","target":{"@type":"EntryPoint","urlTemplate":"https:\/\/o5go.com\/pl\/?s={search_term_string}"},"query-input":"required name=search_term_string"}],"inLanguage":"pl-PL"}]}},"_links":{"self":[{"href":"https:\/\/o5go.com\/pl\/wp-json\/wp\/v2\/pages\/54","targetHints":{"allow":["GET"]}}],"collection":[{"href":"https:\/\/o5go.com\/pl\/wp-json\/wp\/v2\/pages"}],"about":[{"href":"https:\/\/o5go.com\/pl\/wp-json\/wp\/v2\/types\/page"}],"author":[{"embeddable":true,"href":"https:\/\/o5go.com\/pl\/wp-json\/wp\/v2\/users\/1"}],"replies":[{"embeddable":true,"href":"https:\/\/o5go.com\/pl\/wp-json\/wp\/v2\/comments?post=54"}],"version-history":[{"count":16,"href":"https:\/\/o5go.com\/pl\/wp-json\/wp\/v2\/pages\/54\/revisions"}],"predecessor-version":[{"id":1720,"href":"https:\/\/o5go.com\/pl\/wp-json\/wp\/v2\/pages\/54\/revisions\/1720"}],"wp:attachment":[{"href":"https:\/\/o5go.com\/pl\/wp-json\/wp\/v2\/media?parent=54"}],"curies":[{"name":"wp","href":"https:\/\/api.w.org\/{rel}","templated":true}]}}