{"id":50,"date":"2020-07-02T23:20:55","date_gmt":"2020-07-02T21:20:55","guid":{"rendered":"https:\/\/o5go.com\/pl\/?page_id=50"},"modified":"2021-03-09T21:24:32","modified_gmt":"2021-03-09T20:24:32","slug":"5g-j","status":"publish","type":"page","link":"https:\/\/o5go.com\/pl\/5g-j\/","title":{"rendered":"J"},"content":{"rendered":"\n<h2 class=\"wp-block-heading\">5G &#8211; wszystko o 5G rozpoczynaj\u0105ce si\u0119 od litery J<\/h2>\n\n\n\n<h3 class=\"wp-block-heading\" id=\"section_0\">J\u0119zyk programowania<\/h3>\n\n\n\n<p>zbi\u00f3r zasad<\/p>\n\n\n\n<p>J\u0119zyk programowania \u2013 zbi\u00f3r zasad okre\u015blaj\u0105cych, kiedy ci\u0105g symboli tworzy program komputerowy oraz jakie obliczenia opisuje.<\/p>\n\n\n\n<p>Podobnie jak j\u0119zyki naturalne, j\u0119zyk programowania sk\u0142ada si\u0119 ze zbior\u00f3w regu\u0142 syntaktycznych oraz semantyki, kt\u00f3re opisuj\u0105, jak nale\u017cy budowa\u0107 poprawne wyra\u017cenia oraz jak komputer ma je rozumie\u0107. Wiele j\u0119zyk\u00f3w programowania posiada pisemn\u0105 specyfikacj\u0119 swojej sk\u0142adni oraz semantyki, lecz inne zdefiniowane s\u0105 jedynie przez oficjalne implementacje.<\/p>\n\n\n\n<p>J\u0119zyk programowania pozwala na precyzyjny zapis algorytm\u00f3w oraz innych zada\u0144, jakie komputer ma wykona\u0107. W niekt\u00f3rych pracach poj\u0119cie j\u0119zyka programowania jest ograniczane wy\u0142\u0105cznie do tych j\u0119zyk\u00f3w, w kt\u00f3rych mo\u017cna zapisa\u0107 wszystkie istniej\u0105ce algorytmy \u2013 od strony matematycznej oznacza to, \u017ce j\u0119zyk musi by\u0107 przynajmniej kompletny w sensie Turinga, jednak mo\u017cna si\u0119 tak\u017ce spotka\u0107 z wykorzystaniem tego poj\u0119cia na okre\u015blenie r\u00f3wnie\u017c bardziej ograniczonych j\u0119zyk\u00f3w.<\/p>\n\n\n\n<p>Wi\u0119cej na stronie Wikipedia.org:<\/p>\n\n\n\n<p><a href=\"https:\/\/pl.m.wikipedia.org\/wiki\/J%C4%99zyk_programowania\">https:\/\/pl.m.wikipedia.org\/wiki\/J%C4%99zyk_programowania<\/a><\/p>\n\n\n\n<h3 class=\"wp-block-heading\">Joomla!<\/h3>\n\n\n\n<p>Joomla! (suahili razem!, rodz. m\u0119ski, \/\u02c8d\u0292\u028amla\/, przybli\u017cona wymowa [d\u017cumla]) \u2013 system zarz\u0105dzania tre\u015bci\u0105 napisany w j\u0119zyku PHP, wykorzystuj\u0105cy baz\u0119 danych MySQL, rozprowadzany na zasadach wolnego oprogramowania[1].<\/p>\n\n\n\n<p>Joomla! jest pochodn\u0105 systemu Mambo.<\/p>\n\n\n\n<p>Wi\u0119cej na stronie Wikipedia.org:<\/p>\n\n\n\n<p><a href=\"https:\/\/pl.m.wikipedia.org\/wiki\/Joomla!\">https:\/\/pl.m.wikipedia.org\/wiki\/Joomla!<\/a><\/p>\n\n\n\n<h3 class=\"wp-block-heading\">JVC<\/h3>\n\n\n\n<p>JVC (Victor Company of Japan, Limited) \u2013 przedsi\u0119biorstwo za\u0142o\u017cone zosta\u0142o w 1927 roku w Japonii, pocz\u0105tkowo jako producent p\u0142yt i gramofon\u00f3w. W ci\u0105gu swojej historii, technologia JVC wielokrotnie wytycza\u0142a i wci\u0105\u017c wytycza nowe kierunki w rozwoju \u015bwiatowej elektroniki. Istotnym prze\u0142omem by\u0142 rok 1976, kiedy firma JVC wprowadzi\u0142a na rynek domowy magnetowid, nagrywaj\u0105cy na ta\u015bmie 1\/2-cala VHS (Video Home System).<\/p>\n\n\n\n<p>Firma JVC jest zaanga\u017cowana w wiele r\u00f3\u017cnych projekt\u00f3w kulturalnych, do najwa\u017cniejszych z nich nale\u017c\u0105: JVC Jazz Festival (cykl festiwali jazzowych, odbywaj\u0105cych si\u0119 na ca\u0142ym \u015bwiecie pod patronatem JVC, od 1984 roku, od 2000 roku r\u00f3wnie\u017c w Warszawie pod nazw\u0105 JVC Warsaw Jazz Festival) oraz JVC Tokyo Video Festival (odbywaj\u0105cy si\u0119 od 1978 roku festiwal filmowc\u00f3w amator\u00f3w, na kt\u00f3rym m\u0142odzi tw\u00f3rcy mog\u0105 prezentowa\u0107 swoje prace, w 2005 roku ruszy\u0142a pierwsza Polska edycja festiwalu).<\/p>\n\n\n\n<p>Od 1982 roku JVC wsp\u00f3\u0142pracuje z organizacjami FIFA i UEFA, sponsoruj\u0105c mistrzostwa \u015bwiata w pi\u0142ce no\u017cnej oraz mistrzostwa Europy w pi\u0142ce no\u017cnej. JVC anga\u017cuje si\u0119 w ochron\u0119 \u015brodowiska naturalnego. Obecnie wszystkie zak\u0142ady produkcyjne na ca\u0142ym \u015bwiecie uzyska\u0142y ju\u017c certyfikaty ISO 14001. Firma sta\u0142a si\u0119 pionierem w dziedzinie rozwoju produkt\u00f3w energooszcz\u0119dnych, formu\u0142uj\u0105c zadania zmierzaj\u0105ce do zmniejszenia poboru energii przez telewizory i magnetowidy w stanie czuwania.<\/p>\n\n\n\n<p>Produkty JVC wielokrotnie by\u0142y nagradzane za wysok\u0105 jako\u015b\u0107, innowacyjno\u015b\u0107, nowoczesny wygl\u0105d, prost\u0105 obs\u0142ug\u0119. Co roku otrzymuj\u0105 presti\u017cowe nagrody przyznawane przez Stowarzyszenie EISA i TIPA oraz tytu\u0142 europejskiego produktu roku.<\/p>\n\n\n\n<p>Na rynku japo\u0144skim firma oznacza swoje produkty u\u017cywaj\u0105c logo Victor (Victor Company of Japan, Limited).<\/p>\n\n\n\n<p>1 pa\u017adziernika 2008 roku utworzono JVC Kenwood Holdings Inc, ukierunkowany na wsp\u00f3lne badania i rozw\u00f3j w zakresie elektroniki car audio.<\/p>\n\n\n\n<p>Polski oddzia\u0142 JVC \u2013 JVC Polska Sp. z o.o., zosta\u0142 utworzony w 1997 roku.<\/p>\n\n\n\n<p>Przedsi\u0119biorstwo posiada obecnie 8 fabryk w 7 krajach \u015bwiata.<\/p>\n\n\n\n<p>Wi\u0119cej na stronie Wikipedia.org:<\/p>\n\n\n\n<p><a href=\"https:\/\/pl.m.wikipedia.org\/wiki\/JVC\">https:\/\/pl.m.wikipedia.org\/wiki\/JVC<\/a><\/p>\n\n\n\n<p><a href=\"http:\/\/o5go.com\">o5go.com<\/a><\/p>\n","protected":false},"excerpt":{"rendered":"<p>5G &#8211; wszystko o 5G rozpoczynaj\u0105ce si\u0119 od litery J J\u0119zyk programowania zbi\u00f3r zasad J\u0119zyk programowania \u2013 zbi\u00f3r zasad okre\u015blaj\u0105cych, kiedy ci\u0105g symboli tworzy program komputerowy oraz jakie obliczenia opisuje. Podobnie jak j\u0119zyki naturalne, j\u0119zyk programowania sk\u0142ada si\u0119 ze zbior\u00f3w regu\u0142 syntaktycznych oraz semantyki, kt\u00f3re opisuj\u0105, jak nale\u017cy budowa\u0107 poprawne wyra\u017cenia oraz jak komputer ma [&hellip;]<\/p>\n","protected":false},"author":1,"featured_media":0,"parent":0,"menu_order":0,"comment_status":"closed","ping_status":"closed","template":"","meta":{"footnotes":""},"class_list":["post-50","page","type-page","status-publish","hentry"],"yoast_head":"<!-- This site is optimized with the Yoast SEO plugin v20.9 - https:\/\/yoast.com\/wordpress\/plugins\/seo\/ -->\n<title>J - 5G - o5go.com\/pl<\/title>\n<meta name=\"robots\" content=\"index, follow, max-snippet:-1, max-image-preview:large, max-video-preview:-1\" \/>\n<link rel=\"canonical\" href=\"https:\/\/o5go.com\/pl\/5g-j\/\" \/>\n<meta property=\"og:locale\" content=\"pl_PL\" \/>\n<meta property=\"og:type\" content=\"article\" \/>\n<meta property=\"og:title\" content=\"J - 5G - o5go.com\/pl\" \/>\n<meta property=\"og:description\" content=\"5G &#8211; wszystko o 5G rozpoczynaj\u0105ce si\u0119 od litery J J\u0119zyk programowania zbi\u00f3r zasad J\u0119zyk programowania \u2013 zbi\u00f3r zasad okre\u015blaj\u0105cych, kiedy ci\u0105g symboli tworzy program komputerowy oraz jakie obliczenia opisuje. Podobnie jak j\u0119zyki naturalne, j\u0119zyk programowania sk\u0142ada si\u0119 ze zbior\u00f3w regu\u0142 syntaktycznych oraz semantyki, kt\u00f3re opisuj\u0105, jak nale\u017cy budowa\u0107 poprawne wyra\u017cenia oraz jak komputer ma [&hellip;]\" \/>\n<meta property=\"og:url\" content=\"https:\/\/o5go.com\/pl\/5g-j\/\" \/>\n<meta property=\"og:site_name\" content=\"5G - o5go.com\/pl\" \/>\n<meta property=\"article:modified_time\" content=\"2021-03-09T20:24:32+00:00\" \/>\n<meta name=\"twitter:card\" content=\"summary_large_image\" \/>\n<meta name=\"twitter:label1\" content=\"Szacowany czas czytania\" \/>\n\t<meta name=\"twitter:data1\" content=\"3 minuty\" \/>\n<script type=\"application\/ld+json\" class=\"yoast-schema-graph\">{\"@context\":\"https:\/\/schema.org\",\"@graph\":[{\"@type\":\"WebPage\",\"@id\":\"https:\/\/o5go.com\/pl\/5g-j\/\",\"url\":\"https:\/\/o5go.com\/pl\/5g-j\/\",\"name\":\"J - 5G - o5go.com\/pl\",\"isPartOf\":{\"@id\":\"https:\/\/o5go.com\/pl\/#website\"},\"datePublished\":\"2020-07-02T21:20:55+00:00\",\"dateModified\":\"2021-03-09T20:24:32+00:00\",\"breadcrumb\":{\"@id\":\"https:\/\/o5go.com\/pl\/5g-j\/#breadcrumb\"},\"inLanguage\":\"pl-PL\",\"potentialAction\":[{\"@type\":\"ReadAction\",\"target\":[\"https:\/\/o5go.com\/pl\/5g-j\/\"]}]},{\"@type\":\"BreadcrumbList\",\"@id\":\"https:\/\/o5go.com\/pl\/5g-j\/#breadcrumb\",\"itemListElement\":[{\"@type\":\"ListItem\",\"position\":1,\"name\":\"Home\",\"item\":\"https:\/\/o5go.com\/pl\/\"},{\"@type\":\"ListItem\",\"position\":2,\"name\":\"J\"}]},{\"@type\":\"WebSite\",\"@id\":\"https:\/\/o5go.com\/pl\/#website\",\"url\":\"https:\/\/o5go.com\/pl\/\",\"name\":\"5G - o5go.com\/pl\",\"description\":\"5G - Wszystko o 5G - Polski\",\"potentialAction\":[{\"@type\":\"SearchAction\",\"target\":{\"@type\":\"EntryPoint\",\"urlTemplate\":\"https:\/\/o5go.com\/pl\/?s={search_term_string}\"},\"query-input\":\"required name=search_term_string\"}],\"inLanguage\":\"pl-PL\"}]}<\/script>\n<!-- \/ Yoast SEO plugin. -->","yoast_head_json":{"title":"J - 5G - o5go.com\/pl","robots":{"index":"index","follow":"follow","max-snippet":"max-snippet:-1","max-image-preview":"max-image-preview:large","max-video-preview":"max-video-preview:-1"},"canonical":"https:\/\/o5go.com\/pl\/5g-j\/","og_locale":"pl_PL","og_type":"article","og_title":"J - 5G - o5go.com\/pl","og_description":"5G &#8211; wszystko o 5G rozpoczynaj\u0105ce si\u0119 od litery J J\u0119zyk programowania zbi\u00f3r zasad J\u0119zyk programowania \u2013 zbi\u00f3r zasad okre\u015blaj\u0105cych, kiedy ci\u0105g symboli tworzy program komputerowy oraz jakie obliczenia opisuje. Podobnie jak j\u0119zyki naturalne, j\u0119zyk programowania sk\u0142ada si\u0119 ze zbior\u00f3w regu\u0142 syntaktycznych oraz semantyki, kt\u00f3re opisuj\u0105, jak nale\u017cy budowa\u0107 poprawne wyra\u017cenia oraz jak komputer ma [&hellip;]","og_url":"https:\/\/o5go.com\/pl\/5g-j\/","og_site_name":"5G - o5go.com\/pl","article_modified_time":"2021-03-09T20:24:32+00:00","twitter_card":"summary_large_image","twitter_misc":{"Szacowany czas czytania":"3 minuty"},"schema":{"@context":"https:\/\/schema.org","@graph":[{"@type":"WebPage","@id":"https:\/\/o5go.com\/pl\/5g-j\/","url":"https:\/\/o5go.com\/pl\/5g-j\/","name":"J - 5G - o5go.com\/pl","isPartOf":{"@id":"https:\/\/o5go.com\/pl\/#website"},"datePublished":"2020-07-02T21:20:55+00:00","dateModified":"2021-03-09T20:24:32+00:00","breadcrumb":{"@id":"https:\/\/o5go.com\/pl\/5g-j\/#breadcrumb"},"inLanguage":"pl-PL","potentialAction":[{"@type":"ReadAction","target":["https:\/\/o5go.com\/pl\/5g-j\/"]}]},{"@type":"BreadcrumbList","@id":"https:\/\/o5go.com\/pl\/5g-j\/#breadcrumb","itemListElement":[{"@type":"ListItem","position":1,"name":"Home","item":"https:\/\/o5go.com\/pl\/"},{"@type":"ListItem","position":2,"name":"J"}]},{"@type":"WebSite","@id":"https:\/\/o5go.com\/pl\/#website","url":"https:\/\/o5go.com\/pl\/","name":"5G - o5go.com\/pl","description":"5G - Wszystko o 5G - Polski","potentialAction":[{"@type":"SearchAction","target":{"@type":"EntryPoint","urlTemplate":"https:\/\/o5go.com\/pl\/?s={search_term_string}"},"query-input":"required name=search_term_string"}],"inLanguage":"pl-PL"}]}},"_links":{"self":[{"href":"https:\/\/o5go.com\/pl\/wp-json\/wp\/v2\/pages\/50","targetHints":{"allow":["GET"]}}],"collection":[{"href":"https:\/\/o5go.com\/pl\/wp-json\/wp\/v2\/pages"}],"about":[{"href":"https:\/\/o5go.com\/pl\/wp-json\/wp\/v2\/types\/page"}],"author":[{"embeddable":true,"href":"https:\/\/o5go.com\/pl\/wp-json\/wp\/v2\/users\/1"}],"replies":[{"embeddable":true,"href":"https:\/\/o5go.com\/pl\/wp-json\/wp\/v2\/comments?post=50"}],"version-history":[{"count":4,"href":"https:\/\/o5go.com\/pl\/wp-json\/wp\/v2\/pages\/50\/revisions"}],"predecessor-version":[{"id":583,"href":"https:\/\/o5go.com\/pl\/wp-json\/wp\/v2\/pages\/50\/revisions\/583"}],"wp:attachment":[{"href":"https:\/\/o5go.com\/pl\/wp-json\/wp\/v2\/media?parent=50"}],"curies":[{"name":"wp","href":"https:\/\/api.w.org\/{rel}","templated":true}]}}