{"id":18,"date":"2020-07-02T23:15:31","date_gmt":"2020-07-02T21:15:31","guid":{"rendered":"https:\/\/o5go.com\/pl\/?page_id=18"},"modified":"2021-02-16T07:07:40","modified_gmt":"2021-02-16T06:07:40","slug":"5g-4","status":"publish","type":"page","link":"https:\/\/o5go.com\/pl\/5g-4\/","title":{"rendered":"4"},"content":{"rendered":"\n<h2 class=\"wp-block-heading\">5G &#8211; wszystko o 5G rozpoczynaj\u0105ce si\u0119 od cyfry 4<\/h2>\n\n\n\n<h2 class=\"wp-block-heading\">4G<\/h2>\n\n\n\n<p>4G, telefonia kom\u00f3rkowa czwartej generacji \u2013 sie\u0107 cyfrowa telefonii kom\u00f3rkowej dla kt\u00f3rej g\u0142\u00f3wn\u0105 cech\u0105 odr\u00f3\u017cniaj\u0105c\u0105 od swojej poprzedniczki (3G) jest szybko\u015b\u0107 transferu pomi\u0119dzy urz\u0105dzeniami. Oferuje ona pr\u0119dko\u015b\u0107 mobilnego Internetu na poziomie 100 Mb\/s, a wysy\u0142anie pakiet\u00f3w odbywa si\u0119 z pr\u0119dko\u015bci\u0105 powy\u017cej 25 Mb\/s.<\/p>\n\n\n\n<p>Polega na przesy\u0142aniu d\u017awi\u0119ku i danych za pomoc\u0105 komutacji pakiet\u00f3w opartej na IP.<\/p>\n\n\n\n<p>Charakteryzuje si\u0119 uproszczon\u0105 architektur\u0105 sieci szkieletowej oraz usprawnion\u0105 przep\u0142ywno\u015bci\u0105 w sieci radiowej w stosunku do poprzednich standard\u00f3w.<\/p>\n\n\n\n<p><a href=\"https:\/\/pl.m.wikipedia.org\/wiki\/4G\">https:\/\/pl.m.wikipedia.org\/wiki\/4G<\/a><\/p>\n\n\n\n<h2 class=\"wp-block-heading\">4K<\/h2>\n\n\n\n<p>4K \u2013 wysokiej jako\u015bci standard rozdzielczo\u015bci film\u00f3w cyfrowych oraz grafiki komputerowej. Nazwa pochodzi od 4 tysi\u0119cy pikseli umieszczonych w pozycji horyzontalnej. 4K charakteryzuje si\u0119 czterokrotnie wi\u0119ksz\u0105 liczb\u0105 pikseli w por\u00f3wnaniu do powszechnie u\u017cywanej rozdzielczo\u015bci Full HD oraz dziewi\u0119ciokrotnie wi\u0119ksz\u0105 od High-Definition. Obecnie wyr\u00f3\u017cniamy kilka r\u00f3\u017cnych rozdzielczo\u015bci kwalifikowanych z 4K:<\/p>\n\n\n\n<p>&#8230;<\/p>\n\n\n\n<p>Zapis cyfrowy w tym formacie jest zwi\u0105zany ze zu\u017cyciem du\u017cej ilo\u015bci pami\u0119ci, a odtwarzanie wymaga nowoczesnego sprz\u0119tu komputerowego, przez co format ten jest ma\u0142o popularny, a stosowanie go bardzo kosztowne.<\/p>\n\n\n\n<p>Pionierami we wdro\u017ceniu tego formatu na potrzeby telewizji s\u0105 Japo\u0144czycy. Tamtejszy rz\u0105d chce przy\u015bpieszy\u0107 wprowadzenie nowego standardu, aby wspom\u00f3c swoje rodzime firmy, kt\u00f3re ju\u017c produkuj\u0105 telewizory zdolne do odtwarzania obrazu w formacie 4K (Sony \u2013 ponad 75% rynku w Japonii i pierwsza pozycja w USA w 2013 roku, Panasonic, Sharp), tak aby m\u00f3g\u0142 by\u0107 on wdro\u017cony w 2014 roku.<\/p>\n\n\n\n<p>Wi\u0119cej na stronie Wikipedia.org:<\/p>\n\n\n\n<p><a href=\"https:\/\/pl.m.wikipedia.org\/wiki\/4K\">https:\/\/pl.m.wikipedia.org\/wiki\/4K<\/a><\/p>\n\n\n\n<p><a href=\"http:\/\/o5go.com\">o5go.com<\/a><\/p>\n","protected":false},"excerpt":{"rendered":"<p>5G &#8211; wszystko o 5G rozpoczynaj\u0105ce si\u0119 od cyfry 4 4G 4G, telefonia kom\u00f3rkowa czwartej generacji \u2013 sie\u0107 cyfrowa telefonii kom\u00f3rkowej dla kt\u00f3rej g\u0142\u00f3wn\u0105 cech\u0105 odr\u00f3\u017cniaj\u0105c\u0105 od swojej poprzedniczki (3G) jest szybko\u015b\u0107 transferu pomi\u0119dzy urz\u0105dzeniami. Oferuje ona pr\u0119dko\u015b\u0107 mobilnego Internetu na poziomie 100 Mb\/s, a wysy\u0142anie pakiet\u00f3w odbywa si\u0119 z pr\u0119dko\u015bci\u0105 powy\u017cej 25 Mb\/s. Polega [&hellip;]<\/p>\n","protected":false},"author":1,"featured_media":0,"parent":0,"menu_order":0,"comment_status":"closed","ping_status":"closed","template":"","meta":{"footnotes":""},"class_list":["post-18","page","type-page","status-publish","hentry"],"yoast_head":"<!-- This site is optimized with the Yoast SEO plugin v20.9 - https:\/\/yoast.com\/wordpress\/plugins\/seo\/ -->\n<title>4 - 5G - o5go.com\/pl<\/title>\n<meta name=\"robots\" content=\"index, follow, max-snippet:-1, max-image-preview:large, max-video-preview:-1\" \/>\n<link rel=\"canonical\" href=\"https:\/\/o5go.com\/pl\/5g-4\/\" \/>\n<meta property=\"og:locale\" content=\"pl_PL\" \/>\n<meta property=\"og:type\" content=\"article\" \/>\n<meta property=\"og:title\" content=\"4 - 5G - o5go.com\/pl\" \/>\n<meta property=\"og:description\" content=\"5G &#8211; wszystko o 5G rozpoczynaj\u0105ce si\u0119 od cyfry 4 4G 4G, telefonia kom\u00f3rkowa czwartej generacji \u2013 sie\u0107 cyfrowa telefonii kom\u00f3rkowej dla kt\u00f3rej g\u0142\u00f3wn\u0105 cech\u0105 odr\u00f3\u017cniaj\u0105c\u0105 od swojej poprzedniczki (3G) jest szybko\u015b\u0107 transferu pomi\u0119dzy urz\u0105dzeniami. Oferuje ona pr\u0119dko\u015b\u0107 mobilnego Internetu na poziomie 100 Mb\/s, a wysy\u0142anie pakiet\u00f3w odbywa si\u0119 z pr\u0119dko\u015bci\u0105 powy\u017cej 25 Mb\/s. Polega [&hellip;]\" \/>\n<meta property=\"og:url\" content=\"https:\/\/o5go.com\/pl\/5g-4\/\" \/>\n<meta property=\"og:site_name\" content=\"5G - o5go.com\/pl\" \/>\n<meta property=\"article:modified_time\" content=\"2021-02-16T06:07:40+00:00\" \/>\n<meta name=\"twitter:card\" content=\"summary_large_image\" \/>\n<meta name=\"twitter:label1\" content=\"Szacowany czas czytania\" \/>\n\t<meta name=\"twitter:data1\" content=\"1 minuta\" \/>\n<script type=\"application\/ld+json\" class=\"yoast-schema-graph\">{\"@context\":\"https:\/\/schema.org\",\"@graph\":[{\"@type\":\"WebPage\",\"@id\":\"https:\/\/o5go.com\/pl\/5g-4\/\",\"url\":\"https:\/\/o5go.com\/pl\/5g-4\/\",\"name\":\"4 - 5G - o5go.com\/pl\",\"isPartOf\":{\"@id\":\"https:\/\/o5go.com\/pl\/#website\"},\"datePublished\":\"2020-07-02T21:15:31+00:00\",\"dateModified\":\"2021-02-16T06:07:40+00:00\",\"breadcrumb\":{\"@id\":\"https:\/\/o5go.com\/pl\/5g-4\/#breadcrumb\"},\"inLanguage\":\"pl-PL\",\"potentialAction\":[{\"@type\":\"ReadAction\",\"target\":[\"https:\/\/o5go.com\/pl\/5g-4\/\"]}]},{\"@type\":\"BreadcrumbList\",\"@id\":\"https:\/\/o5go.com\/pl\/5g-4\/#breadcrumb\",\"itemListElement\":[{\"@type\":\"ListItem\",\"position\":1,\"name\":\"Home\",\"item\":\"https:\/\/o5go.com\/pl\/\"},{\"@type\":\"ListItem\",\"position\":2,\"name\":\"4\"}]},{\"@type\":\"WebSite\",\"@id\":\"https:\/\/o5go.com\/pl\/#website\",\"url\":\"https:\/\/o5go.com\/pl\/\",\"name\":\"5G - o5go.com\/pl\",\"description\":\"5G - Wszystko o 5G - Polski\",\"potentialAction\":[{\"@type\":\"SearchAction\",\"target\":{\"@type\":\"EntryPoint\",\"urlTemplate\":\"https:\/\/o5go.com\/pl\/?s={search_term_string}\"},\"query-input\":\"required name=search_term_string\"}],\"inLanguage\":\"pl-PL\"}]}<\/script>\n<!-- \/ Yoast SEO plugin. -->","yoast_head_json":{"title":"4 - 5G - o5go.com\/pl","robots":{"index":"index","follow":"follow","max-snippet":"max-snippet:-1","max-image-preview":"max-image-preview:large","max-video-preview":"max-video-preview:-1"},"canonical":"https:\/\/o5go.com\/pl\/5g-4\/","og_locale":"pl_PL","og_type":"article","og_title":"4 - 5G - o5go.com\/pl","og_description":"5G &#8211; wszystko o 5G rozpoczynaj\u0105ce si\u0119 od cyfry 4 4G 4G, telefonia kom\u00f3rkowa czwartej generacji \u2013 sie\u0107 cyfrowa telefonii kom\u00f3rkowej dla kt\u00f3rej g\u0142\u00f3wn\u0105 cech\u0105 odr\u00f3\u017cniaj\u0105c\u0105 od swojej poprzedniczki (3G) jest szybko\u015b\u0107 transferu pomi\u0119dzy urz\u0105dzeniami. Oferuje ona pr\u0119dko\u015b\u0107 mobilnego Internetu na poziomie 100 Mb\/s, a wysy\u0142anie pakiet\u00f3w odbywa si\u0119 z pr\u0119dko\u015bci\u0105 powy\u017cej 25 Mb\/s. Polega [&hellip;]","og_url":"https:\/\/o5go.com\/pl\/5g-4\/","og_site_name":"5G - o5go.com\/pl","article_modified_time":"2021-02-16T06:07:40+00:00","twitter_card":"summary_large_image","twitter_misc":{"Szacowany czas czytania":"1 minuta"},"schema":{"@context":"https:\/\/schema.org","@graph":[{"@type":"WebPage","@id":"https:\/\/o5go.com\/pl\/5g-4\/","url":"https:\/\/o5go.com\/pl\/5g-4\/","name":"4 - 5G - o5go.com\/pl","isPartOf":{"@id":"https:\/\/o5go.com\/pl\/#website"},"datePublished":"2020-07-02T21:15:31+00:00","dateModified":"2021-02-16T06:07:40+00:00","breadcrumb":{"@id":"https:\/\/o5go.com\/pl\/5g-4\/#breadcrumb"},"inLanguage":"pl-PL","potentialAction":[{"@type":"ReadAction","target":["https:\/\/o5go.com\/pl\/5g-4\/"]}]},{"@type":"BreadcrumbList","@id":"https:\/\/o5go.com\/pl\/5g-4\/#breadcrumb","itemListElement":[{"@type":"ListItem","position":1,"name":"Home","item":"https:\/\/o5go.com\/pl\/"},{"@type":"ListItem","position":2,"name":"4"}]},{"@type":"WebSite","@id":"https:\/\/o5go.com\/pl\/#website","url":"https:\/\/o5go.com\/pl\/","name":"5G - o5go.com\/pl","description":"5G - Wszystko o 5G - Polski","potentialAction":[{"@type":"SearchAction","target":{"@type":"EntryPoint","urlTemplate":"https:\/\/o5go.com\/pl\/?s={search_term_string}"},"query-input":"required name=search_term_string"}],"inLanguage":"pl-PL"}]}},"_links":{"self":[{"href":"https:\/\/o5go.com\/pl\/wp-json\/wp\/v2\/pages\/18","targetHints":{"allow":["GET"]}}],"collection":[{"href":"https:\/\/o5go.com\/pl\/wp-json\/wp\/v2\/pages"}],"about":[{"href":"https:\/\/o5go.com\/pl\/wp-json\/wp\/v2\/types\/page"}],"author":[{"embeddable":true,"href":"https:\/\/o5go.com\/pl\/wp-json\/wp\/v2\/users\/1"}],"replies":[{"embeddable":true,"href":"https:\/\/o5go.com\/pl\/wp-json\/wp\/v2\/comments?post=18"}],"version-history":[{"count":3,"href":"https:\/\/o5go.com\/pl\/wp-json\/wp\/v2\/pages\/18\/revisions"}],"predecessor-version":[{"id":129,"href":"https:\/\/o5go.com\/pl\/wp-json\/wp\/v2\/pages\/18\/revisions\/129"}],"wp:attachment":[{"href":"https:\/\/o5go.com\/pl\/wp-json\/wp\/v2\/media?parent=18"}],"curies":[{"name":"wp","href":"https:\/\/api.w.org\/{rel}","templated":true}]}}