{"id":16,"date":"2020-07-02T23:15:14","date_gmt":"2020-07-02T21:15:14","guid":{"rendered":"https:\/\/o5go.com\/pl\/?page_id=16"},"modified":"2021-02-16T07:01:38","modified_gmt":"2021-02-16T06:01:38","slug":"5g-3","status":"publish","type":"page","link":"https:\/\/o5go.com\/pl\/5g-3\/","title":{"rendered":"3"},"content":{"rendered":"\n<h2 class=\"wp-block-heading\">5G &#8211; wszystko o 5G rozpoczynaj\u0105ce si\u0119 od cyfry 3<\/h2>\n\n\n\n<h2 class=\"wp-block-heading\">3G<\/h2>\n\n\n\n<p>3G, telefonia kom\u00f3rkowa trzeciej generacji \u2013 sie\u0107 cyfrowa telefonii kom\u00f3rkowej o poszerzonej pojemno\u015bci dysponuj\u0105ca dodatkowymi us\u0142ugami umo\u017cliwiaj\u0105cymi transmisj\u0119 video i transmisj\u0119 pakietow\u0105[1].<\/p>\n\n\n\n<p>Bazuje na standardach rozwini\u0119tych w stosunku do 2.5G: trzeciej generacji rodziny standard\u00f3w IMT-2000, w tym UMTS (uniwersalnym systemie telekomunikacji ruchomej). Dzi\u0119ki poszerzonej pojemno\u015bci sieci umo\u017cliwia ona wprowadzenie dodatkowych us\u0142ug opartych na transmisji wideo oraz transmisji pakietowej (komutacji pakiet\u00f3w).<\/p>\n\n\n\n<p>System telefonii trzeciej generacji umo\u017cliwia nieograniczony dost\u0119p radiowy do globalnej infrastruktury telekomunikacyjnej za po\u015brednictwem segmentu naziemnego, zar\u00f3wno dla u\u017cytkownik\u00f3w stacjonarnych, jak i mobilnych. Jest systemem w zamierzeniu integruj\u0105cym wszystkie systemy telekomunikacyjne (teleinformatyczne, radiowe i telewizyjne).<\/p>\n\n\n\n<p>W odr\u00f3\u017cnieniu od systemu telefonii drugiej generacji GSM, w kt\u00f3rym dominuj\u0105c\u0105 mia\u0142a by\u0107 us\u0142uga g\u0142osowa, nast\u0119pnie poszerzona o transmisj\u0119 pakiet\u00f3w w oparciu o standardy GPRS oraz EDGE (zwane te\u017c systemem 2.5G), w systemach 3G od momentu rozpocz\u0119cia projektowania zak\u0142adano \u201er\u00f3wnoprawne\u201d \u015bwiadczenie r\u00f3\u017cnych us\u0142ug (transmisji d\u017awi\u0119ku i wideo oraz pakietowej transmisji danych).<\/p>\n\n\n\n<p>Przej\u015bcie na system telefonii 3G wymaga\u0142o zmodernizowania wszystkich element\u00f3w architektury sieci. Konieczno\u015b\u0107 poniesienia zwi\u0105zanych z tym du\u017cych koszt\u00f3w inwestycyjnych oraz wysokie ceny licencji dla operator\u00f3w spowodowa\u0142y, \u017ce wdro\u017cenie telefonii kom\u00f3rkowej trzeciej generacji znacznie si\u0119 op\u00f3\u017ani\u0142o.<\/p>\n\n\n\n<p><a href=\"https:\/\/pl.m.wikipedia.org\/wiki\/3G\">https:\/\/pl.m.wikipedia.org\/wiki\/3G<\/a><\/p>\n\n\n\n<h2 class=\"wp-block-heading\">3rd Generation Partnership Project<\/h2>\n\n\n\n<p>3rd Generation Partnership Project (3GPP) \u2013 mi\u0119dzynarodowa organizacja normalizacyjna maj\u0105ca na celu rozw\u00f3j system\u00f3w telefonii kom\u00f3rkowej[1]. 3GPP powsta\u0142a jako wsp\u00f3lny projekt siedmiu regionalnych organizacji standaryzacyjnych w roku 1998[2] w celu opracowania norm dla system\u00f3w telefonii kom\u00f3rkowej trzeciej generacji 3G. Wsp\u00f3\u0142cze\u015bnie organizacja z jednej strony udoskonala istniej\u0105ce systemy (m.in. opracowa\u0142a rozwini\u0119cia systemu GSM, umo\u017cliwiaj\u0105ce wsp\u00f3\u0142istnienie i wsp\u00f3\u0142prac\u0119 z systemami nowszych generacji), a z drugiej rozwija rozwi\u0105zania dla przysz\u0142ych sieci telekomunikacyjnych (m.in. sieci 5G).<\/p>\n\n\n\n<p>Organizacj\u0119 siostrzan\u0105 do 3GPP jest organizacja 3GPP2, kt\u00f3ra opracowa\u0142a alternatywny standard telefonii kom\u00f3rkowej trzeciej generacji (CDMA2000), u\u017cywany obecnie m.in. w krajach Ameryce P\u00f3\u0142nocnej. Bie\u017c\u0105cy rozw\u00f3j system\u00f3w sieci kom\u00f3rkowej zmierza w kierunku ujednolicania system\u00f3w globalnie[wed\u0142ug kogo?], st\u0105d wdro\u017cenia przeprowadzane w systemach 4G i 5G oparte s\u0105 o normy 3GPP (g\u0142\u00f3wnie LTE).<\/p>\n\n\n\n<p>Wi\u0119cej na stronie Wikipedia.org:<\/p>\n\n\n\n<p><a href=\"https:\/\/pl.m.wikipedia.org\/wiki\/3rd_Generation_Partnership_Project\">https:\/\/pl.m.wikipedia.org\/wiki\/3rd_Generation_Partnership_Project<\/a><\/p>\n\n\n\n<p><a href=\"http:\/\/o5go.com\">o5go.com<\/a><\/p>\n","protected":false},"excerpt":{"rendered":"<p>5G &#8211; wszystko o 5G rozpoczynaj\u0105ce si\u0119 od cyfry 3 3G 3G, telefonia kom\u00f3rkowa trzeciej generacji \u2013 sie\u0107 cyfrowa telefonii kom\u00f3rkowej o poszerzonej pojemno\u015bci dysponuj\u0105ca dodatkowymi us\u0142ugami umo\u017cliwiaj\u0105cymi transmisj\u0119 video i transmisj\u0119 pakietow\u0105[1]. Bazuje na standardach rozwini\u0119tych w stosunku do 2.5G: trzeciej generacji rodziny standard\u00f3w IMT-2000, w tym UMTS (uniwersalnym systemie telekomunikacji ruchomej). Dzi\u0119ki poszerzonej [&hellip;]<\/p>\n","protected":false},"author":1,"featured_media":0,"parent":0,"menu_order":0,"comment_status":"closed","ping_status":"closed","template":"","meta":{"footnotes":""},"class_list":["post-16","page","type-page","status-publish","hentry"],"yoast_head":"<!-- This site is optimized with the Yoast SEO plugin v20.9 - https:\/\/yoast.com\/wordpress\/plugins\/seo\/ -->\n<title>3 - 5G - o5go.com\/pl<\/title>\n<meta name=\"robots\" content=\"index, follow, max-snippet:-1, max-image-preview:large, max-video-preview:-1\" \/>\n<link rel=\"canonical\" href=\"https:\/\/o5go.com\/pl\/5g-3\/\" \/>\n<meta property=\"og:locale\" content=\"pl_PL\" \/>\n<meta property=\"og:type\" content=\"article\" \/>\n<meta property=\"og:title\" content=\"3 - 5G - o5go.com\/pl\" \/>\n<meta property=\"og:description\" content=\"5G &#8211; wszystko o 5G rozpoczynaj\u0105ce si\u0119 od cyfry 3 3G 3G, telefonia kom\u00f3rkowa trzeciej generacji \u2013 sie\u0107 cyfrowa telefonii kom\u00f3rkowej o poszerzonej pojemno\u015bci dysponuj\u0105ca dodatkowymi us\u0142ugami umo\u017cliwiaj\u0105cymi transmisj\u0119 video i transmisj\u0119 pakietow\u0105[1]. Bazuje na standardach rozwini\u0119tych w stosunku do 2.5G: trzeciej generacji rodziny standard\u00f3w IMT-2000, w tym UMTS (uniwersalnym systemie telekomunikacji ruchomej). Dzi\u0119ki poszerzonej [&hellip;]\" \/>\n<meta property=\"og:url\" content=\"https:\/\/o5go.com\/pl\/5g-3\/\" \/>\n<meta property=\"og:site_name\" content=\"5G - o5go.com\/pl\" \/>\n<meta property=\"article:modified_time\" content=\"2021-02-16T06:01:38+00:00\" \/>\n<meta name=\"twitter:card\" content=\"summary_large_image\" \/>\n<meta name=\"twitter:label1\" content=\"Szacowany czas czytania\" \/>\n\t<meta name=\"twitter:data1\" content=\"2 minuty\" \/>\n<script type=\"application\/ld+json\" class=\"yoast-schema-graph\">{\"@context\":\"https:\/\/schema.org\",\"@graph\":[{\"@type\":\"WebPage\",\"@id\":\"https:\/\/o5go.com\/pl\/5g-3\/\",\"url\":\"https:\/\/o5go.com\/pl\/5g-3\/\",\"name\":\"3 - 5G - o5go.com\/pl\",\"isPartOf\":{\"@id\":\"https:\/\/o5go.com\/pl\/#website\"},\"datePublished\":\"2020-07-02T21:15:14+00:00\",\"dateModified\":\"2021-02-16T06:01:38+00:00\",\"breadcrumb\":{\"@id\":\"https:\/\/o5go.com\/pl\/5g-3\/#breadcrumb\"},\"inLanguage\":\"pl-PL\",\"potentialAction\":[{\"@type\":\"ReadAction\",\"target\":[\"https:\/\/o5go.com\/pl\/5g-3\/\"]}]},{\"@type\":\"BreadcrumbList\",\"@id\":\"https:\/\/o5go.com\/pl\/5g-3\/#breadcrumb\",\"itemListElement\":[{\"@type\":\"ListItem\",\"position\":1,\"name\":\"Home\",\"item\":\"https:\/\/o5go.com\/pl\/\"},{\"@type\":\"ListItem\",\"position\":2,\"name\":\"3\"}]},{\"@type\":\"WebSite\",\"@id\":\"https:\/\/o5go.com\/pl\/#website\",\"url\":\"https:\/\/o5go.com\/pl\/\",\"name\":\"5G - o5go.com\/pl\",\"description\":\"5G - Wszystko o 5G - Polski\",\"potentialAction\":[{\"@type\":\"SearchAction\",\"target\":{\"@type\":\"EntryPoint\",\"urlTemplate\":\"https:\/\/o5go.com\/pl\/?s={search_term_string}\"},\"query-input\":\"required name=search_term_string\"}],\"inLanguage\":\"pl-PL\"}]}<\/script>\n<!-- \/ Yoast SEO plugin. -->","yoast_head_json":{"title":"3 - 5G - o5go.com\/pl","robots":{"index":"index","follow":"follow","max-snippet":"max-snippet:-1","max-image-preview":"max-image-preview:large","max-video-preview":"max-video-preview:-1"},"canonical":"https:\/\/o5go.com\/pl\/5g-3\/","og_locale":"pl_PL","og_type":"article","og_title":"3 - 5G - o5go.com\/pl","og_description":"5G &#8211; wszystko o 5G rozpoczynaj\u0105ce si\u0119 od cyfry 3 3G 3G, telefonia kom\u00f3rkowa trzeciej generacji \u2013 sie\u0107 cyfrowa telefonii kom\u00f3rkowej o poszerzonej pojemno\u015bci dysponuj\u0105ca dodatkowymi us\u0142ugami umo\u017cliwiaj\u0105cymi transmisj\u0119 video i transmisj\u0119 pakietow\u0105[1]. Bazuje na standardach rozwini\u0119tych w stosunku do 2.5G: trzeciej generacji rodziny standard\u00f3w IMT-2000, w tym UMTS (uniwersalnym systemie telekomunikacji ruchomej). Dzi\u0119ki poszerzonej [&hellip;]","og_url":"https:\/\/o5go.com\/pl\/5g-3\/","og_site_name":"5G - o5go.com\/pl","article_modified_time":"2021-02-16T06:01:38+00:00","twitter_card":"summary_large_image","twitter_misc":{"Szacowany czas czytania":"2 minuty"},"schema":{"@context":"https:\/\/schema.org","@graph":[{"@type":"WebPage","@id":"https:\/\/o5go.com\/pl\/5g-3\/","url":"https:\/\/o5go.com\/pl\/5g-3\/","name":"3 - 5G - o5go.com\/pl","isPartOf":{"@id":"https:\/\/o5go.com\/pl\/#website"},"datePublished":"2020-07-02T21:15:14+00:00","dateModified":"2021-02-16T06:01:38+00:00","breadcrumb":{"@id":"https:\/\/o5go.com\/pl\/5g-3\/#breadcrumb"},"inLanguage":"pl-PL","potentialAction":[{"@type":"ReadAction","target":["https:\/\/o5go.com\/pl\/5g-3\/"]}]},{"@type":"BreadcrumbList","@id":"https:\/\/o5go.com\/pl\/5g-3\/#breadcrumb","itemListElement":[{"@type":"ListItem","position":1,"name":"Home","item":"https:\/\/o5go.com\/pl\/"},{"@type":"ListItem","position":2,"name":"3"}]},{"@type":"WebSite","@id":"https:\/\/o5go.com\/pl\/#website","url":"https:\/\/o5go.com\/pl\/","name":"5G - o5go.com\/pl","description":"5G - Wszystko o 5G - Polski","potentialAction":[{"@type":"SearchAction","target":{"@type":"EntryPoint","urlTemplate":"https:\/\/o5go.com\/pl\/?s={search_term_string}"},"query-input":"required name=search_term_string"}],"inLanguage":"pl-PL"}]}},"_links":{"self":[{"href":"https:\/\/o5go.com\/pl\/wp-json\/wp\/v2\/pages\/16","targetHints":{"allow":["GET"]}}],"collection":[{"href":"https:\/\/o5go.com\/pl\/wp-json\/wp\/v2\/pages"}],"about":[{"href":"https:\/\/o5go.com\/pl\/wp-json\/wp\/v2\/types\/page"}],"author":[{"embeddable":true,"href":"https:\/\/o5go.com\/pl\/wp-json\/wp\/v2\/users\/1"}],"replies":[{"embeddable":true,"href":"https:\/\/o5go.com\/pl\/wp-json\/wp\/v2\/comments?post=16"}],"version-history":[{"count":3,"href":"https:\/\/o5go.com\/pl\/wp-json\/wp\/v2\/pages\/16\/revisions"}],"predecessor-version":[{"id":125,"href":"https:\/\/o5go.com\/pl\/wp-json\/wp\/v2\/pages\/16\/revisions\/125"}],"wp:attachment":[{"href":"https:\/\/o5go.com\/pl\/wp-json\/wp\/v2\/media?parent=16"}],"curies":[{"name":"wp","href":"https:\/\/api.w.org\/{rel}","templated":true}]}}