{"id":14,"date":"2020-07-02T23:14:50","date_gmt":"2020-07-02T21:14:50","guid":{"rendered":"https:\/\/o5go.com\/pl\/?page_id=14"},"modified":"2021-02-16T06:57:50","modified_gmt":"2021-02-16T05:57:50","slug":"5g-2","status":"publish","type":"page","link":"https:\/\/o5go.com\/pl\/5g-2\/","title":{"rendered":"2"},"content":{"rendered":"\n<h2 class=\"wp-block-heading\">5G &#8211; wszystko o 5G rozpoczynaj\u0105ce si\u0119 od cyfry 2<\/h2>\n\n\n\n<h2 class=\"wp-block-heading\">2G<\/h2>\n\n\n\n<p>2G (lub 2-G) to skr\u00f3t od sieci kom\u00f3rkowej drugiej generacji. Sieci kom\u00f3rkowe 2G zosta\u0142y wprowadzone na rynek w standardzie GSM w Finlandii przez Radiolinja (obecnie cz\u0119\u015b\u0107 Elisa Oyj) w 1991 roku. <\/p>\n\n\n\n<p>Trzy g\u0142\u00f3wne zalety sieci 2G w stosunku do ich poprzednik\u00f3w to:<\/p>\n\n\n\n<p>Cyfrowo zaszyfrowane rozmowy telefoniczne, przynajmniej mi\u0119dzy telefonem kom\u00f3rkowym a kom\u00f3rkow\u0105 stacj\u0105 bazow\u0105, ale niekoniecznie w pozosta\u0142ej cz\u0119\u015bci sieci.<br>Znacznie bardziej efektywne wykorzystanie widma cz\u0119stotliwo\u015bci radiowych, umo\u017cliwiaj\u0105c wi\u0119ksz\u0105 liczb\u0119 u\u017cytkownik\u00f3w w ka\u017cdym pa\u015bmie cz\u0119stotliwo\u015bci.<br>Us\u0142ugi transmisji danych dla telefon\u00f3w kom\u00f3rkowych, pocz\u0105wszy od wiadomo\u015bci tekstowych SMS.<br>Technologie 2G umo\u017cliwi\u0142y r\u00f3\u017cnym sieciom \u015bwiadczenie us\u0142ug, takich jak wiadomo\u015bci tekstowe, wiadomo\u015bci graficzne i MMS (wiadomo\u015bci multimedialne).<\/p>\n\n\n\n<p>Po uruchomieniu 2G poprzednie mobilne systemy sieci bezprzewodowej zosta\u0142y nazwane z moc\u0105 wsteczn\u0105 1G. Podczas gdy sygna\u0142y radiowe w sieciach 1G s\u0105 analogowe, sygna\u0142y radiowe w sieciach 2G s\u0105 cyfrowe. Oba systemy wykorzystuj\u0105 sygnalizacj\u0119 cyfrow\u0105 do \u0142\u0105czenia wie\u017c radiowych (kt\u00f3re nas\u0142uchuj\u0105 urz\u0105dze\u0144) z reszt\u0105 systemu mobilnego.<\/p>\n\n\n\n<p>Z us\u0142ug\u0105 General Packet Radio Service (GPRS), 2G oferuje teoretyczn\u0105 maksymaln\u0105 pr\u0119dko\u015b\u0107 transferu 40 kbit \/ s. W przypadku EDGE (Enhanced Data Rate for GSM Evolution) teoretyczna maksymalna pr\u0119dko\u015b\u0107 transferu wynosi 384 kbit \/ s. <\/p>\n\n\n\n<p>Najpopularniejsz\u0105 technologi\u0105 2G by\u0142 GSM oparty na technologii TDMA (Time Division Multiple Access), pochodz\u0105cy z Europy, ale u\u017cywany w wi\u0119kszo\u015bci kraj\u00f3w poza Japoni\u0105 i Ameryk\u0105 P\u00f3\u0142nocn\u0105. W Ameryce P\u00f3\u0142nocnej g\u0142\u00f3wnymi systemami by\u0142y Digital AMPS (IS-54 i IS-136) oraz cdmaOne (IS-95). W Japonii wszechobecnym systemem by\u0142 Personal Digital Cellular (PDC).<\/p>\n\n\n\n<p>T\u0142umacz Google.<\/p>\n\n\n\n<p>Wi\u0119cej na stronie Wikipedia.org:<\/p>\n\n\n\n<p><a href=\"https:\/\/en.m.wikipedia.org\/wiki\/2G\">https:\/\/en.m.wikipedia.org\/wiki\/2G<\/a><\/p>\n\n\n\n<p><a href=\"http:\/\/o5go.com\">o5go.com<\/a><\/p>\n","protected":false},"excerpt":{"rendered":"<p>5G &#8211; wszystko o 5G rozpoczynaj\u0105ce si\u0119 od cyfry 2 2G 2G (lub 2-G) to skr\u00f3t od sieci kom\u00f3rkowej drugiej generacji. Sieci kom\u00f3rkowe 2G zosta\u0142y wprowadzone na rynek w standardzie GSM w Finlandii przez Radiolinja (obecnie cz\u0119\u015b\u0107 Elisa Oyj) w 1991 roku. Trzy g\u0142\u00f3wne zalety sieci 2G w stosunku do ich poprzednik\u00f3w to: Cyfrowo zaszyfrowane [&hellip;]<\/p>\n","protected":false},"author":1,"featured_media":0,"parent":0,"menu_order":0,"comment_status":"closed","ping_status":"closed","template":"","meta":{"footnotes":""},"class_list":["post-14","page","type-page","status-publish","hentry"],"yoast_head":"<!-- This site is optimized with the Yoast SEO plugin v20.9 - https:\/\/yoast.com\/wordpress\/plugins\/seo\/ -->\n<title>2 - 5G - o5go.com\/pl<\/title>\n<meta name=\"robots\" content=\"index, follow, max-snippet:-1, max-image-preview:large, max-video-preview:-1\" \/>\n<link rel=\"canonical\" href=\"https:\/\/o5go.com\/pl\/5g-2\/\" \/>\n<meta property=\"og:locale\" content=\"pl_PL\" \/>\n<meta property=\"og:type\" content=\"article\" \/>\n<meta property=\"og:title\" content=\"2 - 5G - o5go.com\/pl\" \/>\n<meta property=\"og:description\" content=\"5G &#8211; wszystko o 5G rozpoczynaj\u0105ce si\u0119 od cyfry 2 2G 2G (lub 2-G) to skr\u00f3t od sieci kom\u00f3rkowej drugiej generacji. Sieci kom\u00f3rkowe 2G zosta\u0142y wprowadzone na rynek w standardzie GSM w Finlandii przez Radiolinja (obecnie cz\u0119\u015b\u0107 Elisa Oyj) w 1991 roku. Trzy g\u0142\u00f3wne zalety sieci 2G w stosunku do ich poprzednik\u00f3w to: Cyfrowo zaszyfrowane [&hellip;]\" \/>\n<meta property=\"og:url\" content=\"https:\/\/o5go.com\/pl\/5g-2\/\" \/>\n<meta property=\"og:site_name\" content=\"5G - o5go.com\/pl\" \/>\n<meta property=\"article:modified_time\" content=\"2021-02-16T05:57:50+00:00\" \/>\n<meta name=\"twitter:card\" content=\"summary_large_image\" \/>\n<meta name=\"twitter:label1\" content=\"Szacowany czas czytania\" \/>\n\t<meta name=\"twitter:data1\" content=\"2 minuty\" \/>\n<script type=\"application\/ld+json\" class=\"yoast-schema-graph\">{\"@context\":\"https:\/\/schema.org\",\"@graph\":[{\"@type\":\"WebPage\",\"@id\":\"https:\/\/o5go.com\/pl\/5g-2\/\",\"url\":\"https:\/\/o5go.com\/pl\/5g-2\/\",\"name\":\"2 - 5G - o5go.com\/pl\",\"isPartOf\":{\"@id\":\"https:\/\/o5go.com\/pl\/#website\"},\"datePublished\":\"2020-07-02T21:14:50+00:00\",\"dateModified\":\"2021-02-16T05:57:50+00:00\",\"breadcrumb\":{\"@id\":\"https:\/\/o5go.com\/pl\/5g-2\/#breadcrumb\"},\"inLanguage\":\"pl-PL\",\"potentialAction\":[{\"@type\":\"ReadAction\",\"target\":[\"https:\/\/o5go.com\/pl\/5g-2\/\"]}]},{\"@type\":\"BreadcrumbList\",\"@id\":\"https:\/\/o5go.com\/pl\/5g-2\/#breadcrumb\",\"itemListElement\":[{\"@type\":\"ListItem\",\"position\":1,\"name\":\"Home\",\"item\":\"https:\/\/o5go.com\/pl\/\"},{\"@type\":\"ListItem\",\"position\":2,\"name\":\"2\"}]},{\"@type\":\"WebSite\",\"@id\":\"https:\/\/o5go.com\/pl\/#website\",\"url\":\"https:\/\/o5go.com\/pl\/\",\"name\":\"5G - o5go.com\/pl\",\"description\":\"5G - Wszystko o 5G - Polski\",\"potentialAction\":[{\"@type\":\"SearchAction\",\"target\":{\"@type\":\"EntryPoint\",\"urlTemplate\":\"https:\/\/o5go.com\/pl\/?s={search_term_string}\"},\"query-input\":\"required name=search_term_string\"}],\"inLanguage\":\"pl-PL\"}]}<\/script>\n<!-- \/ Yoast SEO plugin. -->","yoast_head_json":{"title":"2 - 5G - o5go.com\/pl","robots":{"index":"index","follow":"follow","max-snippet":"max-snippet:-1","max-image-preview":"max-image-preview:large","max-video-preview":"max-video-preview:-1"},"canonical":"https:\/\/o5go.com\/pl\/5g-2\/","og_locale":"pl_PL","og_type":"article","og_title":"2 - 5G - o5go.com\/pl","og_description":"5G &#8211; wszystko o 5G rozpoczynaj\u0105ce si\u0119 od cyfry 2 2G 2G (lub 2-G) to skr\u00f3t od sieci kom\u00f3rkowej drugiej generacji. Sieci kom\u00f3rkowe 2G zosta\u0142y wprowadzone na rynek w standardzie GSM w Finlandii przez Radiolinja (obecnie cz\u0119\u015b\u0107 Elisa Oyj) w 1991 roku. Trzy g\u0142\u00f3wne zalety sieci 2G w stosunku do ich poprzednik\u00f3w to: Cyfrowo zaszyfrowane [&hellip;]","og_url":"https:\/\/o5go.com\/pl\/5g-2\/","og_site_name":"5G - o5go.com\/pl","article_modified_time":"2021-02-16T05:57:50+00:00","twitter_card":"summary_large_image","twitter_misc":{"Szacowany czas czytania":"2 minuty"},"schema":{"@context":"https:\/\/schema.org","@graph":[{"@type":"WebPage","@id":"https:\/\/o5go.com\/pl\/5g-2\/","url":"https:\/\/o5go.com\/pl\/5g-2\/","name":"2 - 5G - o5go.com\/pl","isPartOf":{"@id":"https:\/\/o5go.com\/pl\/#website"},"datePublished":"2020-07-02T21:14:50+00:00","dateModified":"2021-02-16T05:57:50+00:00","breadcrumb":{"@id":"https:\/\/o5go.com\/pl\/5g-2\/#breadcrumb"},"inLanguage":"pl-PL","potentialAction":[{"@type":"ReadAction","target":["https:\/\/o5go.com\/pl\/5g-2\/"]}]},{"@type":"BreadcrumbList","@id":"https:\/\/o5go.com\/pl\/5g-2\/#breadcrumb","itemListElement":[{"@type":"ListItem","position":1,"name":"Home","item":"https:\/\/o5go.com\/pl\/"},{"@type":"ListItem","position":2,"name":"2"}]},{"@type":"WebSite","@id":"https:\/\/o5go.com\/pl\/#website","url":"https:\/\/o5go.com\/pl\/","name":"5G - o5go.com\/pl","description":"5G - Wszystko o 5G - Polski","potentialAction":[{"@type":"SearchAction","target":{"@type":"EntryPoint","urlTemplate":"https:\/\/o5go.com\/pl\/?s={search_term_string}"},"query-input":"required name=search_term_string"}],"inLanguage":"pl-PL"}]}},"_links":{"self":[{"href":"https:\/\/o5go.com\/pl\/wp-json\/wp\/v2\/pages\/14","targetHints":{"allow":["GET"]}}],"collection":[{"href":"https:\/\/o5go.com\/pl\/wp-json\/wp\/v2\/pages"}],"about":[{"href":"https:\/\/o5go.com\/pl\/wp-json\/wp\/v2\/types\/page"}],"author":[{"embeddable":true,"href":"https:\/\/o5go.com\/pl\/wp-json\/wp\/v2\/users\/1"}],"replies":[{"embeddable":true,"href":"https:\/\/o5go.com\/pl\/wp-json\/wp\/v2\/comments?post=14"}],"version-history":[{"count":3,"href":"https:\/\/o5go.com\/pl\/wp-json\/wp\/v2\/pages\/14\/revisions"}],"predecessor-version":[{"id":122,"href":"https:\/\/o5go.com\/pl\/wp-json\/wp\/v2\/pages\/14\/revisions\/122"}],"wp:attachment":[{"href":"https:\/\/o5go.com\/pl\/wp-json\/wp\/v2\/media?parent=14"}],"curies":[{"name":"wp","href":"https:\/\/api.w.org\/{rel}","templated":true}]}}