{"id":10,"date":"2020-07-02T23:11:27","date_gmt":"2020-07-02T21:11:27","guid":{"rendered":"https:\/\/o5go.com\/pl\/?page_id=10"},"modified":"2021-04-02T11:50:10","modified_gmt":"2021-04-02T09:50:10","slug":"5g-1","status":"publish","type":"page","link":"https:\/\/o5go.com\/pl\/5g-1\/","title":{"rendered":"1"},"content":{"rendered":"\n<div class=\"wp-block-group\"><div class=\"wp-block-group__inner-container is-layout-flow wp-block-group-is-layout-flow\">\n<h2 class=\"wp-block-heading\">5G &#8211; wszystko o 5G rozpoczynaj\u0105ce si\u0119 od cyfry 1<\/h2>\n\n\n\n<h2 class=\"wp-block-heading\">1080p<\/h2>\n\n\n\n<p>1080p \u2013 skr\u00f3cona nazwa jednego z tryb\u00f3w wideo. Liczba 1080 oznacza pionow\u0105 rozdzielczo\u015b\u0107 ekranu r\u00f3wn\u0105 1080 poziomych linii, a litera \u201ep\u201d oznacza obraz progresywny lub bez przeplotu[1]. 1080p jest cz\u0119\u015bci\u0105 telewizji wysokiej rozdzielczo\u015bci HDTV w formacie panoramicznym 16:9 oraz o rozdzielczo\u015bci 1920 \u00d7 1080[1], czyli ponad 2 miliony pikseli. Informacja o od\u015bwie\u017caniu obrazu jest przyjmowana albo jako domy\u015blna w danym kontek\u015bcie (np. 25 klatek na sekund\u0119 w tych regionach \u015bwiata, w kt\u00f3rych stosowany jest system PAL), albo mo\u017ce zosta\u0107 dopisana po prawej stronie litery p[2] (np. 1080p30 oznacza 30 klatek na sekund\u0119).<\/p>\n\n\n\n<p>1080p dla cel\u00f3w marketingowych nazywa si\u0119 te\u017c \u201eFull High-Definition\u201d, albo cz\u0119\u015bciej skr\u00f3tem \u201eFull HD\u201d.<\/p>\n\n\n\n<p><a href=\"https:\/\/pl.m.wikipedia.org\/wiki\/1080p\">https:\/\/pl.m.wikipedia.org\/wiki\/1080p<\/a><\/p>\n\n\n\n<h2 class=\"wp-block-heading\">1C<\/h2>\n\n\n\n<p>Historia<br>Edytuj<br>1C (ros.\u202f\u0424\u0438\u0440\u043c\u0430 1\u0421) \u2013 jeden z najwi\u0119kszych niezale\u017cnych producent\u00f3w oprogramowania i wydawc\u00f3w w Rosji. Siedziba przedsi\u0119biorstwa znajduje si\u0119 w Moskwie. 1C poza Rosj\u0105 znane jest przede wszystkim jako producent oraz wydawca gier komputerowych[1]. Na wewn\u0119trznym rynku rosyjskim, 1C jest uznawane za lidera w bran\u017cy oprogramowania biznesowego. Obszerny pakiet oprogramowania biznesowego &#8222;1C:\u041f\u0440\u0435\u0434\u043f\u0440\u0438\u044f\u0442\u0438\u0435&#8221; (1C:Predpriyatiye, 1C:Enterprise[2]) utrzymuje tam wiod\u0105c\u0105 pozycj\u0119 na rynku ERP od ponad dekady.<\/p>\n\n\n\n<p>Wi\u0119cej na stronie Wikipedia.org:<\/p>\n\n\n\n<p><a href=\"https:\/\/pl.m.wikipedia.org\/wiki\/1C\">https:\/\/pl.m.wikipedia.org\/wiki\/1C<\/a><\/p>\n<\/div><\/div>\n\n\n\n<h2 class=\"wp-block-heading\">1G<\/h2>\n\n\n\n<p>1G (skr\u00f3t od ang. 1st Generation) \u2013 technologia pierwszej generacji telefonii kom\u00f3rkowej. Jest to zesp\u00f3\u0142 standard\u00f3w transmisji analogowej, wdro\u017cony we wczesnych latach 80. XX wieku.<\/p>\n\n\n\n<p>Pomys\u0142 stworzenia systemu komunikacji radiowej pojawi\u0142 si\u0119 ju\u017c w latach 40. XX wieku w laboratoriach firmy Bell Telephone Company w USA.<\/p>\n\n\n\n<p>Pierwsze komercyjne systemy telefonii kom\u00f3rkowej pojawi\u0142y si\u0119 w latach 80. Opracowano kilka niekompatybilnych ze sob\u0105 system\u00f3w analogowych. Najwi\u0119ksze znaczenie odegra\u0142y jednak dwa z nich:<\/p>\n\n\n\n<p>Skandynawski NMT (Nordic Mobile Telephone System) system wykorzystywany m.in. w krajach skandynawskich, wschodniej Europie i w Rosji opracowany w USA, AMPS (Advanced Mobile Phone System) znany w Europie jako TACS (Total Access Communications System).<br>Zastosowanie technologii analogowej poci\u0105ga\u0142o za sob\u0105 szereg wad, takich jak niski poziom bezpiecze\u0144stwa, ograniczone mo\u017cliwo\u015bci transmisji danych, brak roamingu mi\u0119dzynarodowego. Najwi\u0119kszy rozw\u00f3j telefonii pierwszej generacji nast\u0105pi\u0142 w latach 90. XX wieku w Finlandii i Szwecji, gdzie g\u0119sto\u015b\u0107 abonent\u00f3w wynosi\u0142a ok. 5%. W innych krajach g\u0119sto\u015b\u0107 nie przekracza\u0142a 2%.<\/p>\n\n\n\n<p>W czerwcu 1992 w Polsce powsta\u0142a sie\u0107 Centertel. By\u0142a i jest to jedyna sie\u0107 kom\u00f3rkowa pierwszej generacji w systemie NMT w tym kraju.<\/p>\n\n\n\n<p><a href=\"https:\/\/pl.m.wikipedia.org\/wiki\/1G\">https:\/\/pl.m.wikipedia.org\/wiki\/1G<\/a><\/p>\n\n\n\n<p><a href=\"http:\/\/o5go.com\">o5go.com<\/a><\/p>\n","protected":false},"excerpt":{"rendered":"<p>5G &#8211; wszystko o 5G rozpoczynaj\u0105ce si\u0119 od cyfry 1 1080p 1080p \u2013 skr\u00f3cona nazwa jednego z tryb\u00f3w wideo. Liczba 1080 oznacza pionow\u0105 rozdzielczo\u015b\u0107 ekranu r\u00f3wn\u0105 1080 poziomych linii, a litera \u201ep\u201d oznacza obraz progresywny lub bez przeplotu[1]. 1080p jest cz\u0119\u015bci\u0105 telewizji wysokiej rozdzielczo\u015bci HDTV w formacie panoramicznym 16:9 oraz o rozdzielczo\u015bci 1920 \u00d7 1080[1], [&hellip;]<\/p>\n","protected":false},"author":1,"featured_media":0,"parent":0,"menu_order":0,"comment_status":"closed","ping_status":"closed","template":"","meta":{"footnotes":""},"class_list":["post-10","page","type-page","status-publish","hentry"],"yoast_head":"<!-- This site is optimized with the Yoast SEO plugin v20.9 - https:\/\/yoast.com\/wordpress\/plugins\/seo\/ -->\n<title>1 - 5G - o5go.com\/pl<\/title>\n<meta name=\"robots\" content=\"index, follow, max-snippet:-1, max-image-preview:large, max-video-preview:-1\" \/>\n<link rel=\"canonical\" href=\"https:\/\/o5go.com\/pl\/5g-1\/\" \/>\n<meta property=\"og:locale\" content=\"pl_PL\" \/>\n<meta property=\"og:type\" content=\"article\" \/>\n<meta property=\"og:title\" content=\"1 - 5G - o5go.com\/pl\" \/>\n<meta property=\"og:description\" content=\"5G &#8211; wszystko o 5G rozpoczynaj\u0105ce si\u0119 od cyfry 1 1080p 1080p \u2013 skr\u00f3cona nazwa jednego z tryb\u00f3w wideo. Liczba 1080 oznacza pionow\u0105 rozdzielczo\u015b\u0107 ekranu r\u00f3wn\u0105 1080 poziomych linii, a litera \u201ep\u201d oznacza obraz progresywny lub bez przeplotu[1]. 1080p jest cz\u0119\u015bci\u0105 telewizji wysokiej rozdzielczo\u015bci HDTV w formacie panoramicznym 16:9 oraz o rozdzielczo\u015bci 1920 \u00d7 1080[1], [&hellip;]\" \/>\n<meta property=\"og:url\" content=\"https:\/\/o5go.com\/pl\/5g-1\/\" \/>\n<meta property=\"og:site_name\" content=\"5G - o5go.com\/pl\" \/>\n<meta property=\"article:modified_time\" content=\"2021-04-02T09:50:10+00:00\" \/>\n<meta name=\"twitter:card\" content=\"summary_large_image\" \/>\n<meta name=\"twitter:label1\" content=\"Szacowany czas czytania\" \/>\n\t<meta name=\"twitter:data1\" content=\"2 minuty\" \/>\n<script type=\"application\/ld+json\" class=\"yoast-schema-graph\">{\"@context\":\"https:\/\/schema.org\",\"@graph\":[{\"@type\":\"WebPage\",\"@id\":\"https:\/\/o5go.com\/pl\/5g-1\/\",\"url\":\"https:\/\/o5go.com\/pl\/5g-1\/\",\"name\":\"1 - 5G - o5go.com\/pl\",\"isPartOf\":{\"@id\":\"https:\/\/o5go.com\/pl\/#website\"},\"datePublished\":\"2020-07-02T21:11:27+00:00\",\"dateModified\":\"2021-04-02T09:50:10+00:00\",\"breadcrumb\":{\"@id\":\"https:\/\/o5go.com\/pl\/5g-1\/#breadcrumb\"},\"inLanguage\":\"pl-PL\",\"potentialAction\":[{\"@type\":\"ReadAction\",\"target\":[\"https:\/\/o5go.com\/pl\/5g-1\/\"]}]},{\"@type\":\"BreadcrumbList\",\"@id\":\"https:\/\/o5go.com\/pl\/5g-1\/#breadcrumb\",\"itemListElement\":[{\"@type\":\"ListItem\",\"position\":1,\"name\":\"Home\",\"item\":\"https:\/\/o5go.com\/pl\/\"},{\"@type\":\"ListItem\",\"position\":2,\"name\":\"1\"}]},{\"@type\":\"WebSite\",\"@id\":\"https:\/\/o5go.com\/pl\/#website\",\"url\":\"https:\/\/o5go.com\/pl\/\",\"name\":\"5G - o5go.com\/pl\",\"description\":\"5G - Wszystko o 5G - Polski\",\"potentialAction\":[{\"@type\":\"SearchAction\",\"target\":{\"@type\":\"EntryPoint\",\"urlTemplate\":\"https:\/\/o5go.com\/pl\/?s={search_term_string}\"},\"query-input\":\"required name=search_term_string\"}],\"inLanguage\":\"pl-PL\"}]}<\/script>\n<!-- \/ Yoast SEO plugin. -->","yoast_head_json":{"title":"1 - 5G - o5go.com\/pl","robots":{"index":"index","follow":"follow","max-snippet":"max-snippet:-1","max-image-preview":"max-image-preview:large","max-video-preview":"max-video-preview:-1"},"canonical":"https:\/\/o5go.com\/pl\/5g-1\/","og_locale":"pl_PL","og_type":"article","og_title":"1 - 5G - o5go.com\/pl","og_description":"5G &#8211; wszystko o 5G rozpoczynaj\u0105ce si\u0119 od cyfry 1 1080p 1080p \u2013 skr\u00f3cona nazwa jednego z tryb\u00f3w wideo. Liczba 1080 oznacza pionow\u0105 rozdzielczo\u015b\u0107 ekranu r\u00f3wn\u0105 1080 poziomych linii, a litera \u201ep\u201d oznacza obraz progresywny lub bez przeplotu[1]. 1080p jest cz\u0119\u015bci\u0105 telewizji wysokiej rozdzielczo\u015bci HDTV w formacie panoramicznym 16:9 oraz o rozdzielczo\u015bci 1920 \u00d7 1080[1], [&hellip;]","og_url":"https:\/\/o5go.com\/pl\/5g-1\/","og_site_name":"5G - o5go.com\/pl","article_modified_time":"2021-04-02T09:50:10+00:00","twitter_card":"summary_large_image","twitter_misc":{"Szacowany czas czytania":"2 minuty"},"schema":{"@context":"https:\/\/schema.org","@graph":[{"@type":"WebPage","@id":"https:\/\/o5go.com\/pl\/5g-1\/","url":"https:\/\/o5go.com\/pl\/5g-1\/","name":"1 - 5G - o5go.com\/pl","isPartOf":{"@id":"https:\/\/o5go.com\/pl\/#website"},"datePublished":"2020-07-02T21:11:27+00:00","dateModified":"2021-04-02T09:50:10+00:00","breadcrumb":{"@id":"https:\/\/o5go.com\/pl\/5g-1\/#breadcrumb"},"inLanguage":"pl-PL","potentialAction":[{"@type":"ReadAction","target":["https:\/\/o5go.com\/pl\/5g-1\/"]}]},{"@type":"BreadcrumbList","@id":"https:\/\/o5go.com\/pl\/5g-1\/#breadcrumb","itemListElement":[{"@type":"ListItem","position":1,"name":"Home","item":"https:\/\/o5go.com\/pl\/"},{"@type":"ListItem","position":2,"name":"1"}]},{"@type":"WebSite","@id":"https:\/\/o5go.com\/pl\/#website","url":"https:\/\/o5go.com\/pl\/","name":"5G - o5go.com\/pl","description":"5G - Wszystko o 5G - Polski","potentialAction":[{"@type":"SearchAction","target":{"@type":"EntryPoint","urlTemplate":"https:\/\/o5go.com\/pl\/?s={search_term_string}"},"query-input":"required name=search_term_string"}],"inLanguage":"pl-PL"}]}},"_links":{"self":[{"href":"https:\/\/o5go.com\/pl\/wp-json\/wp\/v2\/pages\/10","targetHints":{"allow":["GET"]}}],"collection":[{"href":"https:\/\/o5go.com\/pl\/wp-json\/wp\/v2\/pages"}],"about":[{"href":"https:\/\/o5go.com\/pl\/wp-json\/wp\/v2\/types\/page"}],"author":[{"embeddable":true,"href":"https:\/\/o5go.com\/pl\/wp-json\/wp\/v2\/users\/1"}],"replies":[{"embeddable":true,"href":"https:\/\/o5go.com\/pl\/wp-json\/wp\/v2\/comments?post=10"}],"version-history":[{"count":7,"href":"https:\/\/o5go.com\/pl\/wp-json\/wp\/v2\/pages\/10\/revisions"}],"predecessor-version":[{"id":1338,"href":"https:\/\/o5go.com\/pl\/wp-json\/wp\/v2\/pages\/10\/revisions\/1338"}],"wp:attachment":[{"href":"https:\/\/o5go.com\/pl\/wp-json\/wp\/v2\/media?parent=10"}],"curies":[{"name":"wp","href":"https:\/\/api.w.org\/{rel}","templated":true}]}}