{"id":2993,"date":"2020-10-08T11:37:22","date_gmt":"2020-10-08T11:37:22","guid":{"rendered":"https:\/\/o5go.com\/musicvideo\/?page_id=2993"},"modified":"2021-01-14T22:30:26","modified_gmt":"2021-01-14T22:30:26","slug":"top-of-all-time-pr3","status":"publish","type":"page","link":"https:\/\/o5go.com\/musicvideo\/top-of-all-time-pr3\/","title":{"rendered":"TOP of all time PR3"},"content":{"rendered":"\n<h3 class=\"has-text-align-center wp-block-heading\">26 TOP of all time PR3<\/h3>\n\n\n\n<p>1.&nbsp;Queen&nbsp;BOHEMIAN RHAPSODY<\/p>\n\n\n\n<p>2. Deep Purple CHILD IN TIME<\/p>\n\n\n\n<p>3.&nbsp;The Doors&nbsp;RIDERS ON THE STORM<\/p>\n\n\n\n<p>4. King Crimson EPITAPH<\/p>\n\n\n\n<p>5.&nbsp;Led Zeppelin STAIRWAY TO HEAVEN<\/p>\n\n\n\n<p>6. Pink Floyd WISH YOU WERE HERE<\/p>\n\n\n\n<p>7.&nbsp;&nbsp;John Lennon&nbsp;IMAGINE<\/p>\n\n\n\n<p>8.&nbsp;Metallica NOTHING ELSE MATTERS<\/p>\n\n\n\n<p>9.&nbsp;Eagles HOTEL CALIFORNIA<\/p>\n\n\n\n<p>10.&nbsp;Marillion KAYLEIGH<\/p>\n\n\n\n<p>11.&nbsp;Black Sabbath PARANOID<\/p>\n\n\n\n<p>12. Pink Floyd SHINE ON YOU CRAZY DIAMOND<\/p>\n\n\n\n<p>13. Czes\u0142aw Niemen DZIWNY JEST TEN \u015aWIAT<\/p>\n\n\n\n<p>14.&nbsp;Dire Straits&nbsp;BROTHERS IN ARMS<\/p>\n\n\n\n<p>15.&nbsp;Pink Floyd COMFORTABLY NUMB<\/p>\n\n\n\n<p>16.&nbsp;Omega GYONGYHAJU LANY (DZIEWCZYNA O PER\u0141OWYCH W\u0141OSACH)<\/p>\n\n\n\n<p>17.&nbsp;Queen THE SHOW MUST GO ON<\/p>\n\n\n\n<p>18.&nbsp;Pink Floyd HEY YOU<\/p>\n\n\n\n<p>19.&nbsp;The Animals&nbsp;THE HOUSE OF THE RISING SUN<\/p>\n\n\n\n<p>20.&nbsp;Deep Purple SMOKE ON THE WATER<\/p>\n\n\n\n<p>21. Pink Floyd ANOTHER BRICK IN THE WALL PART II<\/p>\n\n\n\n<p>22.&nbsp;D\u017cem&nbsp;LIST DO M.<\/p>\n\n\n\n<p>23. The Beatles HEY JUDE<\/p>\n\n\n\n<p>24.&nbsp;Deep Purple&nbsp;PERFECT STRANGERS<\/p>\n\n\n\n<p>25.&nbsp;AC\/DC HIGHWAY TO HELL<\/p>\n\n\n\n<p>26.&nbsp;Pink Floyd TIME<\/p>\n\n\n\n<p>27. Led Zeppelin WHOLE LOTTA LOVE<\/p>\n\n\n\n<p>28.&nbsp;The Rolling Stones&nbsp;ANGIE<\/p>\n\n\n\n<p>29.&nbsp;The Moody Blues NIGHTS IN WHITE SATIN<\/p>\n\n\n\n<p>30. Procol Harum A WHITER SHADE OF PALE<\/p>\n\n\n\n<p>31.&nbsp;Jimi Hendrix Experience&nbsp;HEY JOE<\/p>\n\n\n\n<p>32. Myslovitz D\u0141UGO\u015a\u0106 D\u0179WI\u0118KU SAMOTNO\u015aCI<\/p>\n\n\n\n<p>33.&nbsp;Luis Armstrong&nbsp;WHAT A WONDERFUL WORLD<\/p>\n\n\n\n<p>34.&nbsp;Archive AGAIN<\/p>\n\n\n\n<p>35.&nbsp;Gary Moore&nbsp;STILL GOT THE BLUES<\/p>\n\n\n\n<p>36.&nbsp;Marek Grechuta DNI, KT\u00d3RYCH NIE ZNAMY<\/p>\n\n\n\n<p>37.&nbsp;Metallica ENTER SANDMAN<\/p>\n\n\n\n<p>38.&nbsp;The Beatles LET IT BE<\/p>\n\n\n\n<p>39. Queen WE ARE THE CHAMPIONS<\/p>\n\n\n\n<p>40.&nbsp;Pink Floyd MONEY<\/p>\n\n\n\n<p>41.&nbsp;Czes\u0142aw Niemen SEN O WARSZAWIE<\/p>\n\n\n\n<p>42.&nbsp;The Doors LIGHT MY FIRE<\/p>\n\n\n\n<p>43.&nbsp;Guns N\u2019 Roses&nbsp;NOVEMBER RAIN<\/p>\n\n\n\n<p>44.&nbsp;Obywatel G.C. NIE PYTAJ O POLSK\u0118<\/p>\n\n\n\n<p>45.&nbsp;Led Zeppelin IMMIGRANT SONG<\/p>\n\n\n\n<p>46.&nbsp;Led Zeppelin SINCE I\u2019VE BEEN LOVING YOU<\/p>\n\n\n\n<p>47.&nbsp;Black Sabbath IRON MAN<\/p>\n\n\n\n<p>48.&nbsp;Nirvana SMELLS LIKE TEEN SPIRIT&nbsp;<\/p>\n\n\n\n<p>49.&nbsp;Queen WE WILL ROCK YOU<\/p>\n\n\n\n<p>50.&nbsp;Uriah Heep JULY MORNING<\/p>\n\n\n\n<p>51.&nbsp;Aerosmith DREAM ON<\/p>\n\n\n\n<p>52. Scorpions STILL LOVING YOU<\/p>\n\n\n\n<p>53. R.E.M EVERYBODY HURTS<\/p>\n\n\n\n<p>54.&nbsp;The Rolling Stones&nbsp; (I CAN\u2019T GET NO) SATISFACTION<\/p>\n\n\n\n<p>55. Budgie PARENTS<\/p>\n\n\n\n<p>56. Jimi Hendrix ALL ALONG THE WATCHTOWER<\/p>\n\n\n\n<p>57. Genesis MAMA<\/p>\n\n\n\n<p>58. The Doors PEOPLE ARE STRANGE<\/p>\n\n\n\n<p>59. Derek &amp; The Dominos LAYLA<\/p>\n\n\n\n<p>60. Perfect AUTOBIOGRAFIA<\/p>\n\n\n\n<p>61. Pink Floyd HIGH HOPES<\/p>\n\n\n\n<p>62. Deep Purple WHEN A BLIND MAN CRIES<\/p>\n\n\n\n<p>63. Electric Light Orchestra TICKET TO THE MOON<\/p>\n\n\n\n<p>64. D\u017cem WHISKY<\/p>\n\n\n\n<p>65. Led Zeppelin BABE I&#8217;M GONNA LEAVE YOU<\/p>\n\n\n\n<p>66. Kansas DUST IN THE WIND<\/p>\n\n\n\n<p>67. Mike Oldfield TUBULAR BELLS<\/p>\n\n\n\n<p>68. Simon &amp; Garfunkel MRS. ROBINSON<\/p>\n\n\n\n<p>69. Led Zeppelin KASHMIR<\/p>\n\n\n\n<p>70. Prince PURPLE RAIN<\/p>\n\n\n\n<p>71. Marek Grechuta \u015aWIECIE NASZ<\/p>\n\n\n\n<p>72. Depeche Mode ENJOY THE SILENCE<\/p>\n\n\n\n<p>73. Lynyrd Skynyrd SWEET HOME ALABAMA<\/p>\n\n\n\n<p>74. Black Sabbath SABBATH BLOODY SABBATH<\/p>\n\n\n\n<p>75. Janis Joplin CRY BABY<\/p>\n\n\n\n<p>76. Eric Clapton COCAINE<\/p>\n\n\n\n<p>77. Deep Purple HIGHWAY STAR<\/p>\n\n\n\n<p>78. Breakout KIEDY BY\u0141EM MA\u0141YM CH\u0141OPCEM<\/p>\n\n\n\n<p>79. The Cranberries ZOMBIE<\/p>\n\n\n\n<p>80. Uriah Heep LADY IN BLACK<\/p>\n\n\n\n<p>81. Jethro Tull AQUALUNG<\/p>\n\n\n\n<p>82. Joe Cocker YOU ARE SO BEAUTIFUL<\/p>\n\n\n\n<p>83. Simon &amp; Garfunkel THE SOUND OF SILENCE<\/p>\n\n\n\n<p>84. Perfect CHCIA\u0141BYM BY\u0106 SOB\u0104<\/p>\n\n\n\n<p>85. Marillion FUGAZI<\/p>\n\n\n\n<p>86. The Alan Parsons Project EYE IN THE SKY<\/p>\n\n\n\n<p>87. D\u017cem CZERWONY JAK CEG\u0141A<\/p>\n\n\n\n<p>88. Dire Straits SULTANS OF SWING<\/p>\n\n\n\n<p>89. Breakout ONI ZARAZ PRZYJD\u0104 TU<\/p>\n\n\n\n<p>90. The Beatles YESTERDAY<\/p>\n\n\n\n<p>91. The Doors LA WOMAN<\/p>\n\n\n\n<p>92. The Doors HELLO, I LOVE YOU<\/p>\n\n\n\n<p>93. Republika BIA\u0141A FLAGA<\/p>\n\n\n\n<p>94. The Alan Parsons Project LA SAGRADA FAMILIA<\/p>\n\n\n\n<p>95. King Crimson 21ST CENTURY SCHIZOID MAN<\/p>\n\n\n\n<p>96. R.E.M. LOSING MY RELIGION<\/p>\n\n\n\n<p>97. Kult POLSKA<\/p>\n\n\n\n<p>98. Focus HOCUS POCUS<\/p>\n\n\n\n<p>99. Free ALL RIGHT NOW<\/p>\n\n\n\n<p>100. Kult ARAHJA<\/p>\n\n\n\n<p>101. Genesis CARPET CRAWLERS<\/p>\n\n\n\n<p>102. U2 ONE<\/p>\n\n\n\n<p><a href=\"https:\/\/www.polskieradio.pl\/9\/29\/Artykul\/2429313,26-Top-Wszech-Czasow-Oto-wyniki\">https:\/\/www.polskieradio.pl\/9\/29\/Artykul\/2429313,26-Top-Wszech-Czasow-Oto-wyniki<\/a><\/p>\n\n\n\n<p><a href=\"https:\/\/www.polskieradio.pl\/9\/3188,Top-Wszech-Czasow\">https:\/\/www.polskieradio.pl\/9\/3188,Top-Wszech-Czasow<\/a><\/p>\n\n\n\n<h3 class=\"wp-block-heading\">13. Polish TOP of all-time PR3<\/h3>\n\n\n\n<p><a href=\"https:\/\/www.polskieradio.pl\/9\/3516\/Artykul\/2502346,13-Polski-Top-Wszech-Czasow-SPRAWDZ-WYNIKI\">https:\/\/www.polskieradio.pl\/9\/3516\/Artykul\/2502346,13-Polski-Top-Wszech-Czasow-SPRAWDZ-WYNIKI<\/a><\/p>\n\n\n\n<h3 class=\"wp-block-heading\">1. Polish TOP of all-time PR3<\/h3>\n\n\n\n<p><a href=\"https:\/\/www.polskieradio.pl\/9\/201\/Artykul\/182192,Polski-Top-Wszech-Czasow-notowanie-1\">https:\/\/www.polskieradio.pl\/9\/201\/Artykul\/182192,Polski-Top-Wszech-Czasow-notowanie-1<\/a><\/p>\n\n\n\n<h1 class=\"has-text-align-center wp-block-heading\">In playlists: <\/h1>\n\n\n\n<h3 class=\"has-text-align-center wp-block-heading\"><a href=\"https:\/\/o5go.com\/playlisty\/\">https:\/\/o5go.com\/playlisty\/<\/a>  <a href=\"https:\/\/o5go.com\/playlists\/\">https:\/\/o5go.com\/playlists\/<\/a><\/h3>\n\n\n\n<h3 class=\"has-text-align-center wp-block-heading\">Top of all-time &#8211; Radio357.pl &#8211; PS &#8211; Piotr Stelmach, ML &#8211; Marcin \u0141ukawski, MN &#8211; Marek Nied\u017awiecki &#8211; 3 x TOP35<\/h3>\n\n\n\n<p class=\"has-text-align-center\"><a href=\"https:\/\/open.fm\/muzyka\/top-wszech-czasow-radia-357-zobacz-wyniki-6592959913887873a\">https:\/\/open.fm\/muzyka\/top-wszech-czasow-radia-357-zobacz-wyniki-6592959913887873a<\/a><\/p>\n\n\n\n<h3 class=\"has-text-align-center wp-block-heading\">Top bands by tekstowo.pl<\/h3>\n\n\n\n<p class=\"has-text-align-center\"><a href=\"https:\/\/www.tekstowo.pl\/rankingi,wykonawcy.html\">https:\/\/www.tekstowo.pl\/rankingi,wykonawcy.html<\/a><\/p>\n","protected":false},"excerpt":{"rendered":"<p>26 TOP of all time PR3 1.&nbsp;Queen&nbsp;BOHEMIAN RHAPSODY 2. Deep Purple CHILD IN TIME 3.&nbsp;The Doors&nbsp;RIDERS ON THE STORM 4. King Crimson EPITAPH 5.&nbsp;Led Zeppelin STAIRWAY TO HEAVEN 6. Pink Floyd WISH YOU WERE HERE 7.&nbsp;&nbsp;John Lennon&nbsp;IMAGINE 8.&nbsp;Metallica NOTHING ELSE MATTERS 9.&nbsp;Eagles HOTEL CALIFORNIA 10.&nbsp;Marillion KAYLEIGH 11.&nbsp;Black Sabbath PARANOID 12. Pink Floyd SHINE ON YOU [&hellip;]<\/p>\n","protected":false},"author":1,"featured_media":0,"parent":0,"menu_order":0,"comment_status":"closed","ping_status":"closed","template":"","meta":{"footnotes":""},"class_list":["post-2993","page","type-page","status-publish","hentry"],"yoast_head":"<!-- This site is optimized with the Yoast SEO plugin v20.9 - https:\/\/yoast.com\/wordpress\/plugins\/seo\/ -->\n<title>TOP of all time PR3 - o5go.com\/musicvideo<\/title>\n<meta name=\"robots\" content=\"index, follow, max-snippet:-1, max-image-preview:large, max-video-preview:-1\" \/>\n<link rel=\"canonical\" href=\"https:\/\/o5go.com\/musicvideo\/top-of-all-time-pr3\/\" \/>\n<meta property=\"og:locale\" content=\"en_US\" \/>\n<meta property=\"og:type\" content=\"article\" \/>\n<meta property=\"og:title\" content=\"TOP of all time PR3 - o5go.com\/musicvideo\" \/>\n<meta property=\"og:description\" content=\"26 TOP of all time PR3 1.&nbsp;Queen&nbsp;BOHEMIAN RHAPSODY 2. Deep Purple CHILD IN TIME 3.&nbsp;The Doors&nbsp;RIDERS ON THE STORM 4. King Crimson EPITAPH 5.&nbsp;Led Zeppelin STAIRWAY TO HEAVEN 6. Pink Floyd WISH YOU WERE HERE 7.&nbsp;&nbsp;John Lennon&nbsp;IMAGINE 8.&nbsp;Metallica NOTHING ELSE MATTERS 9.&nbsp;Eagles HOTEL CALIFORNIA 10.&nbsp;Marillion KAYLEIGH 11.&nbsp;Black Sabbath PARANOID 12. Pink Floyd SHINE ON YOU [&hellip;]\" \/>\n<meta property=\"og:url\" content=\"https:\/\/o5go.com\/musicvideo\/top-of-all-time-pr3\/\" \/>\n<meta property=\"og:site_name\" content=\"o5go.com\/musicvideo\" \/>\n<meta property=\"article:modified_time\" content=\"2021-01-14T22:30:26+00:00\" \/>\n<meta name=\"twitter:card\" content=\"summary_large_image\" \/>\n<meta name=\"twitter:label1\" content=\"Est. reading time\" \/>\n\t<meta name=\"twitter:data1\" content=\"3 minutes\" \/>\n<script type=\"application\/ld+json\" class=\"yoast-schema-graph\">{\"@context\":\"https:\/\/schema.org\",\"@graph\":[{\"@type\":\"WebPage\",\"@id\":\"https:\/\/o5go.com\/musicvideo\/top-of-all-time-pr3\/\",\"url\":\"https:\/\/o5go.com\/musicvideo\/top-of-all-time-pr3\/\",\"name\":\"TOP of all time PR3 - o5go.com\/musicvideo\",\"isPartOf\":{\"@id\":\"https:\/\/o5go.com\/musicvideo\/#website\"},\"datePublished\":\"2020-10-08T11:37:22+00:00\",\"dateModified\":\"2021-01-14T22:30:26+00:00\",\"breadcrumb\":{\"@id\":\"https:\/\/o5go.com\/musicvideo\/top-of-all-time-pr3\/#breadcrumb\"},\"inLanguage\":\"en-US\",\"potentialAction\":[{\"@type\":\"ReadAction\",\"target\":[\"https:\/\/o5go.com\/musicvideo\/top-of-all-time-pr3\/\"]}]},{\"@type\":\"BreadcrumbList\",\"@id\":\"https:\/\/o5go.com\/musicvideo\/top-of-all-time-pr3\/#breadcrumb\",\"itemListElement\":[{\"@type\":\"ListItem\",\"position\":1,\"name\":\"Home\",\"item\":\"https:\/\/o5go.com\/musicvideo\/\"},{\"@type\":\"ListItem\",\"position\":2,\"name\":\"TOP of all time PR3\"}]},{\"@type\":\"WebSite\",\"@id\":\"https:\/\/o5go.com\/musicvideo\/#website\",\"url\":\"https:\/\/o5go.com\/musicvideo\/\",\"name\":\"o5go.com\/musicvideo\",\"description\":\"Official YouTube Music Channels with Artists and Bands\",\"potentialAction\":[{\"@type\":\"SearchAction\",\"target\":{\"@type\":\"EntryPoint\",\"urlTemplate\":\"https:\/\/o5go.com\/musicvideo\/?s={search_term_string}\"},\"query-input\":\"required name=search_term_string\"}],\"inLanguage\":\"en-US\"}]}<\/script>\n<!-- \/ Yoast SEO plugin. -->","yoast_head_json":{"title":"TOP of all time PR3 - o5go.com\/musicvideo","robots":{"index":"index","follow":"follow","max-snippet":"max-snippet:-1","max-image-preview":"max-image-preview:large","max-video-preview":"max-video-preview:-1"},"canonical":"https:\/\/o5go.com\/musicvideo\/top-of-all-time-pr3\/","og_locale":"en_US","og_type":"article","og_title":"TOP of all time PR3 - o5go.com\/musicvideo","og_description":"26 TOP of all time PR3 1.&nbsp;Queen&nbsp;BOHEMIAN RHAPSODY 2. Deep Purple CHILD IN TIME 3.&nbsp;The Doors&nbsp;RIDERS ON THE STORM 4. King Crimson EPITAPH 5.&nbsp;Led Zeppelin STAIRWAY TO HEAVEN 6. Pink Floyd WISH YOU WERE HERE 7.&nbsp;&nbsp;John Lennon&nbsp;IMAGINE 8.&nbsp;Metallica NOTHING ELSE MATTERS 9.&nbsp;Eagles HOTEL CALIFORNIA 10.&nbsp;Marillion KAYLEIGH 11.&nbsp;Black Sabbath PARANOID 12. Pink Floyd SHINE ON YOU [&hellip;]","og_url":"https:\/\/o5go.com\/musicvideo\/top-of-all-time-pr3\/","og_site_name":"o5go.com\/musicvideo","article_modified_time":"2021-01-14T22:30:26+00:00","twitter_card":"summary_large_image","twitter_misc":{"Est. reading time":"3 minutes"},"schema":{"@context":"https:\/\/schema.org","@graph":[{"@type":"WebPage","@id":"https:\/\/o5go.com\/musicvideo\/top-of-all-time-pr3\/","url":"https:\/\/o5go.com\/musicvideo\/top-of-all-time-pr3\/","name":"TOP of all time PR3 - o5go.com\/musicvideo","isPartOf":{"@id":"https:\/\/o5go.com\/musicvideo\/#website"},"datePublished":"2020-10-08T11:37:22+00:00","dateModified":"2021-01-14T22:30:26+00:00","breadcrumb":{"@id":"https:\/\/o5go.com\/musicvideo\/top-of-all-time-pr3\/#breadcrumb"},"inLanguage":"en-US","potentialAction":[{"@type":"ReadAction","target":["https:\/\/o5go.com\/musicvideo\/top-of-all-time-pr3\/"]}]},{"@type":"BreadcrumbList","@id":"https:\/\/o5go.com\/musicvideo\/top-of-all-time-pr3\/#breadcrumb","itemListElement":[{"@type":"ListItem","position":1,"name":"Home","item":"https:\/\/o5go.com\/musicvideo\/"},{"@type":"ListItem","position":2,"name":"TOP of all time PR3"}]},{"@type":"WebSite","@id":"https:\/\/o5go.com\/musicvideo\/#website","url":"https:\/\/o5go.com\/musicvideo\/","name":"o5go.com\/musicvideo","description":"Official YouTube Music Channels with Artists and Bands","potentialAction":[{"@type":"SearchAction","target":{"@type":"EntryPoint","urlTemplate":"https:\/\/o5go.com\/musicvideo\/?s={search_term_string}"},"query-input":"required name=search_term_string"}],"inLanguage":"en-US"}]}},"_links":{"self":[{"href":"https:\/\/o5go.com\/musicvideo\/wp-json\/wp\/v2\/pages\/2993","targetHints":{"allow":["GET"]}}],"collection":[{"href":"https:\/\/o5go.com\/musicvideo\/wp-json\/wp\/v2\/pages"}],"about":[{"href":"https:\/\/o5go.com\/musicvideo\/wp-json\/wp\/v2\/types\/page"}],"author":[{"embeddable":true,"href":"https:\/\/o5go.com\/musicvideo\/wp-json\/wp\/v2\/users\/1"}],"replies":[{"embeddable":true,"href":"https:\/\/o5go.com\/musicvideo\/wp-json\/wp\/v2\/comments?post=2993"}],"version-history":[{"count":8,"href":"https:\/\/o5go.com\/musicvideo\/wp-json\/wp\/v2\/pages\/2993\/revisions"}],"predecessor-version":[{"id":4773,"href":"https:\/\/o5go.com\/musicvideo\/wp-json\/wp\/v2\/pages\/2993\/revisions\/4773"}],"wp:attachment":[{"href":"https:\/\/o5go.com\/musicvideo\/wp-json\/wp\/v2\/media?parent=2993"}],"curies":[{"name":"wp","href":"https:\/\/api.w.org\/{rel}","templated":true}]}}