{"id":139,"date":"2021-06-20T13:26:41","date_gmt":"2021-06-20T13:26:41","guid":{"rendered":"https:\/\/o5go.com\/go\/?page_id=139"},"modified":"2021-06-20T13:26:42","modified_gmt":"2021-06-20T13:26:42","slug":"skoda-kodiaq","status":"publish","type":"page","link":"https:\/\/o5go.com\/go\/skoda-kodiaq\/","title":{"rendered":"\u0160koda Kodiaq"},"content":{"rendered":"\n<h2 class=\"wp-block-heading\">\u0160koda Kodiaq<\/h2>\n\n\n\n<p><a href=\"https:\/\/m.youtube.com\/results?search_query=%C5%A0koda+Kodiaq\">https:\/\/m.youtube.com\/results?search_query=%C5%A0koda+Kodiaq<\/a><\/p>\n\n\n\n<p>The \u0160koda Kodiaq is a seven seat mid-size crossover SUV[3][4] manufactured by the Czech automaker \u0160koda Auto.[5] The vehicle is positioned as the largest \u0160koda SUV, above the \u0160koda Kamiq and \u0160koda Karoq. The vehicle is based on the Volkswagen Group MQB platform, shared with a new generation of Volkswagen Tiguan Allspace and the SEAT Tarraco.<\/p>\n\n\n\n<p>The car was previously previewed as concept car named \u0160koda Vision S in Geneva Motor Show 2016.[6]<\/p>\n\n\n\n<p>Prior to its release, it was assumed that the new SUV would be called &#8220;Snowman&#8221; or &#8220;Polar&#8221;, but this was dismissed by the former head of \u0160koda, Winfried Vahland as a media speculation. On 23 December 2015, \u0160koda registered the name &#8220;Kodiaq&#8221;. The name refers to the largest brown bear, the Kodiak bear, living on the island of the same name off the south coast of Alaska.[7] As part of its marketing campaign, the Kodiak town in Kodiak Island, Alaska was renamed Kodiaq for one day.[8]<\/p>\n\n\n\n<p>In February 2016, images of the Vision S concept were released,[9] and the concept model appeared in March 2016 at the Geneva Motor Show.[10][11] The final SUV was introduced at the Paris Motor Show on 29 September 2016.[12][13] The first cars were officially delivered to customers in February 2017.<\/p>\n\n\n\n<p>The Kodiaq is the first vehicle in the \u0160koda lineup to have Area View, Tow Assist, Manoeuvre Assist and Predictive Pedestrian Protection.[14] It is also the first vehicle in the Volkswagen Group MQB platform lineup to feature capacitive shortcut buttons instead of physical buttons for the 8&#8243; infotainment systems.<\/p>\n\n\n\n<p>View more &#8211; Wikipedia.org:<\/p>\n\n\n\n<p><a href=\"https:\/\/en.m.wikipedia.org\/wiki\/%C5%A0koda_Kodiaq\">https:\/\/en.m.wikipedia.org\/wiki\/%C5%A0koda_Kodiaq<\/a><\/p>\n","protected":false},"excerpt":{"rendered":"<p>\u0160koda Kodiaq https:\/\/m.youtube.com\/results?search_query=%C5%A0koda+Kodiaq The \u0160koda Kodiaq is a seven seat mid-size crossover SUV[3][4] manufactured by the Czech automaker \u0160koda Auto.[5] The vehicle is positioned as the largest \u0160koda SUV, above the \u0160koda Kamiq and \u0160koda Karoq. The vehicle is based on the Volkswagen Group MQB platform, shared with a new generation of Volkswagen Tiguan Allspace [&hellip;]<\/p>\n","protected":false},"author":1,"featured_media":0,"parent":0,"menu_order":0,"comment_status":"closed","ping_status":"closed","template":"","meta":{"footnotes":""},"class_list":["post-139","page","type-page","status-publish","hentry"],"yoast_head":"<!-- This site is optimized with the Yoast SEO plugin v20.9 - https:\/\/yoast.com\/wordpress\/plugins\/seo\/ -->\n<title>\u0160koda Kodiaq - Go - o5go.com<\/title>\n<meta name=\"robots\" content=\"index, follow, max-snippet:-1, max-image-preview:large, max-video-preview:-1\" \/>\n<link rel=\"canonical\" href=\"https:\/\/o5go.com\/go\/skoda-kodiaq\/\" \/>\n<meta property=\"og:locale\" content=\"en_US\" \/>\n<meta property=\"og:type\" content=\"article\" \/>\n<meta property=\"og:title\" content=\"\u0160koda Kodiaq - Go - o5go.com\" \/>\n<meta property=\"og:description\" content=\"\u0160koda Kodiaq https:\/\/m.youtube.com\/results?search_query=%C5%A0koda+Kodiaq The \u0160koda Kodiaq is a seven seat mid-size crossover SUV[3][4] manufactured by the Czech automaker \u0160koda Auto.[5] The vehicle is positioned as the largest \u0160koda SUV, above the \u0160koda Kamiq and \u0160koda Karoq. The vehicle is based on the Volkswagen Group MQB platform, shared with a new generation of Volkswagen Tiguan Allspace [&hellip;]\" \/>\n<meta property=\"og:url\" content=\"https:\/\/o5go.com\/go\/skoda-kodiaq\/\" \/>\n<meta property=\"og:site_name\" content=\"Go - o5go.com\" \/>\n<meta property=\"article:modified_time\" content=\"2021-06-20T13:26:42+00:00\" \/>\n<meta name=\"twitter:card\" content=\"summary_large_image\" \/>\n<meta name=\"twitter:label1\" content=\"Est. reading time\" \/>\n\t<meta name=\"twitter:data1\" content=\"2 minutes\" \/>\n<script type=\"application\/ld+json\" class=\"yoast-schema-graph\">{\"@context\":\"https:\/\/schema.org\",\"@graph\":[{\"@type\":\"WebPage\",\"@id\":\"https:\/\/o5go.com\/go\/skoda-kodiaq\/\",\"url\":\"https:\/\/o5go.com\/go\/skoda-kodiaq\/\",\"name\":\"\u0160koda Kodiaq - Go - o5go.com\",\"isPartOf\":{\"@id\":\"https:\/\/o5go.com\/go\/#website\"},\"datePublished\":\"2021-06-20T13:26:41+00:00\",\"dateModified\":\"2021-06-20T13:26:42+00:00\",\"breadcrumb\":{\"@id\":\"https:\/\/o5go.com\/go\/skoda-kodiaq\/#breadcrumb\"},\"inLanguage\":\"en-US\",\"potentialAction\":[{\"@type\":\"ReadAction\",\"target\":[\"https:\/\/o5go.com\/go\/skoda-kodiaq\/\"]}]},{\"@type\":\"BreadcrumbList\",\"@id\":\"https:\/\/o5go.com\/go\/skoda-kodiaq\/#breadcrumb\",\"itemListElement\":[{\"@type\":\"ListItem\",\"position\":1,\"name\":\"Home\",\"item\":\"https:\/\/o5go.com\/go\/\"},{\"@type\":\"ListItem\",\"position\":2,\"name\":\"\u0160koda Kodiaq\"}]},{\"@type\":\"WebSite\",\"@id\":\"https:\/\/o5go.com\/go\/#website\",\"url\":\"https:\/\/o5go.com\/go\/\",\"name\":\"Go - o5go.com\",\"description\":\"o5go.com\/go\",\"potentialAction\":[{\"@type\":\"SearchAction\",\"target\":{\"@type\":\"EntryPoint\",\"urlTemplate\":\"https:\/\/o5go.com\/go\/?s={search_term_string}\"},\"query-input\":\"required name=search_term_string\"}],\"inLanguage\":\"en-US\"}]}<\/script>\n<!-- \/ Yoast SEO plugin. -->","yoast_head_json":{"title":"\u0160koda Kodiaq - Go - o5go.com","robots":{"index":"index","follow":"follow","max-snippet":"max-snippet:-1","max-image-preview":"max-image-preview:large","max-video-preview":"max-video-preview:-1"},"canonical":"https:\/\/o5go.com\/go\/skoda-kodiaq\/","og_locale":"en_US","og_type":"article","og_title":"\u0160koda Kodiaq - Go - o5go.com","og_description":"\u0160koda Kodiaq https:\/\/m.youtube.com\/results?search_query=%C5%A0koda+Kodiaq The \u0160koda Kodiaq is a seven seat mid-size crossover SUV[3][4] manufactured by the Czech automaker \u0160koda Auto.[5] The vehicle is positioned as the largest \u0160koda SUV, above the \u0160koda Kamiq and \u0160koda Karoq. The vehicle is based on the Volkswagen Group MQB platform, shared with a new generation of Volkswagen Tiguan Allspace [&hellip;]","og_url":"https:\/\/o5go.com\/go\/skoda-kodiaq\/","og_site_name":"Go - o5go.com","article_modified_time":"2021-06-20T13:26:42+00:00","twitter_card":"summary_large_image","twitter_misc":{"Est. reading time":"2 minutes"},"schema":{"@context":"https:\/\/schema.org","@graph":[{"@type":"WebPage","@id":"https:\/\/o5go.com\/go\/skoda-kodiaq\/","url":"https:\/\/o5go.com\/go\/skoda-kodiaq\/","name":"\u0160koda Kodiaq - Go - o5go.com","isPartOf":{"@id":"https:\/\/o5go.com\/go\/#website"},"datePublished":"2021-06-20T13:26:41+00:00","dateModified":"2021-06-20T13:26:42+00:00","breadcrumb":{"@id":"https:\/\/o5go.com\/go\/skoda-kodiaq\/#breadcrumb"},"inLanguage":"en-US","potentialAction":[{"@type":"ReadAction","target":["https:\/\/o5go.com\/go\/skoda-kodiaq\/"]}]},{"@type":"BreadcrumbList","@id":"https:\/\/o5go.com\/go\/skoda-kodiaq\/#breadcrumb","itemListElement":[{"@type":"ListItem","position":1,"name":"Home","item":"https:\/\/o5go.com\/go\/"},{"@type":"ListItem","position":2,"name":"\u0160koda Kodiaq"}]},{"@type":"WebSite","@id":"https:\/\/o5go.com\/go\/#website","url":"https:\/\/o5go.com\/go\/","name":"Go - o5go.com","description":"o5go.com\/go","potentialAction":[{"@type":"SearchAction","target":{"@type":"EntryPoint","urlTemplate":"https:\/\/o5go.com\/go\/?s={search_term_string}"},"query-input":"required name=search_term_string"}],"inLanguage":"en-US"}]}},"_links":{"self":[{"href":"https:\/\/o5go.com\/go\/wp-json\/wp\/v2\/pages\/139","targetHints":{"allow":["GET"]}}],"collection":[{"href":"https:\/\/o5go.com\/go\/wp-json\/wp\/v2\/pages"}],"about":[{"href":"https:\/\/o5go.com\/go\/wp-json\/wp\/v2\/types\/page"}],"author":[{"embeddable":true,"href":"https:\/\/o5go.com\/go\/wp-json\/wp\/v2\/users\/1"}],"replies":[{"embeddable":true,"href":"https:\/\/o5go.com\/go\/wp-json\/wp\/v2\/comments?post=139"}],"version-history":[{"count":1,"href":"https:\/\/o5go.com\/go\/wp-json\/wp\/v2\/pages\/139\/revisions"}],"predecessor-version":[{"id":140,"href":"https:\/\/o5go.com\/go\/wp-json\/wp\/v2\/pages\/139\/revisions\/140"}],"wp:attachment":[{"href":"https:\/\/o5go.com\/go\/wp-json\/wp\/v2\/media?parent=139"}],"curies":[{"name":"wp","href":"https:\/\/api.w.org\/{rel}","templated":true}]}}