{"id":122,"date":"2021-06-20T12:47:15","date_gmt":"2021-06-20T12:47:15","guid":{"rendered":"https:\/\/o5go.com\/go\/?page_id=122"},"modified":"2021-06-20T12:48:24","modified_gmt":"2021-06-20T12:48:24","slug":"skoda-roomster","status":"publish","type":"page","link":"https:\/\/o5go.com\/go\/skoda-roomster\/","title":{"rendered":"\u0160koda Roomster"},"content":{"rendered":"\n<h2 class=\"wp-block-heading\">\u0160koda Roomster<\/h2>\n\n\n\n<p><a href=\"https:\/\/m.youtube.com\/results?search_query=%C5%A0koda+Roomster\">https:\/\/m.youtube.com\/results?search_query=%C5%A0koda+Roomster<\/a><\/p>\n\n\n\n<p>The \u0160koda Roomster (Type 5J) is a five-door, five passenger, front-engine, front-wheel drive high-roof vehicle manufactured and marketed by \u0160koda Auto from 2006\u20132015 over a single generation with a single intermediate facelift \u2014 and straddling MPV and leisure activity vehicle segments. Styled by Thomas Ingenlath and Peter Wouda, the Roomster premiered at the 2006 Geneva Motor Show) as the first car marketed after Volkswagen Group&#8217;s takeover of Skoda, sharing the A4 (PQ34) platform and components with the second generation \u0160koda Fabia.[2]<\/p>\n\n\n\n<p>Assembled at the \u0160koda factory in Kvasiny, Rychnov nad Kn\u011b\u017enou District, sales began in June 2006. A five-door, two-seater panel van variant launched in March 2007 as the \u0160koda Praktik.<\/p>\n\n\n\n<p>The name Roomster is a portmanteau of room and roadster.<\/p>\n\n\n\n<p>View more &#8211; Wikipedia.org:<\/p>\n\n\n\n<p><a href=\"https:\/\/en.m.wikipedia.org\/wiki\/%C5%A0koda_Roomster\">https:\/\/en.m.wikipedia.org\/wiki\/%C5%A0koda_Roomster<\/a><\/p>\n","protected":false},"excerpt":{"rendered":"<p>\u0160koda Roomster https:\/\/m.youtube.com\/results?search_query=%C5%A0koda+Roomster The \u0160koda Roomster (Type 5J) is a five-door, five passenger, front-engine, front-wheel drive high-roof vehicle manufactured and marketed by \u0160koda Auto from 2006\u20132015 over a single generation with a single intermediate facelift \u2014 and straddling MPV and leisure activity vehicle segments. Styled by Thomas Ingenlath and Peter Wouda, the Roomster premiered at [&hellip;]<\/p>\n","protected":false},"author":1,"featured_media":0,"parent":0,"menu_order":0,"comment_status":"closed","ping_status":"closed","template":"","meta":{"footnotes":""},"class_list":["post-122","page","type-page","status-publish","hentry"],"yoast_head":"<!-- This site is optimized with the Yoast SEO plugin v20.9 - https:\/\/yoast.com\/wordpress\/plugins\/seo\/ -->\n<title>\u0160koda Roomster - Go - o5go.com<\/title>\n<meta name=\"robots\" content=\"index, follow, max-snippet:-1, max-image-preview:large, max-video-preview:-1\" \/>\n<link rel=\"canonical\" href=\"https:\/\/o5go.com\/go\/skoda-roomster\/\" \/>\n<meta property=\"og:locale\" content=\"en_US\" \/>\n<meta property=\"og:type\" content=\"article\" \/>\n<meta property=\"og:title\" content=\"\u0160koda Roomster - Go - o5go.com\" \/>\n<meta property=\"og:description\" content=\"\u0160koda Roomster https:\/\/m.youtube.com\/results?search_query=%C5%A0koda+Roomster The \u0160koda Roomster (Type 5J) is a five-door, five passenger, front-engine, front-wheel drive high-roof vehicle manufactured and marketed by \u0160koda Auto from 2006\u20132015 over a single generation with a single intermediate facelift \u2014 and straddling MPV and leisure activity vehicle segments. Styled by Thomas Ingenlath and Peter Wouda, the Roomster premiered at [&hellip;]\" \/>\n<meta property=\"og:url\" content=\"https:\/\/o5go.com\/go\/skoda-roomster\/\" \/>\n<meta property=\"og:site_name\" content=\"Go - o5go.com\" \/>\n<meta property=\"article:modified_time\" content=\"2021-06-20T12:48:24+00:00\" \/>\n<meta name=\"twitter:card\" content=\"summary_large_image\" \/>\n<meta name=\"twitter:label1\" content=\"Est. reading time\" \/>\n\t<meta name=\"twitter:data1\" content=\"1 minute\" \/>\n<script type=\"application\/ld+json\" class=\"yoast-schema-graph\">{\"@context\":\"https:\/\/schema.org\",\"@graph\":[{\"@type\":\"WebPage\",\"@id\":\"https:\/\/o5go.com\/go\/skoda-roomster\/\",\"url\":\"https:\/\/o5go.com\/go\/skoda-roomster\/\",\"name\":\"\u0160koda Roomster - Go - o5go.com\",\"isPartOf\":{\"@id\":\"https:\/\/o5go.com\/go\/#website\"},\"datePublished\":\"2021-06-20T12:47:15+00:00\",\"dateModified\":\"2021-06-20T12:48:24+00:00\",\"breadcrumb\":{\"@id\":\"https:\/\/o5go.com\/go\/skoda-roomster\/#breadcrumb\"},\"inLanguage\":\"en-US\",\"potentialAction\":[{\"@type\":\"ReadAction\",\"target\":[\"https:\/\/o5go.com\/go\/skoda-roomster\/\"]}]},{\"@type\":\"BreadcrumbList\",\"@id\":\"https:\/\/o5go.com\/go\/skoda-roomster\/#breadcrumb\",\"itemListElement\":[{\"@type\":\"ListItem\",\"position\":1,\"name\":\"Home\",\"item\":\"https:\/\/o5go.com\/go\/\"},{\"@type\":\"ListItem\",\"position\":2,\"name\":\"\u0160koda Roomster\"}]},{\"@type\":\"WebSite\",\"@id\":\"https:\/\/o5go.com\/go\/#website\",\"url\":\"https:\/\/o5go.com\/go\/\",\"name\":\"Go - o5go.com\",\"description\":\"o5go.com\/go\",\"potentialAction\":[{\"@type\":\"SearchAction\",\"target\":{\"@type\":\"EntryPoint\",\"urlTemplate\":\"https:\/\/o5go.com\/go\/?s={search_term_string}\"},\"query-input\":\"required name=search_term_string\"}],\"inLanguage\":\"en-US\"}]}<\/script>\n<!-- \/ Yoast SEO plugin. -->","yoast_head_json":{"title":"\u0160koda Roomster - Go - o5go.com","robots":{"index":"index","follow":"follow","max-snippet":"max-snippet:-1","max-image-preview":"max-image-preview:large","max-video-preview":"max-video-preview:-1"},"canonical":"https:\/\/o5go.com\/go\/skoda-roomster\/","og_locale":"en_US","og_type":"article","og_title":"\u0160koda Roomster - Go - o5go.com","og_description":"\u0160koda Roomster https:\/\/m.youtube.com\/results?search_query=%C5%A0koda+Roomster The \u0160koda Roomster (Type 5J) is a five-door, five passenger, front-engine, front-wheel drive high-roof vehicle manufactured and marketed by \u0160koda Auto from 2006\u20132015 over a single generation with a single intermediate facelift \u2014 and straddling MPV and leisure activity vehicle segments. Styled by Thomas Ingenlath and Peter Wouda, the Roomster premiered at [&hellip;]","og_url":"https:\/\/o5go.com\/go\/skoda-roomster\/","og_site_name":"Go - o5go.com","article_modified_time":"2021-06-20T12:48:24+00:00","twitter_card":"summary_large_image","twitter_misc":{"Est. reading time":"1 minute"},"schema":{"@context":"https:\/\/schema.org","@graph":[{"@type":"WebPage","@id":"https:\/\/o5go.com\/go\/skoda-roomster\/","url":"https:\/\/o5go.com\/go\/skoda-roomster\/","name":"\u0160koda Roomster - Go - o5go.com","isPartOf":{"@id":"https:\/\/o5go.com\/go\/#website"},"datePublished":"2021-06-20T12:47:15+00:00","dateModified":"2021-06-20T12:48:24+00:00","breadcrumb":{"@id":"https:\/\/o5go.com\/go\/skoda-roomster\/#breadcrumb"},"inLanguage":"en-US","potentialAction":[{"@type":"ReadAction","target":["https:\/\/o5go.com\/go\/skoda-roomster\/"]}]},{"@type":"BreadcrumbList","@id":"https:\/\/o5go.com\/go\/skoda-roomster\/#breadcrumb","itemListElement":[{"@type":"ListItem","position":1,"name":"Home","item":"https:\/\/o5go.com\/go\/"},{"@type":"ListItem","position":2,"name":"\u0160koda Roomster"}]},{"@type":"WebSite","@id":"https:\/\/o5go.com\/go\/#website","url":"https:\/\/o5go.com\/go\/","name":"Go - o5go.com","description":"o5go.com\/go","potentialAction":[{"@type":"SearchAction","target":{"@type":"EntryPoint","urlTemplate":"https:\/\/o5go.com\/go\/?s={search_term_string}"},"query-input":"required name=search_term_string"}],"inLanguage":"en-US"}]}},"_links":{"self":[{"href":"https:\/\/o5go.com\/go\/wp-json\/wp\/v2\/pages\/122","targetHints":{"allow":["GET"]}}],"collection":[{"href":"https:\/\/o5go.com\/go\/wp-json\/wp\/v2\/pages"}],"about":[{"href":"https:\/\/o5go.com\/go\/wp-json\/wp\/v2\/types\/page"}],"author":[{"embeddable":true,"href":"https:\/\/o5go.com\/go\/wp-json\/wp\/v2\/users\/1"}],"replies":[{"embeddable":true,"href":"https:\/\/o5go.com\/go\/wp-json\/wp\/v2\/comments?post=122"}],"version-history":[{"count":2,"href":"https:\/\/o5go.com\/go\/wp-json\/wp\/v2\/pages\/122\/revisions"}],"predecessor-version":[{"id":124,"href":"https:\/\/o5go.com\/go\/wp-json\/wp\/v2\/pages\/122\/revisions\/124"}],"wp:attachment":[{"href":"https:\/\/o5go.com\/go\/wp-json\/wp\/v2\/media?parent=122"}],"curies":[{"name":"wp","href":"https:\/\/api.w.org\/{rel}","templated":true}]}}