{"id":120,"date":"2021-06-20T12:42:22","date_gmt":"2021-06-20T12:42:22","guid":{"rendered":"https:\/\/o5go.com\/go\/?page_id=120"},"modified":"2021-06-20T12:42:22","modified_gmt":"2021-06-20T12:42:22","slug":"skoda-fabia","status":"publish","type":"page","link":"https:\/\/o5go.com\/go\/skoda-fabia\/","title":{"rendered":"\u0160koda Fabia"},"content":{"rendered":"\n<h2 class=\"wp-block-heading\">\u0160koda Fabia<\/h2>\n\n\n\n<p><a href=\"https:\/\/m.youtube.com\/results?search_query=%C5%A0koda+Fabia\">https:\/\/m.youtube.com\/results?search_query=%C5%A0koda+Fabia<\/a><\/p>\n\n\n\n<p>The \u0160koda Fabia is a supermini car produced by Czech manufacturer \u0160koda Auto since 1999. It is the successor of the \u0160koda Felicia, which was discontinued in 2001. The Fabia was available in hatchback, estate (named Fabia Combi) and saloon (named Fabia Sedan) body styles at launch, and since 2007, the second generation is offered in hatchback and estate versions. The third generation Fabia was launched in 2015, and the fourth in 2021.<\/p>\n\n\n\n<p>View more &#8211; Wikipedia.org:<\/p>\n\n\n\n<p><a href=\"https:\/\/en.m.wikipedia.org\/wiki\/%C5%A0koda_Fabia\">https:\/\/en.m.wikipedia.org\/wiki\/%C5%A0koda_Fabia<\/a><\/p>\n","protected":false},"excerpt":{"rendered":"<p>\u0160koda Fabia https:\/\/m.youtube.com\/results?search_query=%C5%A0koda+Fabia The \u0160koda Fabia is a supermini car produced by Czech manufacturer \u0160koda Auto since 1999. It is the successor of the \u0160koda Felicia, which was discontinued in 2001. The Fabia was available in hatchback, estate (named Fabia Combi) and saloon (named Fabia Sedan) body styles at launch, and since 2007, the second [&hellip;]<\/p>\n","protected":false},"author":1,"featured_media":0,"parent":0,"menu_order":0,"comment_status":"closed","ping_status":"closed","template":"","meta":{"footnotes":""},"class_list":["post-120","page","type-page","status-publish","hentry"],"yoast_head":"<!-- This site is optimized with the Yoast SEO plugin v20.9 - https:\/\/yoast.com\/wordpress\/plugins\/seo\/ -->\n<title>\u0160koda Fabia - Go - o5go.com<\/title>\n<meta name=\"robots\" content=\"index, follow, max-snippet:-1, max-image-preview:large, max-video-preview:-1\" \/>\n<link rel=\"canonical\" href=\"https:\/\/o5go.com\/go\/skoda-fabia\/\" \/>\n<meta property=\"og:locale\" content=\"en_US\" \/>\n<meta property=\"og:type\" content=\"article\" \/>\n<meta property=\"og:title\" content=\"\u0160koda Fabia - Go - o5go.com\" \/>\n<meta property=\"og:description\" content=\"\u0160koda Fabia https:\/\/m.youtube.com\/results?search_query=%C5%A0koda+Fabia The \u0160koda Fabia is a supermini car produced by Czech manufacturer \u0160koda Auto since 1999. It is the successor of the \u0160koda Felicia, which was discontinued in 2001. The Fabia was available in hatchback, estate (named Fabia Combi) and saloon (named Fabia Sedan) body styles at launch, and since 2007, the second [&hellip;]\" \/>\n<meta property=\"og:url\" content=\"https:\/\/o5go.com\/go\/skoda-fabia\/\" \/>\n<meta property=\"og:site_name\" content=\"Go - o5go.com\" \/>\n<meta name=\"twitter:card\" content=\"summary_large_image\" \/>\n<meta name=\"twitter:label1\" content=\"Est. reading time\" \/>\n\t<meta name=\"twitter:data1\" content=\"1 minute\" \/>\n<script type=\"application\/ld+json\" class=\"yoast-schema-graph\">{\"@context\":\"https:\/\/schema.org\",\"@graph\":[{\"@type\":\"WebPage\",\"@id\":\"https:\/\/o5go.com\/go\/skoda-fabia\/\",\"url\":\"https:\/\/o5go.com\/go\/skoda-fabia\/\",\"name\":\"\u0160koda Fabia - Go - o5go.com\",\"isPartOf\":{\"@id\":\"https:\/\/o5go.com\/go\/#website\"},\"datePublished\":\"2021-06-20T12:42:22+00:00\",\"dateModified\":\"2021-06-20T12:42:22+00:00\",\"breadcrumb\":{\"@id\":\"https:\/\/o5go.com\/go\/skoda-fabia\/#breadcrumb\"},\"inLanguage\":\"en-US\",\"potentialAction\":[{\"@type\":\"ReadAction\",\"target\":[\"https:\/\/o5go.com\/go\/skoda-fabia\/\"]}]},{\"@type\":\"BreadcrumbList\",\"@id\":\"https:\/\/o5go.com\/go\/skoda-fabia\/#breadcrumb\",\"itemListElement\":[{\"@type\":\"ListItem\",\"position\":1,\"name\":\"Home\",\"item\":\"https:\/\/o5go.com\/go\/\"},{\"@type\":\"ListItem\",\"position\":2,\"name\":\"\u0160koda Fabia\"}]},{\"@type\":\"WebSite\",\"@id\":\"https:\/\/o5go.com\/go\/#website\",\"url\":\"https:\/\/o5go.com\/go\/\",\"name\":\"Go - o5go.com\",\"description\":\"o5go.com\/go\",\"potentialAction\":[{\"@type\":\"SearchAction\",\"target\":{\"@type\":\"EntryPoint\",\"urlTemplate\":\"https:\/\/o5go.com\/go\/?s={search_term_string}\"},\"query-input\":\"required name=search_term_string\"}],\"inLanguage\":\"en-US\"}]}<\/script>\n<!-- \/ Yoast SEO plugin. -->","yoast_head_json":{"title":"\u0160koda Fabia - Go - o5go.com","robots":{"index":"index","follow":"follow","max-snippet":"max-snippet:-1","max-image-preview":"max-image-preview:large","max-video-preview":"max-video-preview:-1"},"canonical":"https:\/\/o5go.com\/go\/skoda-fabia\/","og_locale":"en_US","og_type":"article","og_title":"\u0160koda Fabia - Go - o5go.com","og_description":"\u0160koda Fabia https:\/\/m.youtube.com\/results?search_query=%C5%A0koda+Fabia The \u0160koda Fabia is a supermini car produced by Czech manufacturer \u0160koda Auto since 1999. It is the successor of the \u0160koda Felicia, which was discontinued in 2001. The Fabia was available in hatchback, estate (named Fabia Combi) and saloon (named Fabia Sedan) body styles at launch, and since 2007, the second [&hellip;]","og_url":"https:\/\/o5go.com\/go\/skoda-fabia\/","og_site_name":"Go - o5go.com","twitter_card":"summary_large_image","twitter_misc":{"Est. reading time":"1 minute"},"schema":{"@context":"https:\/\/schema.org","@graph":[{"@type":"WebPage","@id":"https:\/\/o5go.com\/go\/skoda-fabia\/","url":"https:\/\/o5go.com\/go\/skoda-fabia\/","name":"\u0160koda Fabia - Go - o5go.com","isPartOf":{"@id":"https:\/\/o5go.com\/go\/#website"},"datePublished":"2021-06-20T12:42:22+00:00","dateModified":"2021-06-20T12:42:22+00:00","breadcrumb":{"@id":"https:\/\/o5go.com\/go\/skoda-fabia\/#breadcrumb"},"inLanguage":"en-US","potentialAction":[{"@type":"ReadAction","target":["https:\/\/o5go.com\/go\/skoda-fabia\/"]}]},{"@type":"BreadcrumbList","@id":"https:\/\/o5go.com\/go\/skoda-fabia\/#breadcrumb","itemListElement":[{"@type":"ListItem","position":1,"name":"Home","item":"https:\/\/o5go.com\/go\/"},{"@type":"ListItem","position":2,"name":"\u0160koda Fabia"}]},{"@type":"WebSite","@id":"https:\/\/o5go.com\/go\/#website","url":"https:\/\/o5go.com\/go\/","name":"Go - o5go.com","description":"o5go.com\/go","potentialAction":[{"@type":"SearchAction","target":{"@type":"EntryPoint","urlTemplate":"https:\/\/o5go.com\/go\/?s={search_term_string}"},"query-input":"required name=search_term_string"}],"inLanguage":"en-US"}]}},"_links":{"self":[{"href":"https:\/\/o5go.com\/go\/wp-json\/wp\/v2\/pages\/120","targetHints":{"allow":["GET"]}}],"collection":[{"href":"https:\/\/o5go.com\/go\/wp-json\/wp\/v2\/pages"}],"about":[{"href":"https:\/\/o5go.com\/go\/wp-json\/wp\/v2\/types\/page"}],"author":[{"embeddable":true,"href":"https:\/\/o5go.com\/go\/wp-json\/wp\/v2\/users\/1"}],"replies":[{"embeddable":true,"href":"https:\/\/o5go.com\/go\/wp-json\/wp\/v2\/comments?post=120"}],"version-history":[{"count":1,"href":"https:\/\/o5go.com\/go\/wp-json\/wp\/v2\/pages\/120\/revisions"}],"predecessor-version":[{"id":121,"href":"https:\/\/o5go.com\/go\/wp-json\/wp\/v2\/pages\/120\/revisions\/121"}],"wp:attachment":[{"href":"https:\/\/o5go.com\/go\/wp-json\/wp\/v2\/media?parent=120"}],"curies":[{"name":"wp","href":"https:\/\/api.w.org\/{rel}","templated":true}]}}